{"id":10055,"date":"2024-11-20T10:54:18","date_gmt":"2024-11-20T09:54:18","guid":{"rendered":"https:\/\/www.sereni-d.com\/?post_type=product&#038;p=10055"},"modified":"2026-04-21T13:53:21","modified_gmt":"2026-04-21T11:53:21","slug":"piastrina-repellente-da-viaggio-cimice-da-letto","status":"publish","type":"product","link":"https:\/\/www.sereni-d.com\/it\/produits\/piastrina-repellente-da-viaggio-cimice-da-letto\/","title":{"rendered":"PIASTRINA DA VIAGGIO Repellente Cimici da Letto"},"content":{"rendered":"<p>La <strong>PIASTRINA\u00a0DA VIAGGIO CONTRO LE CIMICI DA LETTO<\/strong> \u00e8 una plachetta pronta all&#8217;uso, specificamente progettata per respingere efficacemente le cimici da letto in modo preventivo.<\/p>\n<p>La sua formula, arricchita con estratti di geraniolo e lavanda, selezionati per le loro potenti propriet\u00e0 repellenti, garantisce un\u2019efficacia preventiva di lunga durata.<\/p>\n<p>Inserita nei vostri bagagli, le sostanze attive della plachetta contro le cimici da letto interferiranno con i recettori olfattivi delle cimici, dissuadendole dal nidificare o deporre le uova.<\/p>\n<p>La plachetta pu\u00f2 essere inserita in borse, zaini o valigie per proteggerli da cimici indesiderate, creando una vera e <strong>propria barriera<\/strong>. La piastrina protegger\u00e0 i vostri effetti personali durante i viaggi o in caso di sospetta infestazione nelle vicinanze.<\/p>\n<p><strong>Garanzia di soddisfazione Sereni-d\u00ae:<\/strong> Se non siete soddisfatti del vostro acquisto, contattateci tramite la pagina dei contatti e vi rimborseremo l\u2019intero importo.<\/p>\n","protected":false},"excerpt":{"rendered":"<ul>\n<li>Placchetta repulsiva viaggio contro le cimici da letto<\/li>\n<li>Allontana le cimici da letto in un contesto preventivo<\/li>\n<li>Protezione durevole, sicura e di lunga durata<\/li>\n<li>Oltre 250.000 clienti Sereni-d\u00ae soddisfatti<\/li>\n<\/ul>\n<p><strong>FORMULA CONCENTRATA \u2013 RISULTATO MASSIMO<\/strong><\/p>\n<p>&nbsp;<\/p>\n","protected":false},"featured_media":10059,"comment_status":"open","ping_status":"closed","template":"","meta":{"_acf_changed":false,"_monsterinsights_skip_tracking":false,"_monsterinsights_sitenote_active":false,"_monsterinsights_sitenote_note":"","_monsterinsights_sitenote_category":0},"product_brand":[],"product_cat":[79],"product_tag":[],"class_list":{"0":"post-10055","1":"product","2":"type-product","3":"status-publish","4":"has-post-thumbnail","6":"product_cat-prodotti","8":"first","9":"instock","10":"taxable","11":"shipping-taxable","12":"purchasable","13":"product-type-simple"},"acf":[],"yoast_head":"<!-- This site is optimized with the Yoast SEO plugin v27.2 - https:\/\/yoast.com\/product\/yoast-seo-wordpress\/ -->\n<title>PIASTRINA DA VIAGGIO anti-cimici da letto con oli essenziali Sereni-d\u00ae<\/title>\n<meta name=\"description\" content=\"PIASTRINA Repellente Cimice da Letto con Estratti di Lavanda e Geraniolo! Protezione da Viaggio da 8 a 12 Settimane - 100% Naturale e a Lunga Durata\" \/>\n<meta name=\"robots\" content=\"index, follow, max-snippet:-1, max-image-preview:large, max-video-preview:-1\" \/>\n<link rel=\"canonical\" href=\"https:\/\/www.sereni-d.com\/it\/produits\/piastrina-repellente-da-viaggio-cimice-da-letto\/\" \/>\n<meta property=\"og:locale\" content=\"it_IT\" \/>\n<meta property=\"og:type\" content=\"article\" \/>\n<meta property=\"og:title\" content=\"PIASTRINA DA VIAGGIO anti-cimici da letto con oli essenziali Sereni-d\u00ae\" \/>\n<meta property=\"og:description\" content=\"PIASTRINA Repellente Cimice da Letto con Estratti di Lavanda e Geraniolo! Protezione da Viaggio da 8 a 12 Settimane - 100% Naturale e a Lunga Durata\" \/>\n<meta property=\"og:url\" content=\"https:\/\/www.sereni-d.com\/it\/produits\/piastrina-repellente-da-viaggio-cimice-da-letto\/\" \/>\n<meta property=\"og:site_name\" content=\"Sereni-d\u00ae\" \/>\n<meta property=\"article:publisher\" content=\"https:\/\/www.facebook.com\/SereniDsante\/\" \/>\n<meta property=\"article:modified_time\" content=\"2026-04-21T11:53:21+00:00\" \/>\n<meta property=\"og:image\" content=\"https:\/\/www.sereni-d.com\/wp-content\/uploads\/2024\/11\/IT_plaquette_voyage_1-scaled.jpg\" \/>\n\t<meta property=\"og:image:width\" content=\"2560\" \/>\n\t<meta property=\"og:image:height\" content=\"2560\" \/>\n\t<meta property=\"og:image:type\" content=\"image\/jpeg\" \/>\n<meta name=\"twitter:card\" content=\"summary_large_image\" \/>\n<meta name=\"twitter:label1\" content=\"Tempo di lettura stimato\" \/>\n\t<meta name=\"twitter:data1\" content=\"1 minuto\" \/>\n<script type=\"application\/ld+json\" class=\"yoast-schema-graph\">{\"@context\":\"https:\/\/schema.org\",\"@graph\":[{\"@type\":\"WebPage\",\"@id\":\"https:\/\/www.sereni-d.com\/it\/produits\/piastrina-repellente-da-viaggio-cimice-da-letto\/\",\"url\":\"https:\/\/www.sereni-d.com\/it\/produits\/piastrina-repellente-da-viaggio-cimice-da-letto\/\",\"name\":\"PIASTRINA DA VIAGGIO anti-cimici da letto con oli essenziali Sereni-d\u00ae\",\"isPartOf\":{\"@id\":\"https:\/\/www.sereni-d.com\/it\/#website\"},\"primaryImageOfPage\":{\"@id\":\"https:\/\/www.sereni-d.com\/it\/produits\/piastrina-repellente-da-viaggio-cimice-da-letto\/#primaryimage\"},\"image\":{\"@id\":\"https:\/\/www.sereni-d.com\/it\/produits\/piastrina-repellente-da-viaggio-cimice-da-letto\/#primaryimage\"},\"thumbnailUrl\":\"https:\/\/www.sereni-d.com\/wp-content\/uploads\/2024\/11\/IT_plaquette_voyage_1-scaled.jpg\",\"datePublished\":\"2024-11-20T09:54:18+00:00\",\"dateModified\":\"2026-04-21T11:53:21+00:00\",\"description\":\"PIASTRINA Repellente Cimice da Letto con Estratti di Lavanda e Geraniolo! Protezione da Viaggio da 8 a 12 Settimane - 100% Naturale e a Lunga Durata\",\"breadcrumb\":{\"@id\":\"https:\/\/www.sereni-d.com\/it\/produits\/piastrina-repellente-da-viaggio-cimice-da-letto\/#breadcrumb\"},\"inLanguage\":\"it-IT\",\"potentialAction\":[{\"@type\":\"ReadAction\",\"target\":[\"https:\/\/www.sereni-d.com\/it\/produits\/piastrina-repellente-da-viaggio-cimice-da-letto\/\"]}]},{\"@type\":\"ImageObject\",\"inLanguage\":\"it-IT\",\"@id\":\"https:\/\/www.sereni-d.com\/it\/produits\/piastrina-repellente-da-viaggio-cimice-da-letto\/#primaryimage\",\"url\":\"https:\/\/www.sereni-d.com\/wp-content\/uploads\/2024\/11\/IT_plaquette_voyage_1-scaled.jpg\",\"contentUrl\":\"https:\/\/www.sereni-d.com\/wp-content\/uploads\/2024\/11\/IT_plaquette_voyage_1-scaled.jpg\",\"width\":2560,\"height\":2560,\"caption\":\"Cimici dei letti piastrina\"},{\"@type\":\"BreadcrumbList\",\"@id\":\"https:\/\/www.sereni-d.com\/it\/produits\/piastrina-repellente-da-viaggio-cimice-da-letto\/#breadcrumb\",\"itemListElement\":[{\"@type\":\"ListItem\",\"position\":1,\"name\":\"Home page\",\"item\":\"https:\/\/www.sereni-d.com\/it\/\"},{\"@type\":\"ListItem\",\"position\":2,\"name\":\"Negozio\",\"item\":\"https:\/\/www.sereni-d.com\/it\/negozio\/\"},{\"@type\":\"ListItem\",\"position\":3,\"name\":\"Punaise de lit\",\"item\":\"https:\/\/www.sereni-d.com\/categories\/punaise-de-lit\/\"},{\"@type\":\"ListItem\",\"position\":4,\"name\":\"Prodotti\",\"item\":\"https:\/\/www.sereni-d.com\/it\/categories\/prodotti\/\"},{\"@type\":\"ListItem\",\"position\":5,\"name\":\"PIASTRINA DA VIAGGIO Repellente Cimici da Letto\"}]},{\"@type\":\"WebSite\",\"@id\":\"https:\/\/www.sereni-d.com\/it\/#website\",\"url\":\"https:\/\/www.sereni-d.com\/it\/\",\"name\":\"Sereni-d\u00ae\",\"description\":\"EXPERT Punaises de Lit - Laboratoire SUISSE - Traitements concentr\u00e9s contres les Punaises de Lit. Protection Longue Dur\u00e9e. Efficacit\u00e9 prouv\u00e9e, r\u00e9sultat maximal. Recommand\u00e9 par les professionnels.\",\"publisher\":{\"@id\":\"https:\/\/www.sereni-d.com\/it\/#organization\"},\"potentialAction\":[{\"@type\":\"SearchAction\",\"target\":{\"@type\":\"EntryPoint\",\"urlTemplate\":\"https:\/\/www.sereni-d.com\/it\/?s={search_term_string}\"},\"query-input\":{\"@type\":\"PropertyValueSpecification\",\"valueRequired\":true,\"valueName\":\"search_term_string\"}}],\"inLanguage\":\"it-IT\"},{\"@type\":\"Organization\",\"@id\":\"https:\/\/www.sereni-d.com\/it\/#organization\",\"name\":\"Sereni-d\",\"url\":\"https:\/\/www.sereni-d.com\/it\/\",\"logo\":{\"@type\":\"ImageObject\",\"inLanguage\":\"it-IT\",\"@id\":\"https:\/\/www.sereni-d.com\/it\/#\/schema\/logo\/image\/\",\"url\":\"\",\"contentUrl\":\"\",\"caption\":\"Sereni-d\"},\"image\":{\"@id\":\"https:\/\/www.sereni-d.com\/it\/#\/schema\/logo\/image\/\"},\"sameAs\":[\"https:\/\/www.facebook.com\/SereniDsante\/\",\"https:\/\/www.instagram.com\/serenidsante\/\"]}]}<\/script>\n<!-- \/ Yoast SEO plugin. -->","yoast_head_json":{"title":"PIASTRINA DA VIAGGIO anti-cimici da letto con oli essenziali Sereni-d\u00ae","description":"PIASTRINA Repellente Cimice da Letto con Estratti di Lavanda e Geraniolo! Protezione da Viaggio da 8 a 12 Settimane - 100% Naturale e a Lunga Durata","robots":{"index":"index","follow":"follow","max-snippet":"max-snippet:-1","max-image-preview":"max-image-preview:large","max-video-preview":"max-video-preview:-1"},"canonical":"https:\/\/www.sereni-d.com\/it\/produits\/piastrina-repellente-da-viaggio-cimice-da-letto\/","og_locale":"it_IT","og_type":"article","og_title":"PIASTRINA DA VIAGGIO anti-cimici da letto con oli essenziali Sereni-d\u00ae","og_description":"PIASTRINA Repellente Cimice da Letto con Estratti di Lavanda e Geraniolo! Protezione da Viaggio da 8 a 12 Settimane - 100% Naturale e a Lunga Durata","og_url":"https:\/\/www.sereni-d.com\/it\/produits\/piastrina-repellente-da-viaggio-cimice-da-letto\/","og_site_name":"Sereni-d\u00ae","article_publisher":"https:\/\/www.facebook.com\/SereniDsante\/","article_modified_time":"2026-04-21T11:53:21+00:00","og_image":[{"width":2560,"height":2560,"url":"https:\/\/www.sereni-d.com\/wp-content\/uploads\/2024\/11\/IT_plaquette_voyage_1-scaled.jpg","type":"image\/jpeg"}],"twitter_card":"summary_large_image","twitter_misc":{"Tempo di lettura stimato":"1 minuto"},"schema":{"@context":"https:\/\/schema.org","@graph":[{"@type":"WebPage","@id":"https:\/\/www.sereni-d.com\/it\/produits\/piastrina-repellente-da-viaggio-cimice-da-letto\/","url":"https:\/\/www.sereni-d.com\/it\/produits\/piastrina-repellente-da-viaggio-cimice-da-letto\/","name":"PIASTRINA DA VIAGGIO anti-cimici da letto con oli essenziali Sereni-d\u00ae","isPartOf":{"@id":"https:\/\/www.sereni-d.com\/it\/#website"},"primaryImageOfPage":{"@id":"https:\/\/www.sereni-d.com\/it\/produits\/piastrina-repellente-da-viaggio-cimice-da-letto\/#primaryimage"},"image":{"@id":"https:\/\/www.sereni-d.com\/it\/produits\/piastrina-repellente-da-viaggio-cimice-da-letto\/#primaryimage"},"thumbnailUrl":"https:\/\/www.sereni-d.com\/wp-content\/uploads\/2024\/11\/IT_plaquette_voyage_1-scaled.jpg","datePublished":"2024-11-20T09:54:18+00:00","dateModified":"2026-04-21T11:53:21+00:00","description":"PIASTRINA Repellente Cimice da Letto con Estratti di Lavanda e Geraniolo! Protezione da Viaggio da 8 a 12 Settimane - 100% Naturale e a Lunga Durata","breadcrumb":{"@id":"https:\/\/www.sereni-d.com\/it\/produits\/piastrina-repellente-da-viaggio-cimice-da-letto\/#breadcrumb"},"inLanguage":"it-IT","potentialAction":[{"@type":"ReadAction","target":["https:\/\/www.sereni-d.com\/it\/produits\/piastrina-repellente-da-viaggio-cimice-da-letto\/"]}]},{"@type":"ImageObject","inLanguage":"it-IT","@id":"https:\/\/www.sereni-d.com\/it\/produits\/piastrina-repellente-da-viaggio-cimice-da-letto\/#primaryimage","url":"https:\/\/www.sereni-d.com\/wp-content\/uploads\/2024\/11\/IT_plaquette_voyage_1-scaled.jpg","contentUrl":"https:\/\/www.sereni-d.com\/wp-content\/uploads\/2024\/11\/IT_plaquette_voyage_1-scaled.jpg","width":2560,"height":2560,"caption":"Cimici dei letti piastrina"},{"@type":"BreadcrumbList","@id":"https:\/\/www.sereni-d.com\/it\/produits\/piastrina-repellente-da-viaggio-cimice-da-letto\/#breadcrumb","itemListElement":[{"@type":"ListItem","position":1,"name":"Home page","item":"https:\/\/www.sereni-d.com\/it\/"},{"@type":"ListItem","position":2,"name":"Negozio","item":"https:\/\/www.sereni-d.com\/it\/negozio\/"},{"@type":"ListItem","position":3,"name":"Punaise de lit","item":"https:\/\/www.sereni-d.com\/categories\/punaise-de-lit\/"},{"@type":"ListItem","position":4,"name":"Prodotti","item":"https:\/\/www.sereni-d.com\/it\/categories\/prodotti\/"},{"@type":"ListItem","position":5,"name":"PIASTRINA DA VIAGGIO Repellente Cimici da Letto"}]},{"@type":"WebSite","@id":"https:\/\/www.sereni-d.com\/it\/#website","url":"https:\/\/www.sereni-d.com\/it\/","name":"Sereni-d\u00ae","description":"EXPERT Punaises de Lit - Laboratoire SUISSE - Traitements concentr\u00e9s contres les Punaises de Lit. Protection Longue Dur\u00e9e. Efficacit\u00e9 prouv\u00e9e, r\u00e9sultat maximal. Recommand\u00e9 par les professionnels.","publisher":{"@id":"https:\/\/www.sereni-d.com\/it\/#organization"},"potentialAction":[{"@type":"SearchAction","target":{"@type":"EntryPoint","urlTemplate":"https:\/\/www.sereni-d.com\/it\/?s={search_term_string}"},"query-input":{"@type":"PropertyValueSpecification","valueRequired":true,"valueName":"search_term_string"}}],"inLanguage":"it-IT"},{"@type":"Organization","@id":"https:\/\/www.sereni-d.com\/it\/#organization","name":"Sereni-d","url":"https:\/\/www.sereni-d.com\/it\/","logo":{"@type":"ImageObject","inLanguage":"it-IT","@id":"https:\/\/www.sereni-d.com\/it\/#\/schema\/logo\/image\/","url":"","contentUrl":"","caption":"Sereni-d"},"image":{"@id":"https:\/\/www.sereni-d.com\/it\/#\/schema\/logo\/image\/"},"sameAs":["https:\/\/www.facebook.com\/SereniDsante\/","https:\/\/www.instagram.com\/serenidsante\/"]}]}},"_links":{"self":[{"href":"https:\/\/www.sereni-d.com\/it\/wp-json\/wp\/v2\/product\/10055","targetHints":{"allow":["GET"]}}],"collection":[{"href":"https:\/\/www.sereni-d.com\/it\/wp-json\/wp\/v2\/product"}],"about":[{"href":"https:\/\/www.sereni-d.com\/it\/wp-json\/wp\/v2\/types\/product"}],"replies":[{"embeddable":true,"href":"https:\/\/www.sereni-d.com\/it\/wp-json\/wp\/v2\/comments?post=10055"}],"wp:featuredmedia":[{"embeddable":true,"href":"https:\/\/www.sereni-d.com\/it\/wp-json\/wp\/v2\/media\/10059"}],"wp:attachment":[{"href":"https:\/\/www.sereni-d.com\/it\/wp-json\/wp\/v2\/media?parent=10055"}],"wp:term":[{"taxonomy":"product_brand","embeddable":true,"href":"https:\/\/www.sereni-d.com\/it\/wp-json\/wp\/v2\/product_brand?post=10055"},{"taxonomy":"product_cat","embeddable":true,"href":"https:\/\/www.sereni-d.com\/it\/wp-json\/wp\/v2\/product_cat?post=10055"},{"taxonomy":"product_tag","embeddable":true,"href":"https:\/\/www.sereni-d.com\/it\/wp-json\/wp\/v2\/product_tag?post=10055"}],"curies":[{"name":"wp","href":"https:\/\/api.w.org\/{rel}","templated":true}]}}