{"id":12638,"date":"2025-03-13T15:23:44","date_gmt":"2025-03-13T14:23:44","guid":{"rendered":"https:\/\/www.sereni-d.com\/?post_type=product&#038;p=12638"},"modified":"2026-05-11T14:17:42","modified_gmt":"2026-05-11T12:17:42","slug":"sos-cimici-dei-letti-pro-concentrato","status":"publish","type":"product","link":"https:\/\/www.sereni-d.com\/it\/produits\/sos-cimici-dei-letti-pro-concentrato\/","title":{"rendered":"SOS PRO Concentrato"},"content":{"rendered":"<p class=\"\" data-start=\"3127\" data-end=\"3306\">Il <strong>SOS PRO Concentrato<\/strong> di Sereni-d \u00e8 un trattamento concentrato da diluire, ispirato alla natura e sviluppato specificamente per combattere le cimici dei letti in modo curativo.<\/p>\n<p class=\"\" data-start=\"3308\" data-end=\"3630\">Il suo estratto di fiore di Piretro vegetale, combinato con il suo sinergizzante di origine vegetale, assicura la <strong>distruzione fulminea<\/strong> delle cimici dei letti in tutte le fasi di sviluppo (dalle larve agli adulti) grazie a un effetto shock sul loro sistema nervoso e sugli esoscheletri, neutralizzandole e disidratandole.<\/p>\n<p class=\"\" data-start=\"3632\" data-end=\"3785\">La sua formula concentrata garantisce <strong>un&#8217;efficacia immediata<\/strong> (in pochi minuti) e di lunga durata (fino a 12 giorni in condizioni ottimali di utilizzo).<\/p>\n<p class=\"\" data-start=\"3787\" data-end=\"4382\">Il flacone da 100mL deve essere diluito con acqua in un nebulizzatore da 5L, permettendo di <strong>trattare una superficie di 100m\u00b2<\/strong>. Spruzzato su tessuti, letti e superfici, le molecole disperse formano una pellicola distruttiva che intossica le cimici dei letti al loro passaggio sulla superficie trattata. Questo trattamento d&#8217;urto deve essere eseguito come parte di un <a href=\"https:\/\/www.sereni-d.com\/it\/i-nostri-consigli\/cimici-da-letto-un-protocollo-passo-dopo-passo-per-intervenire\/\">protocollo completo di disinfestazione<\/a>, dopo aver identificato e valutato l&#8217;infestazione, eliminato il disordine, aspirato, lavato i tessuti a 60\u00b0C e distribuito terra di diatomee dietro i battiscopa e negli angoli del soffitto.<\/p>\n<p class=\"\" data-start=\"4384\" data-end=\"4522\">Il SOS PRO Concentrato \u00e8 il tuo miglior alleato in caso di un&#8217;infestazione estesa o al minimo dubbio sulla presenza di cimici dei letti. \u00c8 adatto per <strong>hotel, professionisti<\/strong> e privati che desiderano trattare grandi superfici.<\/p>\n<p class=\"\" data-start=\"4524\" data-end=\"4684\"><strong data-start=\"4524\" data-end=\"4564\">Garanzia di soddisfazione Sereni-d\u00ae:<\/strong> Se non sei soddisfatto del tuo acquisto, contattaci tramite la <a href=\"https:\/\/www.sereni-d.com\/it\/contatti\/\">pagina di contatto<\/a> e ti rimborseremo l&#8217;intero importo.<\/p>\n","protected":false},"excerpt":{"rendered":"<p align=\"justify\">\u2022 Trattamento professionale concentrato contro le cimici da letto<br \/>\n\u2022 Elimina le cimici da letto negli stadi di larva e adulto<br \/>\n\u2022 100m\u00b2 di superficie trattata<br \/>\n\u2022 Oltre 200.000 clienti Sereni-d\u00ae soddisfatti<\/p>\n<p align=\"justify\"><strong>FORMULA CONCENTRATA \u2013 MASSIMO RISULTATO<\/strong><\/p>\n","protected":false},"featured_media":12644,"comment_status":"open","ping_status":"closed","template":"","meta":{"_acf_changed":false,"_monsterinsights_skip_tracking":false,"_monsterinsights_sitenote_active":false,"_monsterinsights_sitenote_note":"","_monsterinsights_sitenote_category":0},"product_brand":[],"product_cat":[79],"product_tag":[],"class_list":{"0":"post-12638","1":"product","2":"type-product","3":"status-publish","4":"has-post-thumbnail","6":"product_cat-prodotti","8":"first","9":"instock","10":"taxable","11":"shipping-taxable","12":"purchasable","13":"product-type-simple"},"acf":[],"yoast_head":"<!-- This site is optimized with the Yoast SEO plugin v27.4 - https:\/\/yoast.com\/product\/yoast-seo-wordpress\/ -->\n<title>Trattamento cimici dei letti SOS PRO Concentrato Sereni-d\u00ae<\/title>\n<meta name=\"description\" content=\"Trattamento professionale contro le cimici dei letti. Concentrato da diluire, un flacone da 100 mL = 5 L = 100 m\u00b2 di superficie trattata.\" \/>\n<meta name=\"robots\" content=\"index, follow, max-snippet:-1, max-image-preview:large, max-video-preview:-1\" \/>\n<link rel=\"canonical\" href=\"https:\/\/www.sereni-d.com\/it\/produits\/sos-cimici-dei-letti-pro-concentrato\/\" \/>\n<meta property=\"og:locale\" content=\"it_IT\" \/>\n<meta property=\"og:type\" content=\"article\" \/>\n<meta property=\"og:title\" content=\"Trattamento cimici dei letti SOS PRO Concentrato Sereni-d\u00ae\" \/>\n<meta property=\"og:description\" content=\"Trattamento professionale contro le cimici dei letti. Concentrato da diluire, un flacone da 100 mL = 5 L = 100 m\u00b2 di superficie trattata.\" \/>\n<meta property=\"og:url\" content=\"https:\/\/www.sereni-d.com\/it\/produits\/sos-cimici-dei-letti-pro-concentrato\/\" \/>\n<meta property=\"og:site_name\" content=\"Sereni-d\u00ae\" \/>\n<meta property=\"article:publisher\" content=\"https:\/\/www.facebook.com\/SereniDsante\/\" \/>\n<meta property=\"article:modified_time\" content=\"2026-05-11T12:17:42+00:00\" \/>\n<meta property=\"og:image\" content=\"https:\/\/www.sereni-d.com\/wp-content\/uploads\/2025\/03\/image_SOS_pro-1-scaled.jpg\" \/>\n\t<meta property=\"og:image:width\" content=\"2560\" \/>\n\t<meta property=\"og:image:height\" content=\"2560\" \/>\n\t<meta property=\"og:image:type\" content=\"image\/jpeg\" \/>\n<meta name=\"twitter:card\" content=\"summary_large_image\" \/>\n<meta name=\"twitter:label1\" content=\"Tempo di lettura stimato\" \/>\n\t<meta name=\"twitter:data1\" content=\"2 minuti\" \/>\n<script type=\"application\/ld+json\" class=\"yoast-schema-graph\">{\"@context\":\"https:\\\/\\\/schema.org\",\"@graph\":[{\"@type\":\"WebPage\",\"@id\":\"https:\\\/\\\/www.sereni-d.com\\\/it\\\/produits\\\/sos-cimici-dei-letti-pro-concentrato\\\/\",\"url\":\"https:\\\/\\\/www.sereni-d.com\\\/it\\\/produits\\\/sos-cimici-dei-letti-pro-concentrato\\\/\",\"name\":\"Trattamento cimici dei letti SOS PRO Concentrato Sereni-d\u00ae\",\"isPartOf\":{\"@id\":\"https:\\\/\\\/www.sereni-d.com\\\/it\\\/#website\"},\"primaryImageOfPage\":{\"@id\":\"https:\\\/\\\/www.sereni-d.com\\\/it\\\/produits\\\/sos-cimici-dei-letti-pro-concentrato\\\/#primaryimage\"},\"image\":{\"@id\":\"https:\\\/\\\/www.sereni-d.com\\\/it\\\/produits\\\/sos-cimici-dei-letti-pro-concentrato\\\/#primaryimage\"},\"thumbnailUrl\":\"https:\\\/\\\/www.sereni-d.com\\\/wp-content\\\/uploads\\\/2025\\\/04\\\/SOS_pro_IT_1.jpg\",\"datePublished\":\"2025-03-13T14:23:44+00:00\",\"dateModified\":\"2026-05-11T12:17:42+00:00\",\"description\":\"Trattamento professionale contro le cimici dei letti. Concentrato da diluire, un flacone da 100 mL = 5 L = 100 m\u00b2 di superficie trattata.\",\"breadcrumb\":{\"@id\":\"https:\\\/\\\/www.sereni-d.com\\\/it\\\/produits\\\/sos-cimici-dei-letti-pro-concentrato\\\/#breadcrumb\"},\"inLanguage\":\"it-IT\",\"potentialAction\":[{\"@type\":\"ReadAction\",\"target\":[\"https:\\\/\\\/www.sereni-d.com\\\/it\\\/produits\\\/sos-cimici-dei-letti-pro-concentrato\\\/\"]}]},{\"@type\":\"ImageObject\",\"inLanguage\":\"it-IT\",\"@id\":\"https:\\\/\\\/www.sereni-d.com\\\/it\\\/produits\\\/sos-cimici-dei-letti-pro-concentrato\\\/#primaryimage\",\"url\":\"https:\\\/\\\/www.sereni-d.com\\\/wp-content\\\/uploads\\\/2025\\\/04\\\/SOS_pro_IT_1.jpg\",\"contentUrl\":\"https:\\\/\\\/www.sereni-d.com\\\/wp-content\\\/uploads\\\/2025\\\/04\\\/SOS_pro_IT_1.jpg\",\"width\":2500,\"height\":2500,\"caption\":\"SOS PRO Concentr\u00e9\"},{\"@type\":\"BreadcrumbList\",\"@id\":\"https:\\\/\\\/www.sereni-d.com\\\/it\\\/produits\\\/sos-cimici-dei-letti-pro-concentrato\\\/#breadcrumb\",\"itemListElement\":[{\"@type\":\"ListItem\",\"position\":1,\"name\":\"Home page\",\"item\":\"https:\\\/\\\/www.sereni-d.com\\\/it\\\/\"},{\"@type\":\"ListItem\",\"position\":2,\"name\":\"Negozio\",\"item\":\"https:\\\/\\\/www.sereni-d.com\\\/it\\\/negozio\\\/\"},{\"@type\":\"ListItem\",\"position\":3,\"name\":\"Punaise de lit\",\"item\":\"https:\\\/\\\/www.sereni-d.com\\\/categories\\\/punaise-de-lit\\\/\"},{\"@type\":\"ListItem\",\"position\":4,\"name\":\"Prodotti\",\"item\":\"https:\\\/\\\/www.sereni-d.com\\\/it\\\/categories\\\/prodotti\\\/\"},{\"@type\":\"ListItem\",\"position\":5,\"name\":\"SOS PRO Concentrato\"}]},{\"@type\":\"WebSite\",\"@id\":\"https:\\\/\\\/www.sereni-d.com\\\/it\\\/#website\",\"url\":\"https:\\\/\\\/www.sereni-d.com\\\/it\\\/\",\"name\":\"Sereni-d\u00ae\",\"description\":\"EXPERT Punaises de Lit - Laboratoire SUISSE - Traitements concentr\u00e9s contres les Punaises de Lit. Protection Longue Dur\u00e9e. Efficacit\u00e9 prouv\u00e9e, r\u00e9sultat maximal. Recommand\u00e9 par les professionnels.\",\"publisher\":{\"@id\":\"https:\\\/\\\/www.sereni-d.com\\\/it\\\/#organization\"},\"potentialAction\":[{\"@type\":\"SearchAction\",\"target\":{\"@type\":\"EntryPoint\",\"urlTemplate\":\"https:\\\/\\\/www.sereni-d.com\\\/it\\\/?s={search_term_string}\"},\"query-input\":{\"@type\":\"PropertyValueSpecification\",\"valueRequired\":true,\"valueName\":\"search_term_string\"}}],\"inLanguage\":\"it-IT\"},{\"@type\":\"Organization\",\"@id\":\"https:\\\/\\\/www.sereni-d.com\\\/it\\\/#organization\",\"name\":\"Sereni-d\",\"url\":\"https:\\\/\\\/www.sereni-d.com\\\/it\\\/\",\"logo\":{\"@type\":\"ImageObject\",\"inLanguage\":\"it-IT\",\"@id\":\"https:\\\/\\\/www.sereni-d.com\\\/it\\\/#\\\/schema\\\/logo\\\/image\\\/\",\"url\":\"\",\"contentUrl\":\"\",\"caption\":\"Sereni-d\"},\"image\":{\"@id\":\"https:\\\/\\\/www.sereni-d.com\\\/it\\\/#\\\/schema\\\/logo\\\/image\\\/\"},\"sameAs\":[\"https:\\\/\\\/www.facebook.com\\\/SereniDsante\\\/\",\"https:\\\/\\\/www.instagram.com\\\/serenidsante\\\/\"]}]}<\/script>\n<!-- \/ Yoast SEO plugin. -->","yoast_head_json":{"title":"Trattamento cimici dei letti SOS PRO Concentrato Sereni-d\u00ae","description":"Trattamento professionale contro le cimici dei letti. Concentrato da diluire, un flacone da 100 mL = 5 L = 100 m\u00b2 di superficie trattata.","robots":{"index":"index","follow":"follow","max-snippet":"max-snippet:-1","max-image-preview":"max-image-preview:large","max-video-preview":"max-video-preview:-1"},"canonical":"https:\/\/www.sereni-d.com\/it\/produits\/sos-cimici-dei-letti-pro-concentrato\/","og_locale":"it_IT","og_type":"article","og_title":"Trattamento cimici dei letti SOS PRO Concentrato Sereni-d\u00ae","og_description":"Trattamento professionale contro le cimici dei letti. Concentrato da diluire, un flacone da 100 mL = 5 L = 100 m\u00b2 di superficie trattata.","og_url":"https:\/\/www.sereni-d.com\/it\/produits\/sos-cimici-dei-letti-pro-concentrato\/","og_site_name":"Sereni-d\u00ae","article_publisher":"https:\/\/www.facebook.com\/SereniDsante\/","article_modified_time":"2026-05-11T12:17:42+00:00","og_image":[{"width":2560,"height":2560,"url":"https:\/\/www.sereni-d.com\/wp-content\/uploads\/2025\/03\/image_SOS_pro-1-scaled.jpg","type":"image\/jpeg"}],"twitter_card":"summary_large_image","twitter_misc":{"Tempo di lettura stimato":"2 minuti"},"schema":{"@context":"https:\/\/schema.org","@graph":[{"@type":"WebPage","@id":"https:\/\/www.sereni-d.com\/it\/produits\/sos-cimici-dei-letti-pro-concentrato\/","url":"https:\/\/www.sereni-d.com\/it\/produits\/sos-cimici-dei-letti-pro-concentrato\/","name":"Trattamento cimici dei letti SOS PRO Concentrato Sereni-d\u00ae","isPartOf":{"@id":"https:\/\/www.sereni-d.com\/it\/#website"},"primaryImageOfPage":{"@id":"https:\/\/www.sereni-d.com\/it\/produits\/sos-cimici-dei-letti-pro-concentrato\/#primaryimage"},"image":{"@id":"https:\/\/www.sereni-d.com\/it\/produits\/sos-cimici-dei-letti-pro-concentrato\/#primaryimage"},"thumbnailUrl":"https:\/\/www.sereni-d.com\/wp-content\/uploads\/2025\/04\/SOS_pro_IT_1.jpg","datePublished":"2025-03-13T14:23:44+00:00","dateModified":"2026-05-11T12:17:42+00:00","description":"Trattamento professionale contro le cimici dei letti. Concentrato da diluire, un flacone da 100 mL = 5 L = 100 m\u00b2 di superficie trattata.","breadcrumb":{"@id":"https:\/\/www.sereni-d.com\/it\/produits\/sos-cimici-dei-letti-pro-concentrato\/#breadcrumb"},"inLanguage":"it-IT","potentialAction":[{"@type":"ReadAction","target":["https:\/\/www.sereni-d.com\/it\/produits\/sos-cimici-dei-letti-pro-concentrato\/"]}]},{"@type":"ImageObject","inLanguage":"it-IT","@id":"https:\/\/www.sereni-d.com\/it\/produits\/sos-cimici-dei-letti-pro-concentrato\/#primaryimage","url":"https:\/\/www.sereni-d.com\/wp-content\/uploads\/2025\/04\/SOS_pro_IT_1.jpg","contentUrl":"https:\/\/www.sereni-d.com\/wp-content\/uploads\/2025\/04\/SOS_pro_IT_1.jpg","width":2500,"height":2500,"caption":"SOS PRO Concentr\u00e9"},{"@type":"BreadcrumbList","@id":"https:\/\/www.sereni-d.com\/it\/produits\/sos-cimici-dei-letti-pro-concentrato\/#breadcrumb","itemListElement":[{"@type":"ListItem","position":1,"name":"Home page","item":"https:\/\/www.sereni-d.com\/it\/"},{"@type":"ListItem","position":2,"name":"Negozio","item":"https:\/\/www.sereni-d.com\/it\/negozio\/"},{"@type":"ListItem","position":3,"name":"Punaise de lit","item":"https:\/\/www.sereni-d.com\/categories\/punaise-de-lit\/"},{"@type":"ListItem","position":4,"name":"Prodotti","item":"https:\/\/www.sereni-d.com\/it\/categories\/prodotti\/"},{"@type":"ListItem","position":5,"name":"SOS PRO Concentrato"}]},{"@type":"WebSite","@id":"https:\/\/www.sereni-d.com\/it\/#website","url":"https:\/\/www.sereni-d.com\/it\/","name":"Sereni-d\u00ae","description":"EXPERT Punaises de Lit - Laboratoire SUISSE - Traitements concentr\u00e9s contres les Punaises de Lit. Protection Longue Dur\u00e9e. Efficacit\u00e9 prouv\u00e9e, r\u00e9sultat maximal. Recommand\u00e9 par les professionnels.","publisher":{"@id":"https:\/\/www.sereni-d.com\/it\/#organization"},"potentialAction":[{"@type":"SearchAction","target":{"@type":"EntryPoint","urlTemplate":"https:\/\/www.sereni-d.com\/it\/?s={search_term_string}"},"query-input":{"@type":"PropertyValueSpecification","valueRequired":true,"valueName":"search_term_string"}}],"inLanguage":"it-IT"},{"@type":"Organization","@id":"https:\/\/www.sereni-d.com\/it\/#organization","name":"Sereni-d","url":"https:\/\/www.sereni-d.com\/it\/","logo":{"@type":"ImageObject","inLanguage":"it-IT","@id":"https:\/\/www.sereni-d.com\/it\/#\/schema\/logo\/image\/","url":"","contentUrl":"","caption":"Sereni-d"},"image":{"@id":"https:\/\/www.sereni-d.com\/it\/#\/schema\/logo\/image\/"},"sameAs":["https:\/\/www.facebook.com\/SereniDsante\/","https:\/\/www.instagram.com\/serenidsante\/"]}]}},"_links":{"self":[{"href":"https:\/\/www.sereni-d.com\/it\/wp-json\/wp\/v2\/product\/12638","targetHints":{"allow":["GET"]}}],"collection":[{"href":"https:\/\/www.sereni-d.com\/it\/wp-json\/wp\/v2\/product"}],"about":[{"href":"https:\/\/www.sereni-d.com\/it\/wp-json\/wp\/v2\/types\/product"}],"replies":[{"embeddable":true,"href":"https:\/\/www.sereni-d.com\/it\/wp-json\/wp\/v2\/comments?post=12638"}],"wp:featuredmedia":[{"embeddable":true,"href":"https:\/\/www.sereni-d.com\/it\/wp-json\/wp\/v2\/media\/12644"}],"wp:attachment":[{"href":"https:\/\/www.sereni-d.com\/it\/wp-json\/wp\/v2\/media?parent=12638"}],"wp:term":[{"taxonomy":"product_brand","embeddable":true,"href":"https:\/\/www.sereni-d.com\/it\/wp-json\/wp\/v2\/product_brand?post=12638"},{"taxonomy":"product_cat","embeddable":true,"href":"https:\/\/www.sereni-d.com\/it\/wp-json\/wp\/v2\/product_cat?post=12638"},{"taxonomy":"product_tag","embeddable":true,"href":"https:\/\/www.sereni-d.com\/it\/wp-json\/wp\/v2\/product_tag?post=12638"}],"curies":[{"name":"wp","href":"https:\/\/api.w.org\/{rel}","templated":true}]}}