{"id":12809,"date":"2025-03-20T10:04:24","date_gmt":"2025-03-20T09:04:24","guid":{"rendered":"https:\/\/www.sereni-d.com\/?post_type=product&#038;p=12809"},"modified":"2026-04-16T04:53:30","modified_gmt":"2026-04-16T02:53:30","slug":"terra-diatomee-polvere-cimici-dei-letti","status":"publish","type":"product","link":"https:\/\/www.sereni-d.com\/it\/produits\/terra-diatomee-polvere-cimici-dei-letti\/","title":{"rendered":"Terra di Diatomacea in Polvere Cimici dei Letti"},"content":{"rendered":"<p class=\"\" data-start=\"20\" data-end=\"281\"><strong data-start=\"20\" data-end=\"68\">TERRA DIATOMACEA in Polvere CIMICI DEI LETTI<\/strong> \u00e8 una <strong data-start=\"75\" data-end=\"95\">terra diatomacea<\/strong> pronta all\u2019uso e facile da applicare. Ispirata alla natura, \u00e8 stata sviluppata appositamente per combattere le <strong data-start=\"207\" data-end=\"227\">cimici dei letti<\/strong> sia in un contesto <strong data-start=\"247\" data-end=\"261\">preventivo<\/strong> che <strong data-start=\"266\" data-end=\"278\">curativo<\/strong>.<\/p>\n<p class=\"\" data-start=\"283\" data-end=\"811\">La <strong data-start=\"286\" data-end=\"306\">terra diatomacea<\/strong> \u00e8 composta da fossili di alghe microscopiche e garantisce la distruzione delle <strong data-start=\"386\" data-end=\"406\">cimici dei letti<\/strong> in tutte le fasi di sviluppo (dalle ninfe immature agli adulti) grazie a un <strong data-start=\"483\" data-end=\"503\">effetto abrasivo<\/strong> e un\u2019<strong data-start=\"509\" data-end=\"532\">azione disidratante<\/strong>. Le <strong data-start=\"537\" data-end=\"557\">cimici dei letti<\/strong> si ricoprono di polvere di <strong data-start=\"585\" data-end=\"605\">terra diatomacea<\/strong> attraverso i loro stessi movimenti. L\u2019elevato <strong data-start=\"652\" data-end=\"673\">potere assorbente<\/strong> della polvere elimina i lipidi della cuticola, provocando la <strong data-start=\"735\" data-end=\"753\">disidratazione<\/strong> degli insetti, che muoiono rapidamente entro poche ore.<\/p>\n<p class=\"\" data-start=\"813\" data-end=\"1449\">La <strong data-start=\"816\" data-end=\"836\">terra diatomacea<\/strong> ha un\u2019<strong data-start=\"843\" data-end=\"866\">efficacia immediata<\/strong> (poche ore) e <strong data-start=\"881\" data-end=\"900\">di lunga durata<\/strong> (fino a diversi mesi in condizioni ottimali, ovvero senza umidit\u00e0 n\u00e9 aspirazione). Con la sua <strong data-start=\"995\" data-end=\"1019\">omologazione biocida<\/strong>, garantisce un contenuto di <strong data-start=\"1048\" data-end=\"1065\">silice (SiO2)<\/strong> di almeno il 90%, conferendole un <strong data-start=\"1100\" data-end=\"1131\">alto potere di assorbimento<\/strong> e un\u2019efficacia superiore contro le <strong data-start=\"1167\" data-end=\"1187\">cimici dei letti<\/strong>. Questo \u00e8 ci\u00f2 che la distingue dalla <strong data-start=\"1225\" data-end=\"1245\">terra diatomacea<\/strong> non biocida o alimentare, che contiene meno <strong data-start=\"1290\" data-end=\"1300\">silice<\/strong>, ha particelle di dimensioni maggiori e, di conseguenza, un <strong data-start=\"1361\" data-end=\"1392\">potere disidratante ridotto<\/strong>, risultando inefficace contro le <strong data-start=\"1426\" data-end=\"1446\">cimici dei letti<\/strong>.<\/p>\n<p class=\"\" data-start=\"1451\" data-end=\"1880\">Applicata dietro i battiscopa, nei controsoffitti, nelle canaline e dietro le pareti, la <strong data-start=\"1540\" data-end=\"1560\">terra diatomacea<\/strong> agisce in profondit\u00e0, aderendo al guscio delle <strong data-start=\"1608\" data-end=\"1628\">cimici dei letti<\/strong> e causandone la morte al contatto con le superfici trattate, grazie alla loro <strong data-start=\"1707\" data-end=\"1725\">disidratazione<\/strong>. La polvere di <strong data-start=\"1741\" data-end=\"1761\">terra diatomacea<\/strong> \u00e8 complementare all\u2019<strong data-start=\"1782\" data-end=\"1793\">aerosol<\/strong>, che \u00e8 pi\u00f9 adatto alle piccole fessure, agli angoli e ai bordi di pareti e soffitti.<\/p>\n<p class=\"\" data-start=\"1882\" data-end=\"2185\">La <strong data-start=\"1885\" data-end=\"1916\">TERRA DIATOMACEA in Polvere<\/strong> \u00e8 una <strong data-start=\"1923\" data-end=\"1950\">soluzione professionale<\/strong> per l\u2019eliminazione delle <strong data-start=\"1976\" data-end=\"1996\">cimici dei letti<\/strong>, che non induce resistenza. \u00c8 efficace anche contro altri <strong data-start=\"2055\" data-end=\"2078\">insetti striscianti<\/strong> presenti in casa, come <strong data-start=\"2102\" data-end=\"2169\">formiche, ragni, acari, pulci, pesciolini d\u2019argento, scarafaggi<\/strong> e <strong data-start=\"2172\" data-end=\"2182\">blatte<\/strong>.<\/p>\n<p class=\"\" data-start=\"2187\" data-end=\"2894\">La <strong data-start=\"2190\" data-end=\"2210\">TERRA DIATOMACEA<\/strong> \u00e8 il vostro miglior alleato nella <strong data-start=\"2245\" data-end=\"2260\">prevenzione<\/strong>, in caso di <strong data-start=\"2273\" data-end=\"2289\">infestazione<\/strong> o al minimo dubbio sulla presenza di <strong data-start=\"2327\" data-end=\"2347\">cimici dei letti<\/strong>. In caso di <strong data-start=\"2360\" data-end=\"2376\">infestazione<\/strong>, rappresenta un\u2019<strong data-start=\"2393\" data-end=\"2432\">alternativa meccanica di precisione<\/strong> ai trattamenti chimici ed \u00e8 complementare ad essi. Si utilizza in combinazione con l\u2019<a href=\"https:\/\/www.sereni-d.com\/it\/produits\/terra-di-diatomee-cimici-dei-letti\/\"><strong data-start=\"2518\" data-end=\"2549\">aerosol Terra di Diatomacea<\/strong><\/a>, lo <a href=\"https:\/\/www.sereni-d.com\/it\/produits\/sos-cimici-da-letto-xxl\/\"><strong data-start=\"2554\" data-end=\"2567\">spray SOS<\/strong><\/a> e l\u2019<a href=\"https:\/\/www.sereni-d.com\/it\/produits\/freeze-cimici-dei-letti\/\"><strong data-start=\"2572\" data-end=\"2590\">aerosol FREEZE<\/strong><\/a>. In un contesto <strong data-start=\"2607\" data-end=\"2621\">preventivo<\/strong>, applicata nei punti strategici, la <strong data-start=\"2658\" data-end=\"2678\">terra diatomacea<\/strong> creer\u00e0 una vera e propria <strong data-start=\"2705\" data-end=\"2728\">barriera protettiva<\/strong> contro le <strong data-start=\"2739\" data-end=\"2759\">cimici dei letti<\/strong>. La polvere di <strong data-start=\"2775\" data-end=\"2804\">TERRA DIATOMACEA Sereni-d<\/strong> consente un\u2019applicazione localizzata ed \u00e8 ideale per eliminare le <strong data-start=\"2871\" data-end=\"2891\">cimici dei letti<\/strong>.<\/p>\n<p class=\"\" data-start=\"2896\" data-end=\"3067\"><strong data-start=\"2896\" data-end=\"2936\">Garanzia di soddisfazione Sereni-d\u00ae:<\/strong> Se non siete soddisfatti del vostro acquisto, contattateci tramite la <a href=\"https:\/\/www.sereni-d.com\/it\/contatti\/\">pagina di <strong data-start=\"3017\" data-end=\"3029\">contatto<\/strong><\/a> e vi rimborseremo l\u2019importo totale.<\/p>\n","protected":false},"excerpt":{"rendered":"<p align=\"justify\">\u2022 Polvere preventiva e curativa contro le cimici dei letti<br \/>\n\u2022 Elimina e previene il 100% delle cimici dei letti (ninfe, adulti)<br \/>\n\u2022 Protezione immediata, a lunga durata (fino a 3 settimane).<br \/>\n\u2022 Pi\u00f9 di 200.000 clienti soddisfatti di Sereni-d\u00ae.<\/p>\n<p align=\"justify\"><strong>FORMULA CONCENTRATA \u2013 MASSIMO RISULTATO<\/strong><\/p>\n","protected":false},"featured_media":12815,"comment_status":"open","ping_status":"closed","template":"","meta":{"_acf_changed":false,"_monsterinsights_skip_tracking":false,"_monsterinsights_sitenote_active":false,"_monsterinsights_sitenote_note":"","_monsterinsights_sitenote_category":0},"product_brand":[],"product_cat":[79],"product_tag":[],"class_list":{"0":"post-12809","1":"product","2":"type-product","3":"status-publish","4":"has-post-thumbnail","6":"product_cat-prodotti","8":"first","9":"instock","10":"taxable","11":"shipping-taxable","12":"purchasable","13":"product-type-simple"},"acf":[],"yoast_head":"<!-- This site is optimized with the Yoast SEO plugin v27.2 - https:\/\/yoast.com\/product\/yoast-seo-wordpress\/ -->\n<title>Polvere di Terra di Diatomee Trattamento Cimici dei Letti- Sereni-d\u00ae<\/title>\n<meta name=\"description\" content=\"La polvere di terra di diatomee aiuta a eliminare le cimici dei letti. \u00c8 complementare ai trattamenti chimici e alle misure meccaniche.\" \/>\n<meta name=\"robots\" content=\"index, follow, max-snippet:-1, max-image-preview:large, max-video-preview:-1\" \/>\n<link rel=\"canonical\" href=\"https:\/\/www.sereni-d.com\/it\/produits\/terra-diatomee-polvere-cimici-dei-letti\/\" \/>\n<meta property=\"og:locale\" content=\"it_IT\" \/>\n<meta property=\"og:type\" content=\"article\" \/>\n<meta property=\"og:title\" content=\"Polvere di Terra di Diatomee Trattamento Cimici dei Letti- Sereni-d\u00ae\" \/>\n<meta property=\"og:description\" content=\"La polvere di terra di diatomee aiuta a eliminare le cimici dei letti. \u00c8 complementare ai trattamenti chimici e alle misure meccaniche.\" \/>\n<meta property=\"og:url\" content=\"https:\/\/www.sereni-d.com\/it\/produits\/terra-diatomee-polvere-cimici-dei-letti\/\" \/>\n<meta property=\"og:site_name\" content=\"Sereni-d\u00ae\" \/>\n<meta property=\"article:publisher\" content=\"https:\/\/www.facebook.com\/SereniDsante\/\" \/>\n<meta property=\"article:modified_time\" content=\"2026-04-16T02:53:30+00:00\" \/>\n<meta property=\"og:image\" content=\"https:\/\/www.sereni-d.com\/wp-content\/uploads\/2025\/03\/image_Sachet_diatomee-1-scaled.jpg\" \/>\n\t<meta property=\"og:image:width\" content=\"2560\" \/>\n\t<meta property=\"og:image:height\" content=\"2560\" \/>\n\t<meta property=\"og:image:type\" content=\"image\/jpeg\" \/>\n<meta name=\"twitter:card\" content=\"summary_large_image\" \/>\n<meta name=\"twitter:label1\" content=\"Tempo di lettura stimato\" \/>\n\t<meta name=\"twitter:data1\" content=\"3 minuti\" \/>\n<script type=\"application\/ld+json\" class=\"yoast-schema-graph\">{\"@context\":\"https:\/\/schema.org\",\"@graph\":[{\"@type\":\"WebPage\",\"@id\":\"https:\/\/www.sereni-d.com\/it\/produits\/terra-diatomee-polvere-cimici-dei-letti\/\",\"url\":\"https:\/\/www.sereni-d.com\/it\/produits\/terra-diatomee-polvere-cimici-dei-letti\/\",\"name\":\"Polvere di Terra di Diatomee Trattamento Cimici dei Letti- Sereni-d\u00ae\",\"isPartOf\":{\"@id\":\"https:\/\/www.sereni-d.com\/it\/#website\"},\"primaryImageOfPage\":{\"@id\":\"https:\/\/www.sereni-d.com\/it\/produits\/terra-diatomee-polvere-cimici-dei-letti\/#primaryimage\"},\"image\":{\"@id\":\"https:\/\/www.sereni-d.com\/it\/produits\/terra-diatomee-polvere-cimici-dei-letti\/#primaryimage\"},\"thumbnailUrl\":\"https:\/\/www.sereni-d.com\/wp-content\/uploads\/2025\/04\/Sachet-diatomee_IT_1.jpg\",\"datePublished\":\"2025-03-20T09:04:24+00:00\",\"dateModified\":\"2026-04-16T02:53:30+00:00\",\"description\":\"La polvere di terra di diatomee aiuta a eliminare le cimici dei letti. \u00c8 complementare ai trattamenti chimici e alle misure meccaniche.\",\"breadcrumb\":{\"@id\":\"https:\/\/www.sereni-d.com\/it\/produits\/terra-diatomee-polvere-cimici-dei-letti\/#breadcrumb\"},\"inLanguage\":\"it-IT\",\"potentialAction\":[{\"@type\":\"ReadAction\",\"target\":[\"https:\/\/www.sereni-d.com\/it\/produits\/terra-diatomee-polvere-cimici-dei-letti\/\"]}]},{\"@type\":\"ImageObject\",\"inLanguage\":\"it-IT\",\"@id\":\"https:\/\/www.sereni-d.com\/it\/produits\/terra-diatomee-polvere-cimici-dei-letti\/#primaryimage\",\"url\":\"https:\/\/www.sereni-d.com\/wp-content\/uploads\/2025\/04\/Sachet-diatomee_IT_1.jpg\",\"contentUrl\":\"https:\/\/www.sereni-d.com\/wp-content\/uploads\/2025\/04\/Sachet-diatomee_IT_1.jpg\",\"width\":2500,\"height\":2500,\"caption\":\"Traitement punaise de lit professionnel\"},{\"@type\":\"BreadcrumbList\",\"@id\":\"https:\/\/www.sereni-d.com\/it\/produits\/terra-diatomee-polvere-cimici-dei-letti\/#breadcrumb\",\"itemListElement\":[{\"@type\":\"ListItem\",\"position\":1,\"name\":\"Home page\",\"item\":\"https:\/\/www.sereni-d.com\/it\/\"},{\"@type\":\"ListItem\",\"position\":2,\"name\":\"Negozio\",\"item\":\"https:\/\/www.sereni-d.com\/it\/negozio\/\"},{\"@type\":\"ListItem\",\"position\":3,\"name\":\"Prodotti\",\"item\":\"https:\/\/www.sereni-d.com\/it\/categories\/prodotti\/\"},{\"@type\":\"ListItem\",\"position\":4,\"name\":\"Terra di Diatomacea in Polvere Cimici dei Letti\"}]},{\"@type\":\"WebSite\",\"@id\":\"https:\/\/www.sereni-d.com\/it\/#website\",\"url\":\"https:\/\/www.sereni-d.com\/it\/\",\"name\":\"Sereni-d\u00ae\",\"description\":\"EXPERT Punaises de Lit - Laboratoire SUISSE - Traitements concentr\u00e9s contres les Punaises de Lit. Protection Longue Dur\u00e9e. Efficacit\u00e9 prouv\u00e9e, r\u00e9sultat maximal. Recommand\u00e9 par les professionnels.\",\"publisher\":{\"@id\":\"https:\/\/www.sereni-d.com\/it\/#organization\"},\"potentialAction\":[{\"@type\":\"SearchAction\",\"target\":{\"@type\":\"EntryPoint\",\"urlTemplate\":\"https:\/\/www.sereni-d.com\/it\/?s={search_term_string}\"},\"query-input\":{\"@type\":\"PropertyValueSpecification\",\"valueRequired\":true,\"valueName\":\"search_term_string\"}}],\"inLanguage\":\"it-IT\"},{\"@type\":\"Organization\",\"@id\":\"https:\/\/www.sereni-d.com\/it\/#organization\",\"name\":\"Sereni-d\",\"url\":\"https:\/\/www.sereni-d.com\/it\/\",\"logo\":{\"@type\":\"ImageObject\",\"inLanguage\":\"it-IT\",\"@id\":\"https:\/\/www.sereni-d.com\/it\/#\/schema\/logo\/image\/\",\"url\":\"\",\"contentUrl\":\"\",\"caption\":\"Sereni-d\"},\"image\":{\"@id\":\"https:\/\/www.sereni-d.com\/it\/#\/schema\/logo\/image\/\"},\"sameAs\":[\"https:\/\/www.facebook.com\/SereniDsante\/\",\"https:\/\/www.instagram.com\/serenidsante\/\"]}]}<\/script>\n<!-- \/ Yoast SEO plugin. -->","yoast_head_json":{"title":"Polvere di Terra di Diatomee Trattamento Cimici dei Letti- Sereni-d\u00ae","description":"La polvere di terra di diatomee aiuta a eliminare le cimici dei letti. \u00c8 complementare ai trattamenti chimici e alle misure meccaniche.","robots":{"index":"index","follow":"follow","max-snippet":"max-snippet:-1","max-image-preview":"max-image-preview:large","max-video-preview":"max-video-preview:-1"},"canonical":"https:\/\/www.sereni-d.com\/it\/produits\/terra-diatomee-polvere-cimici-dei-letti\/","og_locale":"it_IT","og_type":"article","og_title":"Polvere di Terra di Diatomee Trattamento Cimici dei Letti- Sereni-d\u00ae","og_description":"La polvere di terra di diatomee aiuta a eliminare le cimici dei letti. \u00c8 complementare ai trattamenti chimici e alle misure meccaniche.","og_url":"https:\/\/www.sereni-d.com\/it\/produits\/terra-diatomee-polvere-cimici-dei-letti\/","og_site_name":"Sereni-d\u00ae","article_publisher":"https:\/\/www.facebook.com\/SereniDsante\/","article_modified_time":"2026-04-16T02:53:30+00:00","og_image":[{"width":2560,"height":2560,"url":"https:\/\/www.sereni-d.com\/wp-content\/uploads\/2025\/03\/image_Sachet_diatomee-1-scaled.jpg","type":"image\/jpeg"}],"twitter_card":"summary_large_image","twitter_misc":{"Tempo di lettura stimato":"3 minuti"},"schema":{"@context":"https:\/\/schema.org","@graph":[{"@type":"WebPage","@id":"https:\/\/www.sereni-d.com\/it\/produits\/terra-diatomee-polvere-cimici-dei-letti\/","url":"https:\/\/www.sereni-d.com\/it\/produits\/terra-diatomee-polvere-cimici-dei-letti\/","name":"Polvere di Terra di Diatomee Trattamento Cimici dei Letti- Sereni-d\u00ae","isPartOf":{"@id":"https:\/\/www.sereni-d.com\/it\/#website"},"primaryImageOfPage":{"@id":"https:\/\/www.sereni-d.com\/it\/produits\/terra-diatomee-polvere-cimici-dei-letti\/#primaryimage"},"image":{"@id":"https:\/\/www.sereni-d.com\/it\/produits\/terra-diatomee-polvere-cimici-dei-letti\/#primaryimage"},"thumbnailUrl":"https:\/\/www.sereni-d.com\/wp-content\/uploads\/2025\/04\/Sachet-diatomee_IT_1.jpg","datePublished":"2025-03-20T09:04:24+00:00","dateModified":"2026-04-16T02:53:30+00:00","description":"La polvere di terra di diatomee aiuta a eliminare le cimici dei letti. \u00c8 complementare ai trattamenti chimici e alle misure meccaniche.","breadcrumb":{"@id":"https:\/\/www.sereni-d.com\/it\/produits\/terra-diatomee-polvere-cimici-dei-letti\/#breadcrumb"},"inLanguage":"it-IT","potentialAction":[{"@type":"ReadAction","target":["https:\/\/www.sereni-d.com\/it\/produits\/terra-diatomee-polvere-cimici-dei-letti\/"]}]},{"@type":"ImageObject","inLanguage":"it-IT","@id":"https:\/\/www.sereni-d.com\/it\/produits\/terra-diatomee-polvere-cimici-dei-letti\/#primaryimage","url":"https:\/\/www.sereni-d.com\/wp-content\/uploads\/2025\/04\/Sachet-diatomee_IT_1.jpg","contentUrl":"https:\/\/www.sereni-d.com\/wp-content\/uploads\/2025\/04\/Sachet-diatomee_IT_1.jpg","width":2500,"height":2500,"caption":"Traitement punaise de lit professionnel"},{"@type":"BreadcrumbList","@id":"https:\/\/www.sereni-d.com\/it\/produits\/terra-diatomee-polvere-cimici-dei-letti\/#breadcrumb","itemListElement":[{"@type":"ListItem","position":1,"name":"Home page","item":"https:\/\/www.sereni-d.com\/it\/"},{"@type":"ListItem","position":2,"name":"Negozio","item":"https:\/\/www.sereni-d.com\/it\/negozio\/"},{"@type":"ListItem","position":3,"name":"Prodotti","item":"https:\/\/www.sereni-d.com\/it\/categories\/prodotti\/"},{"@type":"ListItem","position":4,"name":"Terra di Diatomacea in Polvere Cimici dei Letti"}]},{"@type":"WebSite","@id":"https:\/\/www.sereni-d.com\/it\/#website","url":"https:\/\/www.sereni-d.com\/it\/","name":"Sereni-d\u00ae","description":"EXPERT Punaises de Lit - Laboratoire SUISSE - Traitements concentr\u00e9s contres les Punaises de Lit. Protection Longue Dur\u00e9e. Efficacit\u00e9 prouv\u00e9e, r\u00e9sultat maximal. Recommand\u00e9 par les professionnels.","publisher":{"@id":"https:\/\/www.sereni-d.com\/it\/#organization"},"potentialAction":[{"@type":"SearchAction","target":{"@type":"EntryPoint","urlTemplate":"https:\/\/www.sereni-d.com\/it\/?s={search_term_string}"},"query-input":{"@type":"PropertyValueSpecification","valueRequired":true,"valueName":"search_term_string"}}],"inLanguage":"it-IT"},{"@type":"Organization","@id":"https:\/\/www.sereni-d.com\/it\/#organization","name":"Sereni-d","url":"https:\/\/www.sereni-d.com\/it\/","logo":{"@type":"ImageObject","inLanguage":"it-IT","@id":"https:\/\/www.sereni-d.com\/it\/#\/schema\/logo\/image\/","url":"","contentUrl":"","caption":"Sereni-d"},"image":{"@id":"https:\/\/www.sereni-d.com\/it\/#\/schema\/logo\/image\/"},"sameAs":["https:\/\/www.facebook.com\/SereniDsante\/","https:\/\/www.instagram.com\/serenidsante\/"]}]}},"_links":{"self":[{"href":"https:\/\/www.sereni-d.com\/it\/wp-json\/wp\/v2\/product\/12809","targetHints":{"allow":["GET"]}}],"collection":[{"href":"https:\/\/www.sereni-d.com\/it\/wp-json\/wp\/v2\/product"}],"about":[{"href":"https:\/\/www.sereni-d.com\/it\/wp-json\/wp\/v2\/types\/product"}],"replies":[{"embeddable":true,"href":"https:\/\/www.sereni-d.com\/it\/wp-json\/wp\/v2\/comments?post=12809"}],"wp:featuredmedia":[{"embeddable":true,"href":"https:\/\/www.sereni-d.com\/it\/wp-json\/wp\/v2\/media\/12815"}],"wp:attachment":[{"href":"https:\/\/www.sereni-d.com\/it\/wp-json\/wp\/v2\/media?parent=12809"}],"wp:term":[{"taxonomy":"product_brand","embeddable":true,"href":"https:\/\/www.sereni-d.com\/it\/wp-json\/wp\/v2\/product_brand?post=12809"},{"taxonomy":"product_cat","embeddable":true,"href":"https:\/\/www.sereni-d.com\/it\/wp-json\/wp\/v2\/product_cat?post=12809"},{"taxonomy":"product_tag","embeddable":true,"href":"https:\/\/www.sereni-d.com\/it\/wp-json\/wp\/v2\/product_tag?post=12809"}],"curies":[{"name":"wp","href":"https:\/\/api.w.org\/{rel}","templated":true}]}}