{"id":15926,"date":"2025-07-03T16:23:51","date_gmt":"2025-07-03T14:23:51","guid":{"rendered":"https:\/\/www.sereni-d.com\/?post_type=product&#038;p=15926"},"modified":"2026-04-22T17:23:30","modified_gmt":"2026-04-22T15:23:30","slug":"scudo-xxl-trattamento-repellente-cimici-da-letto","status":"publish","type":"product","link":"https:\/\/www.sereni-d.com\/it\/produits\/scudo-xxl-trattamento-repellente-cimici-da-letto\/","title":{"rendered":"SCUDO XXL Trattamento Repellente CONTRO LE CIMICI DEI LETTI"},"content":{"rendered":"<p data-start=\"2419\" data-end=\"2606\"><strong data-start=\"2419\" data-end=\"2479\">SCUDO XXL Trattamento Repellente per Cimici dei Letti<\/strong> \u00e8 uno spray pronto all\u2019uso, ispirato alla natura, appositamente sviluppato per il controllo preventivo delle cimici dei letti.<\/p>\n<p data-start=\"2608\" data-end=\"2839\">L\u2019estratto vegetale di fiori di piretro, combinato con un complesso di oli essenziali selezionati per le loro propriet\u00e0 repellenti, garantisce un\u2019elevata efficacia preventiva a lunga durata (fino a 7 giorni in condizioni ottimali).<\/p>\n<p data-start=\"2841\" data-end=\"3096\">Spruzzato su tessuti e bagagli, il forte odore delle sostanze attive vegetali disturba i recettori olfattivi delle cimici dei letti e le scoraggia dal rifugiarsi o deporre le uova. <strong data-start=\"2419\" data-end=\"2479\">SCUDO<\/strong>\u00e8 ideale come misura preventiva durante viaggi o spostamenti.<\/p>\n<p data-start=\"3098\" data-end=\"3380\">Lo spray pu\u00f2 essere applicato anche su superfici come soglie di porte, telai di finestre o prese d\u2019aria in caso di sospetto di ambienti vicini potenzialmente infestati. <strong data-start=\"2419\" data-end=\"2479\">SCUDO<\/strong><strong data-start=\"3267\" data-end=\"3292\">\u00a0di Sereni-d\u00ae<\/strong> \u00e8 il tuo miglior alleato durante i viaggi o in caso di sospetto di infestazioni vicine.<\/p>\n<p>Garanzia di soddisfazione <strong>Sereni-d\u00ae<\/strong>: Se non siete soddisfatti del vostro acquisto, contattateci tramite la pagina di <a title=\"Contatti SERENI-D\" href=\"https:\/\/www.sereni-d.com\/it\/contatti\/\">contatto<\/a> e vi rimborseremo l&#8217;intero importo.<\/p>\n","protected":false},"excerpt":{"rendered":"<p>\u2022 Spray preventivo contro le cimici da letto<br \/>\n\u2022 Repellente preventivo per cimici da letto<br \/>\n\u2022 Protezione sicura e duratura<br \/>\n\u2022 Oltre 200.000 clienti soddisfatti di Sereni-d<sup>\u00ae<\/sup><\/p>\n<p><strong>FORMULA CONCENTRATA \u2013 MASSIMO RISULTATO<\/strong><\/p>\n<p>&nbsp;<\/p>\n","protected":false},"featured_media":15932,"comment_status":"open","ping_status":"closed","template":"","meta":{"_acf_changed":false,"_monsterinsights_skip_tracking":false,"_monsterinsights_sitenote_active":false,"_monsterinsights_sitenote_note":"","_monsterinsights_sitenote_category":0},"product_brand":[],"product_cat":[79],"product_tag":[],"class_list":{"0":"post-15926","1":"product","2":"type-product","3":"status-publish","4":"has-post-thumbnail","6":"product_cat-prodotti","8":"first","9":"instock","10":"taxable","11":"shipping-taxable","12":"purchasable","13":"product-type-simple"},"acf":[],"yoast_head":"<!-- This site is optimized with the Yoast SEO plugin v27.2 - https:\/\/yoast.com\/product\/yoast-seo-wordpress\/ -->\n<title>SCUDO Repellente per Cimici dei Letti con Oli EssenzialiSereni-d\u00ae<\/title>\n<meta name=\"description\" content=\"Trattamento REPELLENTE Preventivo Vegetale CONTRO LE CIMICI DEI LETTI! Protezione Efficace e Duratura \u2013 Protezione 100% di Origine Naturale a Lunga Durata\" \/>\n<meta name=\"robots\" content=\"index, follow, max-snippet:-1, max-image-preview:large, max-video-preview:-1\" \/>\n<link rel=\"canonical\" href=\"https:\/\/www.sereni-d.com\/it\/produits\/scudo-xxl-trattamento-repellente-cimici-da-letto\/\" \/>\n<meta property=\"og:locale\" content=\"it_IT\" \/>\n<meta property=\"og:type\" content=\"article\" \/>\n<meta property=\"og:title\" content=\"SCUDO Repellente per Cimici dei Letti con Oli EssenzialiSereni-d\u00ae\" \/>\n<meta property=\"og:description\" content=\"Trattamento REPELLENTE Preventivo Vegetale CONTRO LE CIMICI DEI LETTI! Protezione Efficace e Duratura \u2013 Protezione 100% di Origine Naturale a Lunga Durata\" \/>\n<meta property=\"og:url\" content=\"https:\/\/www.sereni-d.com\/it\/produits\/scudo-xxl-trattamento-repellente-cimici-da-letto\/\" \/>\n<meta property=\"og:site_name\" content=\"Sereni-d\u00ae\" \/>\n<meta property=\"article:publisher\" content=\"https:\/\/www.facebook.com\/SereniDsante\/\" \/>\n<meta property=\"article:modified_time\" content=\"2026-04-22T15:23:30+00:00\" \/>\n<meta property=\"og:image\" content=\"https:\/\/www.sereni-d.com\/wp-content\/uploads\/2025\/07\/FR_bouclier-XXL_1.jpg\" \/>\n\t<meta property=\"og:image:width\" content=\"980\" \/>\n\t<meta property=\"og:image:height\" content=\"980\" \/>\n\t<meta property=\"og:image:type\" content=\"image\/jpeg\" \/>\n<meta name=\"twitter:card\" content=\"summary_large_image\" \/>\n<meta name=\"twitter:label1\" content=\"Tempo di lettura stimato\" \/>\n\t<meta name=\"twitter:data1\" content=\"2 minuti\" \/>\n<script type=\"application\/ld+json\" class=\"yoast-schema-graph\">{\"@context\":\"https:\/\/schema.org\",\"@graph\":[{\"@type\":\"WebPage\",\"@id\":\"https:\/\/www.sereni-d.com\/it\/produits\/scudo-xxl-trattamento-repellente-cimici-da-letto\/\",\"url\":\"https:\/\/www.sereni-d.com\/it\/produits\/scudo-xxl-trattamento-repellente-cimici-da-letto\/\",\"name\":\"SCUDO Repellente per Cimici dei Letti con Oli EssenzialiSereni-d\u00ae\",\"isPartOf\":{\"@id\":\"https:\/\/www.sereni-d.com\/it\/#website\"},\"primaryImageOfPage\":{\"@id\":\"https:\/\/www.sereni-d.com\/it\/produits\/scudo-xxl-trattamento-repellente-cimici-da-letto\/#primaryimage\"},\"image\":{\"@id\":\"https:\/\/www.sereni-d.com\/it\/produits\/scudo-xxl-trattamento-repellente-cimici-da-letto\/#primaryimage\"},\"thumbnailUrl\":\"https:\/\/www.sereni-d.com\/wp-content\/uploads\/2025\/10\/IT_bouclier-XXL_0-scaled.jpg\",\"datePublished\":\"2025-07-03T14:23:51+00:00\",\"dateModified\":\"2026-04-22T15:23:30+00:00\",\"description\":\"Trattamento REPELLENTE Preventivo Vegetale CONTRO LE CIMICI DEI LETTI! Protezione Efficace e Duratura \u2013 Protezione 100% di Origine Naturale a Lunga Durata\",\"breadcrumb\":{\"@id\":\"https:\/\/www.sereni-d.com\/it\/produits\/scudo-xxl-trattamento-repellente-cimici-da-letto\/#breadcrumb\"},\"inLanguage\":\"it-IT\",\"potentialAction\":[{\"@type\":\"ReadAction\",\"target\":[\"https:\/\/www.sereni-d.com\/it\/produits\/scudo-xxl-trattamento-repellente-cimici-da-letto\/\"]}]},{\"@type\":\"ImageObject\",\"inLanguage\":\"it-IT\",\"@id\":\"https:\/\/www.sereni-d.com\/it\/produits\/scudo-xxl-trattamento-repellente-cimici-da-letto\/#primaryimage\",\"url\":\"https:\/\/www.sereni-d.com\/wp-content\/uploads\/2025\/10\/IT_bouclier-XXL_0-scaled.jpg\",\"contentUrl\":\"https:\/\/www.sereni-d.com\/wp-content\/uploads\/2025\/10\/IT_bouclier-XXL_0-scaled.jpg\",\"width\":2560,\"height\":2560},{\"@type\":\"BreadcrumbList\",\"@id\":\"https:\/\/www.sereni-d.com\/it\/produits\/scudo-xxl-trattamento-repellente-cimici-da-letto\/#breadcrumb\",\"itemListElement\":[{\"@type\":\"ListItem\",\"position\":1,\"name\":\"Home page\",\"item\":\"https:\/\/www.sereni-d.com\/it\/\"},{\"@type\":\"ListItem\",\"position\":2,\"name\":\"Negozio\",\"item\":\"https:\/\/www.sereni-d.com\/it\/negozio\/\"},{\"@type\":\"ListItem\",\"position\":3,\"name\":\"Punaise de lit\",\"item\":\"https:\/\/www.sereni-d.com\/categories\/punaise-de-lit\/\"},{\"@type\":\"ListItem\",\"position\":4,\"name\":\"Prodotti\",\"item\":\"https:\/\/www.sereni-d.com\/it\/categories\/prodotti\/\"},{\"@type\":\"ListItem\",\"position\":5,\"name\":\"SCUDO XXL Trattamento Repellente CONTRO LE CIMICI DEI LETTI\"}]},{\"@type\":\"WebSite\",\"@id\":\"https:\/\/www.sereni-d.com\/it\/#website\",\"url\":\"https:\/\/www.sereni-d.com\/it\/\",\"name\":\"Sereni-d\u00ae\",\"description\":\"EXPERT Punaises de Lit - Laboratoire SUISSE - Traitements concentr\u00e9s contres les Punaises de Lit. Protection Longue Dur\u00e9e. Efficacit\u00e9 prouv\u00e9e, r\u00e9sultat maximal. Recommand\u00e9 par les professionnels.\",\"publisher\":{\"@id\":\"https:\/\/www.sereni-d.com\/it\/#organization\"},\"potentialAction\":[{\"@type\":\"SearchAction\",\"target\":{\"@type\":\"EntryPoint\",\"urlTemplate\":\"https:\/\/www.sereni-d.com\/it\/?s={search_term_string}\"},\"query-input\":{\"@type\":\"PropertyValueSpecification\",\"valueRequired\":true,\"valueName\":\"search_term_string\"}}],\"inLanguage\":\"it-IT\"},{\"@type\":\"Organization\",\"@id\":\"https:\/\/www.sereni-d.com\/it\/#organization\",\"name\":\"Sereni-d\",\"url\":\"https:\/\/www.sereni-d.com\/it\/\",\"logo\":{\"@type\":\"ImageObject\",\"inLanguage\":\"it-IT\",\"@id\":\"https:\/\/www.sereni-d.com\/it\/#\/schema\/logo\/image\/\",\"url\":\"\",\"contentUrl\":\"\",\"caption\":\"Sereni-d\"},\"image\":{\"@id\":\"https:\/\/www.sereni-d.com\/it\/#\/schema\/logo\/image\/\"},\"sameAs\":[\"https:\/\/www.facebook.com\/SereniDsante\/\",\"https:\/\/www.instagram.com\/serenidsante\/\"]}]}<\/script>\n<!-- \/ Yoast SEO plugin. -->","yoast_head_json":{"title":"SCUDO Repellente per Cimici dei Letti con Oli EssenzialiSereni-d\u00ae","description":"Trattamento REPELLENTE Preventivo Vegetale CONTRO LE CIMICI DEI LETTI! Protezione Efficace e Duratura \u2013 Protezione 100% di Origine Naturale a Lunga Durata","robots":{"index":"index","follow":"follow","max-snippet":"max-snippet:-1","max-image-preview":"max-image-preview:large","max-video-preview":"max-video-preview:-1"},"canonical":"https:\/\/www.sereni-d.com\/it\/produits\/scudo-xxl-trattamento-repellente-cimici-da-letto\/","og_locale":"it_IT","og_type":"article","og_title":"SCUDO Repellente per Cimici dei Letti con Oli EssenzialiSereni-d\u00ae","og_description":"Trattamento REPELLENTE Preventivo Vegetale CONTRO LE CIMICI DEI LETTI! Protezione Efficace e Duratura \u2013 Protezione 100% di Origine Naturale a Lunga Durata","og_url":"https:\/\/www.sereni-d.com\/it\/produits\/scudo-xxl-trattamento-repellente-cimici-da-letto\/","og_site_name":"Sereni-d\u00ae","article_publisher":"https:\/\/www.facebook.com\/SereniDsante\/","article_modified_time":"2026-04-22T15:23:30+00:00","og_image":[{"url":"https:\/\/www.sereni-d.com\/wp-content\/uploads\/2025\/07\/FR_bouclier-XXL_1.jpg","width":980,"height":980,"type":"image\/jpeg"}],"twitter_card":"summary_large_image","twitter_misc":{"Tempo di lettura stimato":"2 minuti"},"schema":{"@context":"https:\/\/schema.org","@graph":[{"@type":"WebPage","@id":"https:\/\/www.sereni-d.com\/it\/produits\/scudo-xxl-trattamento-repellente-cimici-da-letto\/","url":"https:\/\/www.sereni-d.com\/it\/produits\/scudo-xxl-trattamento-repellente-cimici-da-letto\/","name":"SCUDO Repellente per Cimici dei Letti con Oli EssenzialiSereni-d\u00ae","isPartOf":{"@id":"https:\/\/www.sereni-d.com\/it\/#website"},"primaryImageOfPage":{"@id":"https:\/\/www.sereni-d.com\/it\/produits\/scudo-xxl-trattamento-repellente-cimici-da-letto\/#primaryimage"},"image":{"@id":"https:\/\/www.sereni-d.com\/it\/produits\/scudo-xxl-trattamento-repellente-cimici-da-letto\/#primaryimage"},"thumbnailUrl":"https:\/\/www.sereni-d.com\/wp-content\/uploads\/2025\/10\/IT_bouclier-XXL_0-scaled.jpg","datePublished":"2025-07-03T14:23:51+00:00","dateModified":"2026-04-22T15:23:30+00:00","description":"Trattamento REPELLENTE Preventivo Vegetale CONTRO LE CIMICI DEI LETTI! Protezione Efficace e Duratura \u2013 Protezione 100% di Origine Naturale a Lunga Durata","breadcrumb":{"@id":"https:\/\/www.sereni-d.com\/it\/produits\/scudo-xxl-trattamento-repellente-cimici-da-letto\/#breadcrumb"},"inLanguage":"it-IT","potentialAction":[{"@type":"ReadAction","target":["https:\/\/www.sereni-d.com\/it\/produits\/scudo-xxl-trattamento-repellente-cimici-da-letto\/"]}]},{"@type":"ImageObject","inLanguage":"it-IT","@id":"https:\/\/www.sereni-d.com\/it\/produits\/scudo-xxl-trattamento-repellente-cimici-da-letto\/#primaryimage","url":"https:\/\/www.sereni-d.com\/wp-content\/uploads\/2025\/10\/IT_bouclier-XXL_0-scaled.jpg","contentUrl":"https:\/\/www.sereni-d.com\/wp-content\/uploads\/2025\/10\/IT_bouclier-XXL_0-scaled.jpg","width":2560,"height":2560},{"@type":"BreadcrumbList","@id":"https:\/\/www.sereni-d.com\/it\/produits\/scudo-xxl-trattamento-repellente-cimici-da-letto\/#breadcrumb","itemListElement":[{"@type":"ListItem","position":1,"name":"Home page","item":"https:\/\/www.sereni-d.com\/it\/"},{"@type":"ListItem","position":2,"name":"Negozio","item":"https:\/\/www.sereni-d.com\/it\/negozio\/"},{"@type":"ListItem","position":3,"name":"Punaise de lit","item":"https:\/\/www.sereni-d.com\/categories\/punaise-de-lit\/"},{"@type":"ListItem","position":4,"name":"Prodotti","item":"https:\/\/www.sereni-d.com\/it\/categories\/prodotti\/"},{"@type":"ListItem","position":5,"name":"SCUDO XXL Trattamento Repellente CONTRO LE CIMICI DEI LETTI"}]},{"@type":"WebSite","@id":"https:\/\/www.sereni-d.com\/it\/#website","url":"https:\/\/www.sereni-d.com\/it\/","name":"Sereni-d\u00ae","description":"EXPERT Punaises de Lit - Laboratoire SUISSE - Traitements concentr\u00e9s contres les Punaises de Lit. Protection Longue Dur\u00e9e. Efficacit\u00e9 prouv\u00e9e, r\u00e9sultat maximal. Recommand\u00e9 par les professionnels.","publisher":{"@id":"https:\/\/www.sereni-d.com\/it\/#organization"},"potentialAction":[{"@type":"SearchAction","target":{"@type":"EntryPoint","urlTemplate":"https:\/\/www.sereni-d.com\/it\/?s={search_term_string}"},"query-input":{"@type":"PropertyValueSpecification","valueRequired":true,"valueName":"search_term_string"}}],"inLanguage":"it-IT"},{"@type":"Organization","@id":"https:\/\/www.sereni-d.com\/it\/#organization","name":"Sereni-d","url":"https:\/\/www.sereni-d.com\/it\/","logo":{"@type":"ImageObject","inLanguage":"it-IT","@id":"https:\/\/www.sereni-d.com\/it\/#\/schema\/logo\/image\/","url":"","contentUrl":"","caption":"Sereni-d"},"image":{"@id":"https:\/\/www.sereni-d.com\/it\/#\/schema\/logo\/image\/"},"sameAs":["https:\/\/www.facebook.com\/SereniDsante\/","https:\/\/www.instagram.com\/serenidsante\/"]}]}},"_links":{"self":[{"href":"https:\/\/www.sereni-d.com\/it\/wp-json\/wp\/v2\/product\/15926","targetHints":{"allow":["GET"]}}],"collection":[{"href":"https:\/\/www.sereni-d.com\/it\/wp-json\/wp\/v2\/product"}],"about":[{"href":"https:\/\/www.sereni-d.com\/it\/wp-json\/wp\/v2\/types\/product"}],"replies":[{"embeddable":true,"href":"https:\/\/www.sereni-d.com\/it\/wp-json\/wp\/v2\/comments?post=15926"}],"wp:featuredmedia":[{"embeddable":true,"href":"https:\/\/www.sereni-d.com\/it\/wp-json\/wp\/v2\/media\/15932"}],"wp:attachment":[{"href":"https:\/\/www.sereni-d.com\/it\/wp-json\/wp\/v2\/media?parent=15926"}],"wp:term":[{"taxonomy":"product_brand","embeddable":true,"href":"https:\/\/www.sereni-d.com\/it\/wp-json\/wp\/v2\/product_brand?post=15926"},{"taxonomy":"product_cat","embeddable":true,"href":"https:\/\/www.sereni-d.com\/it\/wp-json\/wp\/v2\/product_cat?post=15926"},{"taxonomy":"product_tag","embeddable":true,"href":"https:\/\/www.sereni-d.com\/it\/wp-json\/wp\/v2\/product_tag?post=15926"}],"curies":[{"name":"wp","href":"https:\/\/api.w.org\/{rel}","templated":true}]}}