{"id":15968,"date":"2025-07-03T17:10:30","date_gmt":"2025-07-03T15:10:30","guid":{"rendered":"https:\/\/www.sereni-d.com\/?post_type=product&#038;p=15968"},"modified":"2026-04-22T17:23:31","modified_gmt":"2026-04-22T15:23:31","slug":"sos-tanica-5l","status":"publish","type":"product","link":"https:\/\/www.sereni-d.com\/it\/produits\/sos-tanica-5l\/","title":{"rendered":"Tanica PRO SOS 5L"},"content":{"rendered":"<p data-start=\"1594\" data-end=\"1757\"><strong data-start=\"1594\" data-end=\"1757\">Il Tanica SOS di Sereni-d \u00e8 un trattamento pronto all\u2019uso, ispirato alla natura e sviluppato appositamente per combattere le cimici dei letti in modo curativo.<\/strong><\/p>\n<p data-start=\"1759\" data-end=\"2071\">Il suo estratto di fiori di piretro vegetale, combinato con un sinergizzante di origine naturale, garantisce l\u2019eliminazione rapida delle cimici dei letti in tutti gli stadi di sviluppo (dalla larva all\u2019adulto), grazie a un effetto shock sul sistema nervoso e sull\u2019esoscheletro, che le neutralizza e le disidrata.<\/p>\n<p data-start=\"2073\" data-end=\"2210\">La formula concentrata \u00e8 efficace immediatamente (in pochi minuti) e ha una lunga durata (fino a 12 giorni in condizioni ottimali d\u2019uso).<\/p>\n<p data-start=\"2212\" data-end=\"2702\">La soluzione va travasata in uno spruzzatore o in un flacone spray a scelta. Un tanica permette di trattare una superficie di 100 m\u00b2. Spruzzata su tessuti, letti e superfici, la soluzione crea un film attivo che intossica le cimici al contatto. \u00c8 un trattamento d\u2019urto da utilizzare come parte di un <a href=\"https:\/\/www.sereni-d.com\/it\/il-protocollo-per-eliminare-definitivamente-le-cimici-da-letto\/\">protocollo completo<\/a>: identificare l\u2019infestazione, eliminare il disordine, aspirare, lavare i tessuti a 60\u00b0C, applicare la terra di diatomee dietro i battiscopa e negli angoli del soffitto&#8230;<\/p>\n<p data-start=\"2704\" data-end=\"2908\">Il Tanica SOS \u00e8 il tuo miglior alleato in caso di infestazioni diffuse o in caso di dubbio sulla presenza di cimici. Adatto per alberghi, professionisti e privati che desiderano trattare grandi superfici.<\/p>\n<p class=\"\" data-start=\"4524\" data-end=\"4684\"><strong data-start=\"4524\" data-end=\"4564\">Garanzia di soddisfazione Sereni-d\u00ae:<\/strong> Se non sei soddisfatto del tuo acquisto, contattaci tramite la <a href=\"https:\/\/www.sereni-d.com\/it\/contatti\/\">pagina di contatto<\/a> e ti rimborseremo l&#8217;intero importo.<\/p>\n","protected":false},"excerpt":{"rendered":"<p align=\"justify\">\u2022 Trattamento professionale concentrato contro le cimici da letto<br \/>\n\u2022 Elimina le cimici da letto negli stadi di larva e adulto<br \/>\n\u2022 100m\u00b2 di superficie trattata<br \/>\n\u2022 Oltre 200.000 clienti Sereni-d\u00ae soddisfatti<\/p>\n<p align=\"justify\"><strong>FORMULA CONCENTRATA \u2013 MASSIMO RISULTATO<\/strong><\/p>\n","protected":false},"featured_media":15973,"comment_status":"open","ping_status":"closed","template":"","meta":{"_acf_changed":false,"_monsterinsights_skip_tracking":false,"_monsterinsights_sitenote_active":false,"_monsterinsights_sitenote_note":"","_monsterinsights_sitenote_category":0},"product_brand":[],"product_cat":[79],"product_tag":[],"class_list":{"0":"post-15968","1":"product","2":"type-product","3":"status-publish","4":"has-post-thumbnail","6":"product_cat-prodotti","8":"first","9":"instock","10":"taxable","11":"shipping-taxable","12":"purchasable","13":"product-type-simple"},"acf":[],"yoast_head":"<!-- This site is optimized with the Yoast SEO plugin v27.2 - https:\/\/yoast.com\/product\/yoast-seo-wordpress\/ -->\n<title>Trattamento Cimici dei Letti SOS \u2013 Tanica da 5L<\/title>\n<meta name=\"description\" content=\"Trattamento professionale contro le cimici da letto. Una tanica contiene 5\u202fL di prodotto e consente di trattare una superficie di 100\u202fm\u00b2.\" \/>\n<meta name=\"robots\" content=\"index, follow, max-snippet:-1, max-image-preview:large, max-video-preview:-1\" \/>\n<link rel=\"canonical\" href=\"https:\/\/www.sereni-d.com\/it\/produits\/sos-tanica-5l\/\" \/>\n<meta property=\"og:locale\" content=\"it_IT\" \/>\n<meta property=\"og:type\" content=\"article\" \/>\n<meta property=\"og:title\" content=\"Trattamento Cimici dei Letti SOS \u2013 Tanica da 5L\" \/>\n<meta property=\"og:description\" content=\"Trattamento professionale contro le cimici da letto. Una tanica contiene 5\u202fL di prodotto e consente di trattare una superficie di 100\u202fm\u00b2.\" \/>\n<meta property=\"og:url\" content=\"https:\/\/www.sereni-d.com\/it\/produits\/sos-tanica-5l\/\" \/>\n<meta property=\"og:site_name\" content=\"Sereni-d\u00ae\" \/>\n<meta property=\"article:publisher\" content=\"https:\/\/www.facebook.com\/SereniDsante\/\" \/>\n<meta property=\"article:modified_time\" content=\"2026-04-22T15:23:31+00:00\" \/>\n<meta property=\"og:image\" content=\"https:\/\/www.sereni-d.com\/wp-content\/uploads\/2025\/07\/FR_bidon_1.jpg\" \/>\n\t<meta property=\"og:image:width\" content=\"980\" \/>\n\t<meta property=\"og:image:height\" content=\"980\" \/>\n\t<meta property=\"og:image:type\" content=\"image\/jpeg\" \/>\n<meta name=\"twitter:card\" content=\"summary_large_image\" \/>\n<meta name=\"twitter:label1\" content=\"Tempo di lettura stimato\" \/>\n\t<meta name=\"twitter:data1\" content=\"2 minuti\" \/>\n<script type=\"application\/ld+json\" class=\"yoast-schema-graph\">{\"@context\":\"https:\/\/schema.org\",\"@graph\":[{\"@type\":\"WebPage\",\"@id\":\"https:\/\/www.sereni-d.com\/it\/produits\/sos-tanica-5l\/\",\"url\":\"https:\/\/www.sereni-d.com\/it\/produits\/sos-tanica-5l\/\",\"name\":\"Trattamento Cimici dei Letti SOS \u2013 Tanica da 5L\",\"isPartOf\":{\"@id\":\"https:\/\/www.sereni-d.com\/it\/#website\"},\"primaryImageOfPage\":{\"@id\":\"https:\/\/www.sereni-d.com\/it\/produits\/sos-tanica-5l\/#primaryimage\"},\"image\":{\"@id\":\"https:\/\/www.sereni-d.com\/it\/produits\/sos-tanica-5l\/#primaryimage\"},\"thumbnailUrl\":\"https:\/\/www.sereni-d.com\/wp-content\/uploads\/2025\/10\/IT_bidon_0-scaled.jpg\",\"datePublished\":\"2025-07-03T15:10:30+00:00\",\"dateModified\":\"2026-04-22T15:23:31+00:00\",\"description\":\"Trattamento professionale contro le cimici da letto. Una tanica contiene 5\u202fL di prodotto e consente di trattare una superficie di 100\u202fm\u00b2.\",\"breadcrumb\":{\"@id\":\"https:\/\/www.sereni-d.com\/it\/produits\/sos-tanica-5l\/#breadcrumb\"},\"inLanguage\":\"it-IT\",\"potentialAction\":[{\"@type\":\"ReadAction\",\"target\":[\"https:\/\/www.sereni-d.com\/it\/produits\/sos-tanica-5l\/\"]}]},{\"@type\":\"ImageObject\",\"inLanguage\":\"it-IT\",\"@id\":\"https:\/\/www.sereni-d.com\/it\/produits\/sos-tanica-5l\/#primaryimage\",\"url\":\"https:\/\/www.sereni-d.com\/wp-content\/uploads\/2025\/10\/IT_bidon_0-scaled.jpg\",\"contentUrl\":\"https:\/\/www.sereni-d.com\/wp-content\/uploads\/2025\/10\/IT_bidon_0-scaled.jpg\",\"width\":2560,\"height\":2560},{\"@type\":\"BreadcrumbList\",\"@id\":\"https:\/\/www.sereni-d.com\/it\/produits\/sos-tanica-5l\/#breadcrumb\",\"itemListElement\":[{\"@type\":\"ListItem\",\"position\":1,\"name\":\"Home page\",\"item\":\"https:\/\/www.sereni-d.com\/it\/\"},{\"@type\":\"ListItem\",\"position\":2,\"name\":\"Negozio\",\"item\":\"https:\/\/www.sereni-d.com\/it\/negozio\/\"},{\"@type\":\"ListItem\",\"position\":3,\"name\":\"Punaise de lit\",\"item\":\"https:\/\/www.sereni-d.com\/categories\/punaise-de-lit\/\"},{\"@type\":\"ListItem\",\"position\":4,\"name\":\"Prodotti\",\"item\":\"https:\/\/www.sereni-d.com\/it\/categories\/prodotti\/\"},{\"@type\":\"ListItem\",\"position\":5,\"name\":\"Tanica PRO SOS 5L\"}]},{\"@type\":\"WebSite\",\"@id\":\"https:\/\/www.sereni-d.com\/it\/#website\",\"url\":\"https:\/\/www.sereni-d.com\/it\/\",\"name\":\"Sereni-d\u00ae\",\"description\":\"EXPERT Punaises de Lit - Laboratoire SUISSE - Traitements concentr\u00e9s contres les Punaises de Lit. Protection Longue Dur\u00e9e. Efficacit\u00e9 prouv\u00e9e, r\u00e9sultat maximal. Recommand\u00e9 par les professionnels.\",\"publisher\":{\"@id\":\"https:\/\/www.sereni-d.com\/it\/#organization\"},\"potentialAction\":[{\"@type\":\"SearchAction\",\"target\":{\"@type\":\"EntryPoint\",\"urlTemplate\":\"https:\/\/www.sereni-d.com\/it\/?s={search_term_string}\"},\"query-input\":{\"@type\":\"PropertyValueSpecification\",\"valueRequired\":true,\"valueName\":\"search_term_string\"}}],\"inLanguage\":\"it-IT\"},{\"@type\":\"Organization\",\"@id\":\"https:\/\/www.sereni-d.com\/it\/#organization\",\"name\":\"Sereni-d\",\"url\":\"https:\/\/www.sereni-d.com\/it\/\",\"logo\":{\"@type\":\"ImageObject\",\"inLanguage\":\"it-IT\",\"@id\":\"https:\/\/www.sereni-d.com\/it\/#\/schema\/logo\/image\/\",\"url\":\"\",\"contentUrl\":\"\",\"caption\":\"Sereni-d\"},\"image\":{\"@id\":\"https:\/\/www.sereni-d.com\/it\/#\/schema\/logo\/image\/\"},\"sameAs\":[\"https:\/\/www.facebook.com\/SereniDsante\/\",\"https:\/\/www.instagram.com\/serenidsante\/\"]}]}<\/script>\n<!-- \/ Yoast SEO plugin. -->","yoast_head_json":{"title":"Trattamento Cimici dei Letti SOS \u2013 Tanica da 5L","description":"Trattamento professionale contro le cimici da letto. Una tanica contiene 5\u202fL di prodotto e consente di trattare una superficie di 100\u202fm\u00b2.","robots":{"index":"index","follow":"follow","max-snippet":"max-snippet:-1","max-image-preview":"max-image-preview:large","max-video-preview":"max-video-preview:-1"},"canonical":"https:\/\/www.sereni-d.com\/it\/produits\/sos-tanica-5l\/","og_locale":"it_IT","og_type":"article","og_title":"Trattamento Cimici dei Letti SOS \u2013 Tanica da 5L","og_description":"Trattamento professionale contro le cimici da letto. Una tanica contiene 5\u202fL di prodotto e consente di trattare una superficie di 100\u202fm\u00b2.","og_url":"https:\/\/www.sereni-d.com\/it\/produits\/sos-tanica-5l\/","og_site_name":"Sereni-d\u00ae","article_publisher":"https:\/\/www.facebook.com\/SereniDsante\/","article_modified_time":"2026-04-22T15:23:31+00:00","og_image":[{"url":"https:\/\/www.sereni-d.com\/wp-content\/uploads\/2025\/07\/FR_bidon_1.jpg","width":980,"height":980,"type":"image\/jpeg"}],"twitter_card":"summary_large_image","twitter_misc":{"Tempo di lettura stimato":"2 minuti"},"schema":{"@context":"https:\/\/schema.org","@graph":[{"@type":"WebPage","@id":"https:\/\/www.sereni-d.com\/it\/produits\/sos-tanica-5l\/","url":"https:\/\/www.sereni-d.com\/it\/produits\/sos-tanica-5l\/","name":"Trattamento Cimici dei Letti SOS \u2013 Tanica da 5L","isPartOf":{"@id":"https:\/\/www.sereni-d.com\/it\/#website"},"primaryImageOfPage":{"@id":"https:\/\/www.sereni-d.com\/it\/produits\/sos-tanica-5l\/#primaryimage"},"image":{"@id":"https:\/\/www.sereni-d.com\/it\/produits\/sos-tanica-5l\/#primaryimage"},"thumbnailUrl":"https:\/\/www.sereni-d.com\/wp-content\/uploads\/2025\/10\/IT_bidon_0-scaled.jpg","datePublished":"2025-07-03T15:10:30+00:00","dateModified":"2026-04-22T15:23:31+00:00","description":"Trattamento professionale contro le cimici da letto. Una tanica contiene 5\u202fL di prodotto e consente di trattare una superficie di 100\u202fm\u00b2.","breadcrumb":{"@id":"https:\/\/www.sereni-d.com\/it\/produits\/sos-tanica-5l\/#breadcrumb"},"inLanguage":"it-IT","potentialAction":[{"@type":"ReadAction","target":["https:\/\/www.sereni-d.com\/it\/produits\/sos-tanica-5l\/"]}]},{"@type":"ImageObject","inLanguage":"it-IT","@id":"https:\/\/www.sereni-d.com\/it\/produits\/sos-tanica-5l\/#primaryimage","url":"https:\/\/www.sereni-d.com\/wp-content\/uploads\/2025\/10\/IT_bidon_0-scaled.jpg","contentUrl":"https:\/\/www.sereni-d.com\/wp-content\/uploads\/2025\/10\/IT_bidon_0-scaled.jpg","width":2560,"height":2560},{"@type":"BreadcrumbList","@id":"https:\/\/www.sereni-d.com\/it\/produits\/sos-tanica-5l\/#breadcrumb","itemListElement":[{"@type":"ListItem","position":1,"name":"Home page","item":"https:\/\/www.sereni-d.com\/it\/"},{"@type":"ListItem","position":2,"name":"Negozio","item":"https:\/\/www.sereni-d.com\/it\/negozio\/"},{"@type":"ListItem","position":3,"name":"Punaise de lit","item":"https:\/\/www.sereni-d.com\/categories\/punaise-de-lit\/"},{"@type":"ListItem","position":4,"name":"Prodotti","item":"https:\/\/www.sereni-d.com\/it\/categories\/prodotti\/"},{"@type":"ListItem","position":5,"name":"Tanica PRO SOS 5L"}]},{"@type":"WebSite","@id":"https:\/\/www.sereni-d.com\/it\/#website","url":"https:\/\/www.sereni-d.com\/it\/","name":"Sereni-d\u00ae","description":"EXPERT Punaises de Lit - Laboratoire SUISSE - Traitements concentr\u00e9s contres les Punaises de Lit. Protection Longue Dur\u00e9e. Efficacit\u00e9 prouv\u00e9e, r\u00e9sultat maximal. Recommand\u00e9 par les professionnels.","publisher":{"@id":"https:\/\/www.sereni-d.com\/it\/#organization"},"potentialAction":[{"@type":"SearchAction","target":{"@type":"EntryPoint","urlTemplate":"https:\/\/www.sereni-d.com\/it\/?s={search_term_string}"},"query-input":{"@type":"PropertyValueSpecification","valueRequired":true,"valueName":"search_term_string"}}],"inLanguage":"it-IT"},{"@type":"Organization","@id":"https:\/\/www.sereni-d.com\/it\/#organization","name":"Sereni-d","url":"https:\/\/www.sereni-d.com\/it\/","logo":{"@type":"ImageObject","inLanguage":"it-IT","@id":"https:\/\/www.sereni-d.com\/it\/#\/schema\/logo\/image\/","url":"","contentUrl":"","caption":"Sereni-d"},"image":{"@id":"https:\/\/www.sereni-d.com\/it\/#\/schema\/logo\/image\/"},"sameAs":["https:\/\/www.facebook.com\/SereniDsante\/","https:\/\/www.instagram.com\/serenidsante\/"]}]}},"_links":{"self":[{"href":"https:\/\/www.sereni-d.com\/it\/wp-json\/wp\/v2\/product\/15968","targetHints":{"allow":["GET"]}}],"collection":[{"href":"https:\/\/www.sereni-d.com\/it\/wp-json\/wp\/v2\/product"}],"about":[{"href":"https:\/\/www.sereni-d.com\/it\/wp-json\/wp\/v2\/types\/product"}],"replies":[{"embeddable":true,"href":"https:\/\/www.sereni-d.com\/it\/wp-json\/wp\/v2\/comments?post=15968"}],"wp:featuredmedia":[{"embeddable":true,"href":"https:\/\/www.sereni-d.com\/it\/wp-json\/wp\/v2\/media\/15973"}],"wp:attachment":[{"href":"https:\/\/www.sereni-d.com\/it\/wp-json\/wp\/v2\/media?parent=15968"}],"wp:term":[{"taxonomy":"product_brand","embeddable":true,"href":"https:\/\/www.sereni-d.com\/it\/wp-json\/wp\/v2\/product_brand?post=15968"},{"taxonomy":"product_cat","embeddable":true,"href":"https:\/\/www.sereni-d.com\/it\/wp-json\/wp\/v2\/product_cat?post=15968"},{"taxonomy":"product_tag","embeddable":true,"href":"https:\/\/www.sereni-d.com\/it\/wp-json\/wp\/v2\/product_tag?post=15968"}],"curies":[{"name":"wp","href":"https:\/\/api.w.org\/{rel}","templated":true}]}}