{"id":20681,"date":"2025-11-20T14:39:31","date_gmt":"2025-11-20T13:39:31","guid":{"rendered":"https:\/\/www.sereni-d.com\/?post_type=product&#038;p=20681"},"modified":"2026-04-19T17:53:35","modified_gmt":"2026-04-19T15:53:35","slug":"terra-di-diatomee-tea-tree-cimici-dei-letti","status":"publish","type":"product","link":"https:\/\/www.sereni-d.com\/it\/produits\/terra-di-diatomee-tea-tree-cimici-dei-letti\/","title":{"rendered":"TERRA DI DIATOMEE al TEA TREE Cimici dei Letti"},"content":{"rendered":"<p>Il <strong>trattamento TERRA DI DIATOMEE al TEA TREE per le Cimici dei Letti<\/strong> \u00e8 un aerosol pronto all&#8217;uso i cui principi sono ispirati dalla natura e che \u00e8 stato appositamente sviluppato per combattere le cimici dei letti sia in ambito preventivo che curativo.<\/p>\n<p>La sua formula, basata su terra di diatomee e composta da fossili di alghe microscopiche, assicura la <strong>distruzione delle cimici dei letti<\/strong> in tutte le fasi di sviluppo (uova, larve e adulti). Le cimici dei letti coprono il loro corpo con polvere di terra di diatomee attraverso i propri movimenti. Il potente potere assorbente della polvere porta alla rimozione dei lipidi dalla cuticola, causando l&#8217;<strong>asciugatura degli insetti<\/strong> e la loro morte rapidamente entro poche ore. L\u2019olio essenziale di <strong>Tea Tree<\/strong> con potenti propriet\u00e0 <strong>antiparassitarie<\/strong> aumenta la freschezza della tua casa.<\/p>\n<p>La sua formula concentrata ha un&#8217;efficacia immediata (entro poche ore) e duratura (fino a 3 settimane di attivit\u00e0 residua in condizioni ottimali di utilizzo). La terra di diatomee \u00e8 <strong>amorfa<\/strong>, <strong>non calcinata<\/strong>, e la sua omologazione come biocida garantisce un contenuto di <strong>silice<\/strong> (SiO2) di almeno il 90%, assicurando un <strong>elevato potere di assorbimento ed efficacia contro le cimici dei letti<\/strong>. Questo \u00e8 ci\u00f2 che la distingue dalla terra di diatomee non biocida, alimentare, che ha un contenuto inferiore di silice, particelle di dimensioni maggiori e quindi un potere essiccante ridotto, risultando inefficace contro le cimici dei letti.<\/p>\n<p>Spruzzata su superfici, materassi e altri angoli bui, la terra di diatomee si attaccher\u00e0 ai gusci delle cimici dei letti e causer\u00e0 la loro morte mentre passano sulle superfici trattate, disidratandoli e uccidendoli.<\/p>\n<p>L&#8217;aerosol <strong>TERRA DI DIATOMEE al TEA TREE<\/strong> \u00e8 una <strong>soluzione professionale per l&#8217;eliminazione delle cimici dei letti<\/strong> che <strong>non induce resistenza<\/strong>. \u00c8 anche efficace contro altri insetti striscianti in casa come <strong>formiche, ragni, acari, pulci, pesciolini d&#8217;argento, scarafaggi e coleotteri&#8230;<\/strong><\/p>\n<p>L&#8217;aerosol <strong>TERRA DI DIATOMEE al TEA TREE<\/strong>\u00a0\u00e8 il vostro miglior alleato nella prevenzione, in caso di infestazione o al minimo sospetto di presenza di cimici dei letti. \u00c8 un&#8217;alternativa meccanica precisa ai trattamenti chimici. Si i<strong>ntegra con lo <a href=\"https:\/\/www.sereni-d.com\/it\/produits\/sos-cimici-da-letto-xxl\/\">spray SOS<\/a> e l&#8217;<a href=\"https:\/\/www.sereni-d.com\/it\/produits\/freeze-cimici-dei-letti\/\">aerosol FREEZE<\/a><\/strong>.<\/p>\n<p>Garanzia di <strong>soddisfazione Sereni-d\u00ae<\/strong>: Se non siete soddisfatti del vostro acquisto, contattateci tramite la <a href=\"https:\/\/www.sereni-d.com\/it\/contatti\/\">pagina di contatto<\/a> e vi rimborseremo l&#8217;importo completo.<\/p>\n","protected":false},"excerpt":{"rendered":"<p align=\"justify\">\u2022 Aerosol preventivo e curativo contro le cimici dei letti.<br \/>\n\u2022 Elimina e previene il 100% delle cimici dei letti (uova, larve, adulti).<br \/>\n\u2022 Protezione immediata, a lunga durata (fino a 3 settimane).<br \/>\n\u2022 Pi\u00f9 di 250.000 clienti soddisfatti di Sereni-d\u00ae.<\/p>\n<p align=\"justify\"><strong>FORMULA CONCENTRATA \u2013 MASSIMO RISULTATO<\/strong><\/p>\n","protected":false},"featured_media":20686,"comment_status":"open","ping_status":"closed","template":"","meta":{"_acf_changed":false,"_monsterinsights_skip_tracking":false,"_monsterinsights_sitenote_active":false,"_monsterinsights_sitenote_note":"","_monsterinsights_sitenote_category":0},"product_brand":[],"product_cat":[79],"product_tag":[],"class_list":{"0":"post-20681","1":"product","2":"type-product","3":"status-publish","4":"has-post-thumbnail","6":"product_cat-prodotti","8":"first","9":"instock","10":"taxable","11":"shipping-taxable","12":"purchasable","13":"product-type-simple"},"acf":[],"yoast_head":"<!-- This site is optimized with the Yoast SEO plugin v27.2 - https:\/\/yoast.com\/product\/yoast-seo-wordpress\/ -->\n<title>Trattamento TERRA DI DIATOMEE TEA TREE Cimici dei Letti - Sereni-d\u00ae<\/title>\n<meta name=\"description\" content=\"Potente soluzione professionale contro le cimici dei letti. Eradica e previene il 100% delle cimici dei letti. 3 settimane di efficacia.\" \/>\n<meta name=\"robots\" content=\"index, follow, max-snippet:-1, max-image-preview:large, max-video-preview:-1\" \/>\n<link rel=\"canonical\" href=\"https:\/\/www.sereni-d.com\/it\/produits\/terra-di-diatomee-tea-tree-cimici-dei-letti\/\" \/>\n<meta property=\"og:locale\" content=\"it_IT\" \/>\n<meta property=\"og:type\" content=\"article\" \/>\n<meta property=\"og:title\" content=\"Trattamento TERRA DI DIATOMEE TEA TREE Cimici dei Letti - Sereni-d\u00ae\" \/>\n<meta property=\"og:description\" content=\"Potente soluzione professionale contro le cimici dei letti. Eradica e previene il 100% delle cimici dei letti. 3 settimane di efficacia.\" \/>\n<meta property=\"og:url\" content=\"https:\/\/www.sereni-d.com\/it\/produits\/terra-di-diatomee-tea-tree-cimici-dei-letti\/\" \/>\n<meta property=\"og:site_name\" content=\"Sereni-d\u00ae\" \/>\n<meta property=\"article:publisher\" content=\"https:\/\/www.facebook.com\/SereniDsante\/\" \/>\n<meta property=\"article:modified_time\" content=\"2026-04-19T15:53:35+00:00\" \/>\n<meta property=\"og:image\" content=\"https:\/\/www.sereni-d.com\/wp-content\/uploads\/2025\/11\/IT_tea-tree-scaled.jpg\" \/>\n\t<meta property=\"og:image:width\" content=\"2560\" \/>\n\t<meta property=\"og:image:height\" content=\"2560\" \/>\n\t<meta property=\"og:image:type\" content=\"image\/jpeg\" \/>\n<meta name=\"twitter:card\" content=\"summary_large_image\" \/>\n<meta name=\"twitter:label1\" content=\"Tempo di lettura stimato\" \/>\n\t<meta name=\"twitter:data1\" content=\"3 minuti\" \/>\n<script type=\"application\/ld+json\" class=\"yoast-schema-graph\">{\"@context\":\"https:\/\/schema.org\",\"@graph\":[{\"@type\":\"WebPage\",\"@id\":\"https:\/\/www.sereni-d.com\/it\/produits\/terra-di-diatomee-tea-tree-cimici-dei-letti\/\",\"url\":\"https:\/\/www.sereni-d.com\/it\/produits\/terra-di-diatomee-tea-tree-cimici-dei-letti\/\",\"name\":\"Trattamento TERRA DI DIATOMEE TEA TREE Cimici dei Letti - Sereni-d\u00ae\",\"isPartOf\":{\"@id\":\"https:\/\/www.sereni-d.com\/it\/#website\"},\"primaryImageOfPage\":{\"@id\":\"https:\/\/www.sereni-d.com\/it\/produits\/terra-di-diatomee-tea-tree-cimici-dei-letti\/#primaryimage\"},\"image\":{\"@id\":\"https:\/\/www.sereni-d.com\/it\/produits\/terra-di-diatomee-tea-tree-cimici-dei-letti\/#primaryimage\"},\"thumbnailUrl\":\"https:\/\/www.sereni-d.com\/wp-content\/uploads\/2025\/11\/IT_tea-tree-scaled.jpg\",\"datePublished\":\"2025-11-20T13:39:31+00:00\",\"dateModified\":\"2026-04-19T15:53:35+00:00\",\"description\":\"Potente soluzione professionale contro le cimici dei letti. Eradica e previene il 100% delle cimici dei letti. 3 settimane di efficacia.\",\"breadcrumb\":{\"@id\":\"https:\/\/www.sereni-d.com\/it\/produits\/terra-di-diatomee-tea-tree-cimici-dei-letti\/#breadcrumb\"},\"inLanguage\":\"it-IT\",\"potentialAction\":[{\"@type\":\"ReadAction\",\"target\":[\"https:\/\/www.sereni-d.com\/it\/produits\/terra-di-diatomee-tea-tree-cimici-dei-letti\/\"]}]},{\"@type\":\"ImageObject\",\"inLanguage\":\"it-IT\",\"@id\":\"https:\/\/www.sereni-d.com\/it\/produits\/terra-di-diatomee-tea-tree-cimici-dei-letti\/#primaryimage\",\"url\":\"https:\/\/www.sereni-d.com\/wp-content\/uploads\/2025\/11\/IT_tea-tree-scaled.jpg\",\"contentUrl\":\"https:\/\/www.sereni-d.com\/wp-content\/uploads\/2025\/11\/IT_tea-tree-scaled.jpg\",\"width\":2560,\"height\":2560,\"caption\":\"Terra di Diatomee al Tea Tree per Cimici dei Letti\"},{\"@type\":\"BreadcrumbList\",\"@id\":\"https:\/\/www.sereni-d.com\/it\/produits\/terra-di-diatomee-tea-tree-cimici-dei-letti\/#breadcrumb\",\"itemListElement\":[{\"@type\":\"ListItem\",\"position\":1,\"name\":\"Home page\",\"item\":\"https:\/\/www.sereni-d.com\/it\/\"},{\"@type\":\"ListItem\",\"position\":2,\"name\":\"Negozio\",\"item\":\"https:\/\/www.sereni-d.com\/it\/negozio\/\"},{\"@type\":\"ListItem\",\"position\":3,\"name\":\"Punaise de lit\",\"item\":\"https:\/\/www.sereni-d.com\/categories\/punaise-de-lit\/\"},{\"@type\":\"ListItem\",\"position\":4,\"name\":\"Prodotti\",\"item\":\"https:\/\/www.sereni-d.com\/it\/categories\/prodotti\/\"},{\"@type\":\"ListItem\",\"position\":5,\"name\":\"TERRA DI DIATOMEE al TEA TREE Cimici dei Letti\"}]},{\"@type\":\"WebSite\",\"@id\":\"https:\/\/www.sereni-d.com\/it\/#website\",\"url\":\"https:\/\/www.sereni-d.com\/it\/\",\"name\":\"Sereni-d\u00ae\",\"description\":\"EXPERT Punaises de Lit - Laboratoire SUISSE - Traitements concentr\u00e9s contres les Punaises de Lit. Protection Longue Dur\u00e9e. Efficacit\u00e9 prouv\u00e9e, r\u00e9sultat maximal. Recommand\u00e9 par les professionnels.\",\"publisher\":{\"@id\":\"https:\/\/www.sereni-d.com\/it\/#organization\"},\"potentialAction\":[{\"@type\":\"SearchAction\",\"target\":{\"@type\":\"EntryPoint\",\"urlTemplate\":\"https:\/\/www.sereni-d.com\/it\/?s={search_term_string}\"},\"query-input\":{\"@type\":\"PropertyValueSpecification\",\"valueRequired\":true,\"valueName\":\"search_term_string\"}}],\"inLanguage\":\"it-IT\"},{\"@type\":\"Organization\",\"@id\":\"https:\/\/www.sereni-d.com\/it\/#organization\",\"name\":\"Sereni-d\",\"url\":\"https:\/\/www.sereni-d.com\/it\/\",\"logo\":{\"@type\":\"ImageObject\",\"inLanguage\":\"it-IT\",\"@id\":\"https:\/\/www.sereni-d.com\/it\/#\/schema\/logo\/image\/\",\"url\":\"\",\"contentUrl\":\"\",\"caption\":\"Sereni-d\"},\"image\":{\"@id\":\"https:\/\/www.sereni-d.com\/it\/#\/schema\/logo\/image\/\"},\"sameAs\":[\"https:\/\/www.facebook.com\/SereniDsante\/\",\"https:\/\/www.instagram.com\/serenidsante\/\"]}]}<\/script>\n<!-- \/ Yoast SEO plugin. -->","yoast_head_json":{"title":"Trattamento TERRA DI DIATOMEE TEA TREE Cimici dei Letti - Sereni-d\u00ae","description":"Potente soluzione professionale contro le cimici dei letti. Eradica e previene il 100% delle cimici dei letti. 3 settimane di efficacia.","robots":{"index":"index","follow":"follow","max-snippet":"max-snippet:-1","max-image-preview":"max-image-preview:large","max-video-preview":"max-video-preview:-1"},"canonical":"https:\/\/www.sereni-d.com\/it\/produits\/terra-di-diatomee-tea-tree-cimici-dei-letti\/","og_locale":"it_IT","og_type":"article","og_title":"Trattamento TERRA DI DIATOMEE TEA TREE Cimici dei Letti - Sereni-d\u00ae","og_description":"Potente soluzione professionale contro le cimici dei letti. Eradica e previene il 100% delle cimici dei letti. 3 settimane di efficacia.","og_url":"https:\/\/www.sereni-d.com\/it\/produits\/terra-di-diatomee-tea-tree-cimici-dei-letti\/","og_site_name":"Sereni-d\u00ae","article_publisher":"https:\/\/www.facebook.com\/SereniDsante\/","article_modified_time":"2026-04-19T15:53:35+00:00","og_image":[{"width":2560,"height":2560,"url":"https:\/\/www.sereni-d.com\/wp-content\/uploads\/2025\/11\/IT_tea-tree-scaled.jpg","type":"image\/jpeg"}],"twitter_card":"summary_large_image","twitter_misc":{"Tempo di lettura stimato":"3 minuti"},"schema":{"@context":"https:\/\/schema.org","@graph":[{"@type":"WebPage","@id":"https:\/\/www.sereni-d.com\/it\/produits\/terra-di-diatomee-tea-tree-cimici-dei-letti\/","url":"https:\/\/www.sereni-d.com\/it\/produits\/terra-di-diatomee-tea-tree-cimici-dei-letti\/","name":"Trattamento TERRA DI DIATOMEE TEA TREE Cimici dei Letti - Sereni-d\u00ae","isPartOf":{"@id":"https:\/\/www.sereni-d.com\/it\/#website"},"primaryImageOfPage":{"@id":"https:\/\/www.sereni-d.com\/it\/produits\/terra-di-diatomee-tea-tree-cimici-dei-letti\/#primaryimage"},"image":{"@id":"https:\/\/www.sereni-d.com\/it\/produits\/terra-di-diatomee-tea-tree-cimici-dei-letti\/#primaryimage"},"thumbnailUrl":"https:\/\/www.sereni-d.com\/wp-content\/uploads\/2025\/11\/IT_tea-tree-scaled.jpg","datePublished":"2025-11-20T13:39:31+00:00","dateModified":"2026-04-19T15:53:35+00:00","description":"Potente soluzione professionale contro le cimici dei letti. Eradica e previene il 100% delle cimici dei letti. 3 settimane di efficacia.","breadcrumb":{"@id":"https:\/\/www.sereni-d.com\/it\/produits\/terra-di-diatomee-tea-tree-cimici-dei-letti\/#breadcrumb"},"inLanguage":"it-IT","potentialAction":[{"@type":"ReadAction","target":["https:\/\/www.sereni-d.com\/it\/produits\/terra-di-diatomee-tea-tree-cimici-dei-letti\/"]}]},{"@type":"ImageObject","inLanguage":"it-IT","@id":"https:\/\/www.sereni-d.com\/it\/produits\/terra-di-diatomee-tea-tree-cimici-dei-letti\/#primaryimage","url":"https:\/\/www.sereni-d.com\/wp-content\/uploads\/2025\/11\/IT_tea-tree-scaled.jpg","contentUrl":"https:\/\/www.sereni-d.com\/wp-content\/uploads\/2025\/11\/IT_tea-tree-scaled.jpg","width":2560,"height":2560,"caption":"Terra di Diatomee al Tea Tree per Cimici dei Letti"},{"@type":"BreadcrumbList","@id":"https:\/\/www.sereni-d.com\/it\/produits\/terra-di-diatomee-tea-tree-cimici-dei-letti\/#breadcrumb","itemListElement":[{"@type":"ListItem","position":1,"name":"Home page","item":"https:\/\/www.sereni-d.com\/it\/"},{"@type":"ListItem","position":2,"name":"Negozio","item":"https:\/\/www.sereni-d.com\/it\/negozio\/"},{"@type":"ListItem","position":3,"name":"Punaise de lit","item":"https:\/\/www.sereni-d.com\/categories\/punaise-de-lit\/"},{"@type":"ListItem","position":4,"name":"Prodotti","item":"https:\/\/www.sereni-d.com\/it\/categories\/prodotti\/"},{"@type":"ListItem","position":5,"name":"TERRA DI DIATOMEE al TEA TREE Cimici dei Letti"}]},{"@type":"WebSite","@id":"https:\/\/www.sereni-d.com\/it\/#website","url":"https:\/\/www.sereni-d.com\/it\/","name":"Sereni-d\u00ae","description":"EXPERT Punaises de Lit - Laboratoire SUISSE - Traitements concentr\u00e9s contres les Punaises de Lit. Protection Longue Dur\u00e9e. Efficacit\u00e9 prouv\u00e9e, r\u00e9sultat maximal. Recommand\u00e9 par les professionnels.","publisher":{"@id":"https:\/\/www.sereni-d.com\/it\/#organization"},"potentialAction":[{"@type":"SearchAction","target":{"@type":"EntryPoint","urlTemplate":"https:\/\/www.sereni-d.com\/it\/?s={search_term_string}"},"query-input":{"@type":"PropertyValueSpecification","valueRequired":true,"valueName":"search_term_string"}}],"inLanguage":"it-IT"},{"@type":"Organization","@id":"https:\/\/www.sereni-d.com\/it\/#organization","name":"Sereni-d","url":"https:\/\/www.sereni-d.com\/it\/","logo":{"@type":"ImageObject","inLanguage":"it-IT","@id":"https:\/\/www.sereni-d.com\/it\/#\/schema\/logo\/image\/","url":"","contentUrl":"","caption":"Sereni-d"},"image":{"@id":"https:\/\/www.sereni-d.com\/it\/#\/schema\/logo\/image\/"},"sameAs":["https:\/\/www.facebook.com\/SereniDsante\/","https:\/\/www.instagram.com\/serenidsante\/"]}]}},"_links":{"self":[{"href":"https:\/\/www.sereni-d.com\/it\/wp-json\/wp\/v2\/product\/20681","targetHints":{"allow":["GET"]}}],"collection":[{"href":"https:\/\/www.sereni-d.com\/it\/wp-json\/wp\/v2\/product"}],"about":[{"href":"https:\/\/www.sereni-d.com\/it\/wp-json\/wp\/v2\/types\/product"}],"replies":[{"embeddable":true,"href":"https:\/\/www.sereni-d.com\/it\/wp-json\/wp\/v2\/comments?post=20681"}],"wp:featuredmedia":[{"embeddable":true,"href":"https:\/\/www.sereni-d.com\/it\/wp-json\/wp\/v2\/media\/20686"}],"wp:attachment":[{"href":"https:\/\/www.sereni-d.com\/it\/wp-json\/wp\/v2\/media?parent=20681"}],"wp:term":[{"taxonomy":"product_brand","embeddable":true,"href":"https:\/\/www.sereni-d.com\/it\/wp-json\/wp\/v2\/product_brand?post=20681"},{"taxonomy":"product_cat","embeddable":true,"href":"https:\/\/www.sereni-d.com\/it\/wp-json\/wp\/v2\/product_cat?post=20681"},{"taxonomy":"product_tag","embeddable":true,"href":"https:\/\/www.sereni-d.com\/it\/wp-json\/wp\/v2\/product_tag?post=20681"}],"curies":[{"name":"wp","href":"https:\/\/api.w.org\/{rel}","templated":true}]}}