{"id":20698,"date":"2025-11-20T15:15:18","date_gmt":"2025-11-20T14:15:18","guid":{"rendered":"https:\/\/www.sereni-d.com\/?post_type=product&#038;p=20698"},"modified":"2026-04-19T16:23:35","modified_gmt":"2026-04-19T14:23:35","slug":"terra-di-diatomee-menta-formiche","status":"publish","type":"product","link":"https:\/\/www.sereni-d.com\/it\/produits\/terra-di-diatomee-menta-formiche\/","title":{"rendered":"TERRA DI DIATOMEE alla MENTA Formiche"},"content":{"rendered":"<p data-start=\"5239\" data-end=\"5433\"><strong data-start=\"5239\" data-end=\"5298\">TERRA DI DIATOMEE ALLA olio essenziale MENTA \u2013 TRATTAMENTO ANTIFORMICHE<\/strong> \u00e8 un aerosol pronto all\u2019uso, ispirato alla natura e sviluppato appositamente per combattere le formiche in modo preventivo e curativo.<\/p>\n<p data-start=\"5435\" data-end=\"5979\">La sua formula a base di terra di diatomee e menta, composta da fossili di alghe microscopiche, garantisce l\u2019eliminazione delle formiche grazie a un effetto abrasivo e a un\u2019azione disseccante. Attraverso i loro movimenti, le formiche si ricoprono di polvere di terra di diatomee e menta. L\u2019elevato potere assorbente della polvere rimuove i lipidi dalla cuticola, causando la disidratazione e la morte degli insetti nel giro di poche ore. Il profumo di olio essenziale di menta dona una piacevole sensazione di freschezza all\u2019ambiente domestico.<\/p>\n<p data-start=\"5981\" data-end=\"6598\">La sua formula concentrata garantisce un\u2019efficacia immediata (nel giro di poche ore) e una lunga durata (fino a 3 settimane di effetto residuale in condizioni ottimali di utilizzo). La terra di diatomee \u00e8 amorfa e non calcinata. L\u2019omologazione biocida garantisce un contenuto di silice (SiO\u2082) pari ad almeno il 90%, assicurando un altissimo livello di assorbimento ed efficacia contro le formiche. Questo \u00e8 ci\u00f2 che la differenzia dalla terra di diatomee non biocida, di grado alimentare, che contiene meno silice, particelle pi\u00f9 grandi e quindi un potere disseccante ridotto, risultando inefficace contro le formiche.<\/p>\n<p data-start=\"6600\" data-end=\"6849\">Spruzzata sui percorsi delle formiche, all\u2019ingresso dei nidi, nelle fessure, lungo i battiscopa e in altre zone buie, la terra di diatomee aderisce agli insetti e ne provoca la morte al contatto con le superfici trattate, disidratandoli rapidamente.<\/p>\n<p data-start=\"6851\" data-end=\"7274\">L\u2019aerosol <strong data-start=\"6861\" data-end=\"6893\">TERRA DI DIATOMEE ALLA MENTA<\/strong> \u00e8 una soluzione professionale per l\u2019eliminazione delle formiche che non genera fenomeni di resistenza. \u00c8 efficace anche contro altri insetti striscianti presenti in casa come cimici dei letti, ragni, acari, pulci, pesciolini d\u2019argento, scarafaggi e blatte. Rappresenta un\u2019alternativa complementare alle altre soluzioni Sereni-d\u00ae per una protezione domestica duratura e rinforzata.<\/p>\n<p data-start=\"7276\" data-end=\"7724\">L\u2019aerosol <strong data-start=\"7286\" data-end=\"7318\">TERRA DI DIATOMEE ALLA MENTA<\/strong> \u00e8 il vostro miglior alleato nella prevenzione e in caso di infestazioni di formiche. \u00c8 un\u2019alternativa meccanica di precisione ai trattamenti chimici. In ottica preventiva, applicato nei punti strategici, crea una vera barriera protettiva contro le formiche. La polvere di Terra di Diatomee alla Menta Sereni-d\u00ae consente un\u2019applicazione localizzata e non volatile, ideale per eliminare formiche e formicai.<\/p>\n<p data-start=\"7726\" data-end=\"7891\"><strong data-start=\"7726\" data-end=\"7766\">Garanzia di soddisfazione Sereni-d\u00ae:<\/strong> Se non siete soddisfatti del vostro acquisto, contattateci tramite la pagina di contatto e vi rimborseremo l\u2019intero importo.<\/p>\n","protected":false},"excerpt":{"rendered":"<p align=\"justify\">\u2022 Aerosol preventivo e curativo contro le formiche<br \/>\n\u2022 Elimina e previene il 100% delle formiche<br \/>\n\u2022 Protezione immediata, a lunga durata (fino a 3 settimane).<br \/>\n\u2022 Pi\u00f9 di 250.000 clienti soddisfatti di Sereni-d\u00ae.<\/p>\n<p align=\"justify\"><strong>FORMULA CONCENTRATA \u2013 RISULTATO MASSIMO<\/strong><\/p>\n","protected":false},"featured_media":20771,"comment_status":"open","ping_status":"closed","template":"","meta":{"_acf_changed":false,"_monsterinsights_skip_tracking":false,"_monsterinsights_sitenote_active":false,"_monsterinsights_sitenote_note":"","_monsterinsights_sitenote_category":0},"product_brand":[],"product_cat":[79],"product_tag":[],"class_list":{"0":"post-20698","1":"product","2":"type-product","3":"status-publish","4":"has-post-thumbnail","6":"product_cat-prodotti","8":"first","9":"instock","10":"taxable","11":"shipping-taxable","12":"purchasable","13":"product-type-simple"},"acf":[],"yoast_head":"<!-- This site is optimized with the Yoast SEO plugin v27.2 - https:\/\/yoast.com\/product\/yoast-seo-wordpress\/ -->\n<title>Terra di Diatomee alla olio essenziale Menta Trattamento Formiche- Sereni-d\u00ae<\/title>\n<meta name=\"description\" content=\"Soluzione professionale potente contro le formiche. Elimina e previene il 100% delle formiche. 3 settimane di efficacia.\" \/>\n<meta name=\"robots\" content=\"index, follow, max-snippet:-1, max-image-preview:large, max-video-preview:-1\" \/>\n<link rel=\"canonical\" href=\"https:\/\/www.sereni-d.com\/it\/produits\/terra-di-diatomee-menta-formiche\/\" \/>\n<meta property=\"og:locale\" content=\"it_IT\" \/>\n<meta property=\"og:type\" content=\"article\" \/>\n<meta property=\"og:title\" content=\"Terra di Diatomee alla olio essenziale Menta Trattamento Formiche- Sereni-d\u00ae\" \/>\n<meta property=\"og:description\" content=\"Soluzione professionale potente contro le formiche. Elimina e previene il 100% delle formiche. 3 settimane di efficacia.\" \/>\n<meta property=\"og:url\" content=\"https:\/\/www.sereni-d.com\/it\/produits\/terra-di-diatomee-menta-formiche\/\" \/>\n<meta property=\"og:site_name\" content=\"Sereni-d\u00ae\" \/>\n<meta property=\"article:publisher\" content=\"https:\/\/www.facebook.com\/SereniDsante\/\" \/>\n<meta property=\"article:modified_time\" content=\"2026-04-19T14:23:35+00:00\" \/>\n<meta property=\"og:image\" content=\"https:\/\/www.sereni-d.com\/wp-content\/uploads\/2025\/11\/IT_menthe-fourmis-scaled.jpg\" \/>\n\t<meta property=\"og:image:width\" content=\"2560\" \/>\n\t<meta property=\"og:image:height\" content=\"2560\" \/>\n\t<meta property=\"og:image:type\" content=\"image\/jpeg\" \/>\n<meta name=\"twitter:card\" content=\"summary_large_image\" \/>\n<meta name=\"twitter:label1\" content=\"Tempo di lettura stimato\" \/>\n\t<meta name=\"twitter:data1\" content=\"3 minuti\" \/>\n<script type=\"application\/ld+json\" class=\"yoast-schema-graph\">{\"@context\":\"https:\/\/schema.org\",\"@graph\":[{\"@type\":\"WebPage\",\"@id\":\"https:\/\/www.sereni-d.com\/it\/produits\/terra-di-diatomee-menta-formiche\/\",\"url\":\"https:\/\/www.sereni-d.com\/it\/produits\/terra-di-diatomee-menta-formiche\/\",\"name\":\"Terra di Diatomee alla olio essenziale Menta Trattamento Formiche- Sereni-d\u00ae\",\"isPartOf\":{\"@id\":\"https:\/\/www.sereni-d.com\/it\/#website\"},\"primaryImageOfPage\":{\"@id\":\"https:\/\/www.sereni-d.com\/it\/produits\/terra-di-diatomee-menta-formiche\/#primaryimage\"},\"image\":{\"@id\":\"https:\/\/www.sereni-d.com\/it\/produits\/terra-di-diatomee-menta-formiche\/#primaryimage\"},\"thumbnailUrl\":\"https:\/\/www.sereni-d.com\/wp-content\/uploads\/2025\/11\/IT_menthe-fourmis-scaled.jpg\",\"datePublished\":\"2025-11-20T14:15:18+00:00\",\"dateModified\":\"2026-04-19T14:23:35+00:00\",\"description\":\"Soluzione professionale potente contro le formiche. Elimina e previene il 100% delle formiche. 3 settimane di efficacia.\",\"breadcrumb\":{\"@id\":\"https:\/\/www.sereni-d.com\/it\/produits\/terra-di-diatomee-menta-formiche\/#breadcrumb\"},\"inLanguage\":\"it-IT\",\"potentialAction\":[{\"@type\":\"ReadAction\",\"target\":[\"https:\/\/www.sereni-d.com\/it\/produits\/terra-di-diatomee-menta-formiche\/\"]}]},{\"@type\":\"ImageObject\",\"inLanguage\":\"it-IT\",\"@id\":\"https:\/\/www.sereni-d.com\/it\/produits\/terra-di-diatomee-menta-formiche\/#primaryimage\",\"url\":\"https:\/\/www.sereni-d.com\/wp-content\/uploads\/2025\/11\/IT_menthe-fourmis-scaled.jpg\",\"contentUrl\":\"https:\/\/www.sereni-d.com\/wp-content\/uploads\/2025\/11\/IT_menthe-fourmis-scaled.jpg\",\"width\":2560,\"height\":2560,\"caption\":\"Terra di Diatomee con Olio Essenzialementhe\"},{\"@type\":\"BreadcrumbList\",\"@id\":\"https:\/\/www.sereni-d.com\/it\/produits\/terra-di-diatomee-menta-formiche\/#breadcrumb\",\"itemListElement\":[{\"@type\":\"ListItem\",\"position\":1,\"name\":\"Home page\",\"item\":\"https:\/\/www.sereni-d.com\/it\/\"},{\"@type\":\"ListItem\",\"position\":2,\"name\":\"Negozio\",\"item\":\"https:\/\/www.sereni-d.com\/it\/negozio\/\"},{\"@type\":\"ListItem\",\"position\":3,\"name\":\"Punaise de lit\",\"item\":\"https:\/\/www.sereni-d.com\/categories\/punaise-de-lit\/\"},{\"@type\":\"ListItem\",\"position\":4,\"name\":\"Prodotti\",\"item\":\"https:\/\/www.sereni-d.com\/it\/categories\/prodotti\/\"},{\"@type\":\"ListItem\",\"position\":5,\"name\":\"TERRA DI DIATOMEE alla MENTA Formiche\"}]},{\"@type\":\"WebSite\",\"@id\":\"https:\/\/www.sereni-d.com\/it\/#website\",\"url\":\"https:\/\/www.sereni-d.com\/it\/\",\"name\":\"Sereni-d\u00ae\",\"description\":\"EXPERT Punaises de Lit - Laboratoire SUISSE - Traitements concentr\u00e9s contres les Punaises de Lit. Protection Longue Dur\u00e9e. Efficacit\u00e9 prouv\u00e9e, r\u00e9sultat maximal. Recommand\u00e9 par les professionnels.\",\"publisher\":{\"@id\":\"https:\/\/www.sereni-d.com\/it\/#organization\"},\"potentialAction\":[{\"@type\":\"SearchAction\",\"target\":{\"@type\":\"EntryPoint\",\"urlTemplate\":\"https:\/\/www.sereni-d.com\/it\/?s={search_term_string}\"},\"query-input\":{\"@type\":\"PropertyValueSpecification\",\"valueRequired\":true,\"valueName\":\"search_term_string\"}}],\"inLanguage\":\"it-IT\"},{\"@type\":\"Organization\",\"@id\":\"https:\/\/www.sereni-d.com\/it\/#organization\",\"name\":\"Sereni-d\",\"url\":\"https:\/\/www.sereni-d.com\/it\/\",\"logo\":{\"@type\":\"ImageObject\",\"inLanguage\":\"it-IT\",\"@id\":\"https:\/\/www.sereni-d.com\/it\/#\/schema\/logo\/image\/\",\"url\":\"\",\"contentUrl\":\"\",\"caption\":\"Sereni-d\"},\"image\":{\"@id\":\"https:\/\/www.sereni-d.com\/it\/#\/schema\/logo\/image\/\"},\"sameAs\":[\"https:\/\/www.facebook.com\/SereniDsante\/\",\"https:\/\/www.instagram.com\/serenidsante\/\"]}]}<\/script>\n<!-- \/ Yoast SEO plugin. -->","yoast_head_json":{"title":"Terra di Diatomee alla olio essenziale Menta Trattamento Formiche- Sereni-d\u00ae","description":"Soluzione professionale potente contro le formiche. Elimina e previene il 100% delle formiche. 3 settimane di efficacia.","robots":{"index":"index","follow":"follow","max-snippet":"max-snippet:-1","max-image-preview":"max-image-preview:large","max-video-preview":"max-video-preview:-1"},"canonical":"https:\/\/www.sereni-d.com\/it\/produits\/terra-di-diatomee-menta-formiche\/","og_locale":"it_IT","og_type":"article","og_title":"Terra di Diatomee alla olio essenziale Menta Trattamento Formiche- Sereni-d\u00ae","og_description":"Soluzione professionale potente contro le formiche. Elimina e previene il 100% delle formiche. 3 settimane di efficacia.","og_url":"https:\/\/www.sereni-d.com\/it\/produits\/terra-di-diatomee-menta-formiche\/","og_site_name":"Sereni-d\u00ae","article_publisher":"https:\/\/www.facebook.com\/SereniDsante\/","article_modified_time":"2026-04-19T14:23:35+00:00","og_image":[{"width":2560,"height":2560,"url":"https:\/\/www.sereni-d.com\/wp-content\/uploads\/2025\/11\/IT_menthe-fourmis-scaled.jpg","type":"image\/jpeg"}],"twitter_card":"summary_large_image","twitter_misc":{"Tempo di lettura stimato":"3 minuti"},"schema":{"@context":"https:\/\/schema.org","@graph":[{"@type":"WebPage","@id":"https:\/\/www.sereni-d.com\/it\/produits\/terra-di-diatomee-menta-formiche\/","url":"https:\/\/www.sereni-d.com\/it\/produits\/terra-di-diatomee-menta-formiche\/","name":"Terra di Diatomee alla olio essenziale Menta Trattamento Formiche- Sereni-d\u00ae","isPartOf":{"@id":"https:\/\/www.sereni-d.com\/it\/#website"},"primaryImageOfPage":{"@id":"https:\/\/www.sereni-d.com\/it\/produits\/terra-di-diatomee-menta-formiche\/#primaryimage"},"image":{"@id":"https:\/\/www.sereni-d.com\/it\/produits\/terra-di-diatomee-menta-formiche\/#primaryimage"},"thumbnailUrl":"https:\/\/www.sereni-d.com\/wp-content\/uploads\/2025\/11\/IT_menthe-fourmis-scaled.jpg","datePublished":"2025-11-20T14:15:18+00:00","dateModified":"2026-04-19T14:23:35+00:00","description":"Soluzione professionale potente contro le formiche. Elimina e previene il 100% delle formiche. 3 settimane di efficacia.","breadcrumb":{"@id":"https:\/\/www.sereni-d.com\/it\/produits\/terra-di-diatomee-menta-formiche\/#breadcrumb"},"inLanguage":"it-IT","potentialAction":[{"@type":"ReadAction","target":["https:\/\/www.sereni-d.com\/it\/produits\/terra-di-diatomee-menta-formiche\/"]}]},{"@type":"ImageObject","inLanguage":"it-IT","@id":"https:\/\/www.sereni-d.com\/it\/produits\/terra-di-diatomee-menta-formiche\/#primaryimage","url":"https:\/\/www.sereni-d.com\/wp-content\/uploads\/2025\/11\/IT_menthe-fourmis-scaled.jpg","contentUrl":"https:\/\/www.sereni-d.com\/wp-content\/uploads\/2025\/11\/IT_menthe-fourmis-scaled.jpg","width":2560,"height":2560,"caption":"Terra di Diatomee con Olio Essenzialementhe"},{"@type":"BreadcrumbList","@id":"https:\/\/www.sereni-d.com\/it\/produits\/terra-di-diatomee-menta-formiche\/#breadcrumb","itemListElement":[{"@type":"ListItem","position":1,"name":"Home page","item":"https:\/\/www.sereni-d.com\/it\/"},{"@type":"ListItem","position":2,"name":"Negozio","item":"https:\/\/www.sereni-d.com\/it\/negozio\/"},{"@type":"ListItem","position":3,"name":"Punaise de lit","item":"https:\/\/www.sereni-d.com\/categories\/punaise-de-lit\/"},{"@type":"ListItem","position":4,"name":"Prodotti","item":"https:\/\/www.sereni-d.com\/it\/categories\/prodotti\/"},{"@type":"ListItem","position":5,"name":"TERRA DI DIATOMEE alla MENTA Formiche"}]},{"@type":"WebSite","@id":"https:\/\/www.sereni-d.com\/it\/#website","url":"https:\/\/www.sereni-d.com\/it\/","name":"Sereni-d\u00ae","description":"EXPERT Punaises de Lit - Laboratoire SUISSE - Traitements concentr\u00e9s contres les Punaises de Lit. Protection Longue Dur\u00e9e. Efficacit\u00e9 prouv\u00e9e, r\u00e9sultat maximal. Recommand\u00e9 par les professionnels.","publisher":{"@id":"https:\/\/www.sereni-d.com\/it\/#organization"},"potentialAction":[{"@type":"SearchAction","target":{"@type":"EntryPoint","urlTemplate":"https:\/\/www.sereni-d.com\/it\/?s={search_term_string}"},"query-input":{"@type":"PropertyValueSpecification","valueRequired":true,"valueName":"search_term_string"}}],"inLanguage":"it-IT"},{"@type":"Organization","@id":"https:\/\/www.sereni-d.com\/it\/#organization","name":"Sereni-d","url":"https:\/\/www.sereni-d.com\/it\/","logo":{"@type":"ImageObject","inLanguage":"it-IT","@id":"https:\/\/www.sereni-d.com\/it\/#\/schema\/logo\/image\/","url":"","contentUrl":"","caption":"Sereni-d"},"image":{"@id":"https:\/\/www.sereni-d.com\/it\/#\/schema\/logo\/image\/"},"sameAs":["https:\/\/www.facebook.com\/SereniDsante\/","https:\/\/www.instagram.com\/serenidsante\/"]}]}},"_links":{"self":[{"href":"https:\/\/www.sereni-d.com\/it\/wp-json\/wp\/v2\/product\/20698","targetHints":{"allow":["GET"]}}],"collection":[{"href":"https:\/\/www.sereni-d.com\/it\/wp-json\/wp\/v2\/product"}],"about":[{"href":"https:\/\/www.sereni-d.com\/it\/wp-json\/wp\/v2\/types\/product"}],"replies":[{"embeddable":true,"href":"https:\/\/www.sereni-d.com\/it\/wp-json\/wp\/v2\/comments?post=20698"}],"wp:featuredmedia":[{"embeddable":true,"href":"https:\/\/www.sereni-d.com\/it\/wp-json\/wp\/v2\/media\/20771"}],"wp:attachment":[{"href":"https:\/\/www.sereni-d.com\/it\/wp-json\/wp\/v2\/media?parent=20698"}],"wp:term":[{"taxonomy":"product_brand","embeddable":true,"href":"https:\/\/www.sereni-d.com\/it\/wp-json\/wp\/v2\/product_brand?post=20698"},{"taxonomy":"product_cat","embeddable":true,"href":"https:\/\/www.sereni-d.com\/it\/wp-json\/wp\/v2\/product_cat?post=20698"},{"taxonomy":"product_tag","embeddable":true,"href":"https:\/\/www.sereni-d.com\/it\/wp-json\/wp\/v2\/product_tag?post=20698"}],"curies":[{"name":"wp","href":"https:\/\/api.w.org\/{rel}","templated":true}]}}