{"id":23192,"date":"2026-03-17T13:37:15","date_gmt":"2026-03-17T12:37:15","guid":{"rendered":"https:\/\/www.sereni-d.com\/?post_type=product&#038;p=23192"},"modified":"2026-05-03T18:50:52","modified_gmt":"2026-05-03T16:50:52","slug":"diffusore-repellente-tarme-tessili","status":"publish","type":"product","link":"https:\/\/www.sereni-d.com\/it\/produits\/diffusore-repellente-tarme-tessili\/","title":{"rendered":"MINT POWER \u2013 Diffusore Repellente Tarme Tessili"},"content":{"rendered":"<p data-start=\"1838\" data-end=\"2031\"><strong>MINT POWER \u2013 Diffusore Repellente Tarme Tessili<\/strong> \u00e8 una soluzione pronta all\u2019uso appositamente sviluppata per <strong>proteggere efficacemente i vostri vestiti dalle tarme<\/strong>, esclusivamente in prevenzione.<\/p>\n<p data-start=\"2033\" data-end=\"2368\">La sua formula a base di olio di menta, accuratamente selezionato per le sue propriet\u00e0 <strong>naturalmente repellenti<\/strong>, agisce creando una potente barriera olfattiva che disturba i recettori sensoriali delle tarme. Incapaci di riconoscere un ambiente favorevole, le tarme vengono impedite di avvicinarsi, insediarsi e deporre uova sui tessuti.<\/p>\n<p data-start=\"2370\" data-end=\"2682\">Posizionato in cassetti, armadi o guardaroba, la diffusione graduale dell\u2019ingrediente attivo garantisce una protezione omogenea e continua degli spazi di conservazione. Il diffusore <strong>protegge a lungo abiti, lana, cashmere, cappotti, pellicce e tessuti delicati, diffondendo una piacevole sensazione di freschezza<\/strong>.<\/p>\n<p data-start=\"2684\" data-end=\"2958\">Le tarme tessili sono attratte dalle fibre naturali e dagli ambienti bui e poco ventilati; \u00e8 quindi essenziale agire in prevenzione. Grazie alla sua azione mirata, MINT POWER rappresenta una soluzione semplice, pulita ed efficace per preservare i vostri tessuti ogni giorno.<\/p>\n<p data-start=\"2960\" data-end=\"3172\">L\u2019azione \u00e8 immediata e l\u2019efficacia pu\u00f2 durare fino a <strong>1 mese in condizioni ottimali<\/strong>. Per prestazioni massime, si consiglia di lasciare diffondere il prodotto per almeno 7 giorni per creare una protezione duratura.<\/p>\n<p data-start=\"3174\" data-end=\"3400\">Il diffusore MINT POWER \u00e8 una soluzione <strong>esclusivamente preventiva<\/strong>. Prima dell\u2019uso, assicurarsi dell\u2019assenza di infestazioni attive (larve o tarme visibili). In caso di dubbio, applicare preventivamente un trattamento curativo.<\/p>\n<p data-start=\"3402\" data-end=\"3586\">Facile da usare, senza contatto diretto con i vestiti, il diffusore MINT POWER si integra perfettamente nella vostra routine di manutenzione per una protezione continua e senza sforzo.<\/p>\n<p data-start=\"5239\" data-end=\"5433\"><strong data-start=\"7726\" data-end=\"7766\">Garanzia di soddisfazione Sereni-d\u00ae:<\/strong> Se non siete soddisfatti del vostro acquisto, contattateci tramite la <a href=\"https:\/\/www.sereni-d.com\/it\/contatti\/\">pagina di contatto<\/a> e vi rimborseremo l\u2019intero importo.<\/p>\n","protected":false},"excerpt":{"rendered":"<p align=\"justify\">\u2022 Barriera olfattiva protettiva naturale alla menta<br \/>\n\u2022 Protegge dalle tarme tessili in armadi, guardaroba, cassetti e cabine armadio<br \/>\n\u2022 Protezione immediata e di lunga durata (fino a 1 mese)<br \/>\n\u2022 Pi\u00f9 di 250.000 clienti soddisfatti di Sereni-d\u00ae.<\/p>\n<p align=\"justify\"><strong>FORMULA CONCENTRATA \u2013 RISULTATO MASSIMO<\/strong><\/p>\n","protected":false},"featured_media":23199,"comment_status":"open","ping_status":"closed","template":"","meta":{"_acf_changed":false,"_monsterinsights_skip_tracking":false,"_monsterinsights_sitenote_active":false,"_monsterinsights_sitenote_note":"","_monsterinsights_sitenote_category":0},"product_brand":[],"product_cat":[79],"product_tag":[],"class_list":{"0":"post-23192","1":"product","2":"type-product","3":"status-publish","4":"has-post-thumbnail","6":"product_cat-prodotti","8":"first","9":"outofstock","10":"taxable","11":"shipping-taxable","12":"purchasable","13":"product-type-simple"},"acf":[],"yoast_head":"<!-- This site is optimized with the Yoast SEO plugin v27.4 - https:\/\/yoast.com\/product\/yoast-seo-wordpress\/ -->\n<title>Diffusore Repellente Tarme Tessili MINT POWER<\/title>\n<meta name=\"description\" content=\"Soluzione professionale potente contro le tarme. Repellente per tarme tessili a base di olio di menta. Efficacia fino a 1 mese.\" \/>\n<meta name=\"robots\" content=\"index, follow, max-snippet:-1, max-image-preview:large, max-video-preview:-1\" \/>\n<link rel=\"canonical\" href=\"https:\/\/www.sereni-d.com\/it\/produits\/diffusore-repellente-tarme-tessili\/\" \/>\n<meta property=\"og:locale\" content=\"it_IT\" \/>\n<meta property=\"og:type\" content=\"article\" \/>\n<meta property=\"og:title\" content=\"Diffusore Repellente Tarme Tessili MINT POWER\" \/>\n<meta property=\"og:description\" content=\"Soluzione professionale potente contro le tarme. Repellente per tarme tessili a base di olio di menta. Efficacia fino a 1 mese.\" \/>\n<meta property=\"og:url\" content=\"https:\/\/www.sereni-d.com\/it\/produits\/diffusore-repellente-tarme-tessili\/\" \/>\n<meta property=\"og:site_name\" content=\"Sereni-d\u00ae\" \/>\n<meta property=\"article:publisher\" content=\"https:\/\/www.facebook.com\/SereniDsante\/\" \/>\n<meta property=\"article:modified_time\" content=\"2026-05-03T16:50:52+00:00\" \/>\n<meta property=\"og:image\" content=\"https:\/\/www.sereni-d.com\/wp-content\/uploads\/2026\/03\/IT_anti-mites-cire-1-scaled.jpg\" \/>\n\t<meta property=\"og:image:width\" content=\"2560\" \/>\n\t<meta property=\"og:image:height\" content=\"2560\" \/>\n\t<meta property=\"og:image:type\" content=\"image\/jpeg\" \/>\n<meta name=\"twitter:card\" content=\"summary_large_image\" \/>\n<meta name=\"twitter:label1\" content=\"Tempo di lettura stimato\" \/>\n\t<meta name=\"twitter:data1\" content=\"2 minuti\" \/>\n<script type=\"application\/ld+json\" class=\"yoast-schema-graph\">{\"@context\":\"https:\\\/\\\/schema.org\",\"@graph\":[{\"@type\":\"WebPage\",\"@id\":\"https:\\\/\\\/www.sereni-d.com\\\/it\\\/produits\\\/diffusore-repellente-tarme-tessili\\\/\",\"url\":\"https:\\\/\\\/www.sereni-d.com\\\/it\\\/produits\\\/diffusore-repellente-tarme-tessili\\\/\",\"name\":\"Diffusore Repellente Tarme Tessili MINT POWER\",\"isPartOf\":{\"@id\":\"https:\\\/\\\/www.sereni-d.com\\\/it\\\/#website\"},\"primaryImageOfPage\":{\"@id\":\"https:\\\/\\\/www.sereni-d.com\\\/it\\\/produits\\\/diffusore-repellente-tarme-tessili\\\/#primaryimage\"},\"image\":{\"@id\":\"https:\\\/\\\/www.sereni-d.com\\\/it\\\/produits\\\/diffusore-repellente-tarme-tessili\\\/#primaryimage\"},\"thumbnailUrl\":\"https:\\\/\\\/www.sereni-d.com\\\/wp-content\\\/uploads\\\/2026\\\/03\\\/IT_anti-mites-cire-1-scaled.jpg\",\"datePublished\":\"2026-03-17T12:37:15+00:00\",\"dateModified\":\"2026-05-03T16:50:52+00:00\",\"description\":\"Soluzione professionale potente contro le tarme. Repellente per tarme tessili a base di olio di menta. Efficacia fino a 1 mese.\",\"breadcrumb\":{\"@id\":\"https:\\\/\\\/www.sereni-d.com\\\/it\\\/produits\\\/diffusore-repellente-tarme-tessili\\\/#breadcrumb\"},\"inLanguage\":\"it-IT\",\"potentialAction\":[{\"@type\":\"ReadAction\",\"target\":[\"https:\\\/\\\/www.sereni-d.com\\\/it\\\/produits\\\/diffusore-repellente-tarme-tessili\\\/\"]}]},{\"@type\":\"ImageObject\",\"inLanguage\":\"it-IT\",\"@id\":\"https:\\\/\\\/www.sereni-d.com\\\/it\\\/produits\\\/diffusore-repellente-tarme-tessili\\\/#primaryimage\",\"url\":\"https:\\\/\\\/www.sereni-d.com\\\/wp-content\\\/uploads\\\/2026\\\/03\\\/IT_anti-mites-cire-1-scaled.jpg\",\"contentUrl\":\"https:\\\/\\\/www.sereni-d.com\\\/wp-content\\\/uploads\\\/2026\\\/03\\\/IT_anti-mites-cire-1-scaled.jpg\",\"width\":2560,\"height\":2560},{\"@type\":\"BreadcrumbList\",\"@id\":\"https:\\\/\\\/www.sereni-d.com\\\/it\\\/produits\\\/diffusore-repellente-tarme-tessili\\\/#breadcrumb\",\"itemListElement\":[{\"@type\":\"ListItem\",\"position\":1,\"name\":\"Home page\",\"item\":\"https:\\\/\\\/www.sereni-d.com\\\/it\\\/\"},{\"@type\":\"ListItem\",\"position\":2,\"name\":\"Negozio\",\"item\":\"https:\\\/\\\/www.sereni-d.com\\\/it\\\/negozio\\\/\"},{\"@type\":\"ListItem\",\"position\":3,\"name\":\"Punaise de lit\",\"item\":\"https:\\\/\\\/www.sereni-d.com\\\/categories\\\/punaise-de-lit\\\/\"},{\"@type\":\"ListItem\",\"position\":4,\"name\":\"Prodotti\",\"item\":\"https:\\\/\\\/www.sereni-d.com\\\/it\\\/categories\\\/prodotti\\\/\"},{\"@type\":\"ListItem\",\"position\":5,\"name\":\"MINT POWER \u2013 Diffusore Repellente Tarme Tessili\"}]},{\"@type\":\"WebSite\",\"@id\":\"https:\\\/\\\/www.sereni-d.com\\\/it\\\/#website\",\"url\":\"https:\\\/\\\/www.sereni-d.com\\\/it\\\/\",\"name\":\"Sereni-d\u00ae\",\"description\":\"EXPERT Punaises de Lit - Laboratoire SUISSE - Traitements concentr\u00e9s contres les Punaises de Lit. Protection Longue Dur\u00e9e. Efficacit\u00e9 prouv\u00e9e, r\u00e9sultat maximal. Recommand\u00e9 par les professionnels.\",\"publisher\":{\"@id\":\"https:\\\/\\\/www.sereni-d.com\\\/it\\\/#organization\"},\"potentialAction\":[{\"@type\":\"SearchAction\",\"target\":{\"@type\":\"EntryPoint\",\"urlTemplate\":\"https:\\\/\\\/www.sereni-d.com\\\/it\\\/?s={search_term_string}\"},\"query-input\":{\"@type\":\"PropertyValueSpecification\",\"valueRequired\":true,\"valueName\":\"search_term_string\"}}],\"inLanguage\":\"it-IT\"},{\"@type\":\"Organization\",\"@id\":\"https:\\\/\\\/www.sereni-d.com\\\/it\\\/#organization\",\"name\":\"Sereni-d\",\"url\":\"https:\\\/\\\/www.sereni-d.com\\\/it\\\/\",\"logo\":{\"@type\":\"ImageObject\",\"inLanguage\":\"it-IT\",\"@id\":\"https:\\\/\\\/www.sereni-d.com\\\/it\\\/#\\\/schema\\\/logo\\\/image\\\/\",\"url\":\"\",\"contentUrl\":\"\",\"caption\":\"Sereni-d\"},\"image\":{\"@id\":\"https:\\\/\\\/www.sereni-d.com\\\/it\\\/#\\\/schema\\\/logo\\\/image\\\/\"},\"sameAs\":[\"https:\\\/\\\/www.facebook.com\\\/SereniDsante\\\/\",\"https:\\\/\\\/www.instagram.com\\\/serenidsante\\\/\"]}]}<\/script>\n<!-- \/ Yoast SEO plugin. -->","yoast_head_json":{"title":"Diffusore Repellente Tarme Tessili MINT POWER","description":"Soluzione professionale potente contro le tarme. Repellente per tarme tessili a base di olio di menta. Efficacia fino a 1 mese.","robots":{"index":"index","follow":"follow","max-snippet":"max-snippet:-1","max-image-preview":"max-image-preview:large","max-video-preview":"max-video-preview:-1"},"canonical":"https:\/\/www.sereni-d.com\/it\/produits\/diffusore-repellente-tarme-tessili\/","og_locale":"it_IT","og_type":"article","og_title":"Diffusore Repellente Tarme Tessili MINT POWER","og_description":"Soluzione professionale potente contro le tarme. Repellente per tarme tessili a base di olio di menta. Efficacia fino a 1 mese.","og_url":"https:\/\/www.sereni-d.com\/it\/produits\/diffusore-repellente-tarme-tessili\/","og_site_name":"Sereni-d\u00ae","article_publisher":"https:\/\/www.facebook.com\/SereniDsante\/","article_modified_time":"2026-05-03T16:50:52+00:00","og_image":[{"width":2560,"height":2560,"url":"https:\/\/www.sereni-d.com\/wp-content\/uploads\/2026\/03\/IT_anti-mites-cire-1-scaled.jpg","type":"image\/jpeg"}],"twitter_card":"summary_large_image","twitter_misc":{"Tempo di lettura stimato":"2 minuti"},"schema":{"@context":"https:\/\/schema.org","@graph":[{"@type":"WebPage","@id":"https:\/\/www.sereni-d.com\/it\/produits\/diffusore-repellente-tarme-tessili\/","url":"https:\/\/www.sereni-d.com\/it\/produits\/diffusore-repellente-tarme-tessili\/","name":"Diffusore Repellente Tarme Tessili MINT POWER","isPartOf":{"@id":"https:\/\/www.sereni-d.com\/it\/#website"},"primaryImageOfPage":{"@id":"https:\/\/www.sereni-d.com\/it\/produits\/diffusore-repellente-tarme-tessili\/#primaryimage"},"image":{"@id":"https:\/\/www.sereni-d.com\/it\/produits\/diffusore-repellente-tarme-tessili\/#primaryimage"},"thumbnailUrl":"https:\/\/www.sereni-d.com\/wp-content\/uploads\/2026\/03\/IT_anti-mites-cire-1-scaled.jpg","datePublished":"2026-03-17T12:37:15+00:00","dateModified":"2026-05-03T16:50:52+00:00","description":"Soluzione professionale potente contro le tarme. Repellente per tarme tessili a base di olio di menta. Efficacia fino a 1 mese.","breadcrumb":{"@id":"https:\/\/www.sereni-d.com\/it\/produits\/diffusore-repellente-tarme-tessili\/#breadcrumb"},"inLanguage":"it-IT","potentialAction":[{"@type":"ReadAction","target":["https:\/\/www.sereni-d.com\/it\/produits\/diffusore-repellente-tarme-tessili\/"]}]},{"@type":"ImageObject","inLanguage":"it-IT","@id":"https:\/\/www.sereni-d.com\/it\/produits\/diffusore-repellente-tarme-tessili\/#primaryimage","url":"https:\/\/www.sereni-d.com\/wp-content\/uploads\/2026\/03\/IT_anti-mites-cire-1-scaled.jpg","contentUrl":"https:\/\/www.sereni-d.com\/wp-content\/uploads\/2026\/03\/IT_anti-mites-cire-1-scaled.jpg","width":2560,"height":2560},{"@type":"BreadcrumbList","@id":"https:\/\/www.sereni-d.com\/it\/produits\/diffusore-repellente-tarme-tessili\/#breadcrumb","itemListElement":[{"@type":"ListItem","position":1,"name":"Home page","item":"https:\/\/www.sereni-d.com\/it\/"},{"@type":"ListItem","position":2,"name":"Negozio","item":"https:\/\/www.sereni-d.com\/it\/negozio\/"},{"@type":"ListItem","position":3,"name":"Punaise de lit","item":"https:\/\/www.sereni-d.com\/categories\/punaise-de-lit\/"},{"@type":"ListItem","position":4,"name":"Prodotti","item":"https:\/\/www.sereni-d.com\/it\/categories\/prodotti\/"},{"@type":"ListItem","position":5,"name":"MINT POWER \u2013 Diffusore Repellente Tarme Tessili"}]},{"@type":"WebSite","@id":"https:\/\/www.sereni-d.com\/it\/#website","url":"https:\/\/www.sereni-d.com\/it\/","name":"Sereni-d\u00ae","description":"EXPERT Punaises de Lit - Laboratoire SUISSE - Traitements concentr\u00e9s contres les Punaises de Lit. Protection Longue Dur\u00e9e. Efficacit\u00e9 prouv\u00e9e, r\u00e9sultat maximal. Recommand\u00e9 par les professionnels.","publisher":{"@id":"https:\/\/www.sereni-d.com\/it\/#organization"},"potentialAction":[{"@type":"SearchAction","target":{"@type":"EntryPoint","urlTemplate":"https:\/\/www.sereni-d.com\/it\/?s={search_term_string}"},"query-input":{"@type":"PropertyValueSpecification","valueRequired":true,"valueName":"search_term_string"}}],"inLanguage":"it-IT"},{"@type":"Organization","@id":"https:\/\/www.sereni-d.com\/it\/#organization","name":"Sereni-d","url":"https:\/\/www.sereni-d.com\/it\/","logo":{"@type":"ImageObject","inLanguage":"it-IT","@id":"https:\/\/www.sereni-d.com\/it\/#\/schema\/logo\/image\/","url":"","contentUrl":"","caption":"Sereni-d"},"image":{"@id":"https:\/\/www.sereni-d.com\/it\/#\/schema\/logo\/image\/"},"sameAs":["https:\/\/www.facebook.com\/SereniDsante\/","https:\/\/www.instagram.com\/serenidsante\/"]}]}},"_links":{"self":[{"href":"https:\/\/www.sereni-d.com\/it\/wp-json\/wp\/v2\/product\/23192","targetHints":{"allow":["GET"]}}],"collection":[{"href":"https:\/\/www.sereni-d.com\/it\/wp-json\/wp\/v2\/product"}],"about":[{"href":"https:\/\/www.sereni-d.com\/it\/wp-json\/wp\/v2\/types\/product"}],"replies":[{"embeddable":true,"href":"https:\/\/www.sereni-d.com\/it\/wp-json\/wp\/v2\/comments?post=23192"}],"wp:featuredmedia":[{"embeddable":true,"href":"https:\/\/www.sereni-d.com\/it\/wp-json\/wp\/v2\/media\/23199"}],"wp:attachment":[{"href":"https:\/\/www.sereni-d.com\/it\/wp-json\/wp\/v2\/media?parent=23192"}],"wp:term":[{"taxonomy":"product_brand","embeddable":true,"href":"https:\/\/www.sereni-d.com\/it\/wp-json\/wp\/v2\/product_brand?post=23192"},{"taxonomy":"product_cat","embeddable":true,"href":"https:\/\/www.sereni-d.com\/it\/wp-json\/wp\/v2\/product_cat?post=23192"},{"taxonomy":"product_tag","embeddable":true,"href":"https:\/\/www.sereni-d.com\/it\/wp-json\/wp\/v2\/product_tag?post=23192"}],"curies":[{"name":"wp","href":"https:\/\/api.w.org\/{rel}","templated":true}]}}