{"id":23337,"date":"2026-03-18T13:01:47","date_gmt":"2026-03-18T12:01:47","guid":{"rendered":"https:\/\/www.sereni-d.com\/?post_type=product&#038;p=23337"},"modified":"2026-05-03T18:20:54","modified_gmt":"2026-05-03T16:20:54","slug":"spray-anti-tarme-alimentari-tessuti","status":"publish","type":"product","link":"https:\/\/www.sereni-d.com\/it\/produits\/spray-anti-tarme-alimentari-tessuti\/","title":{"rendered":"EXTERMINT Tarme Alimentari &#038; dei Tessuti"},"content":{"rendered":"<p data-start=\"2008\" data-end=\"2206\"><strong data-start=\"2008\" data-end=\"2070\">EXTERMINT \u2013 Spray contro le tarme alimentari e dei tessuti<\/strong> \u00e8 un insetticida pronto all\u2019uso appositamente sviluppato per eliminare efficacemente le tarme visibili, in un\u2019ottica curativa e mirata.<\/p>\n<p data-start=\"2208\" data-end=\"2549\">La sua formula a base di olio di menta, selezionato per le sue potenti propriet\u00e0 insetticide di origine vegetale, agisce per contatto diretto sugli insetti. Questo meccanismo consente un\u2019eliminazione rapida delle tarme alimentari e tessili fin dalla loro comparsa, senza necessit\u00e0 di trattare le superfici o diffondere il prodotto nell\u2019aria.<\/p>\n<p data-start=\"2551\" data-end=\"2872\">Utilizzato tramite spruzzo diretto, EXTERMINT \u00e8 ideale per un intervento immediato e localizzato, in particolare in armadi, cucine, dispense, guardaroba e aree di stoccaggio alimentare o tessile dove sono presenti insetti. Rappresenta una soluzione semplice ed efficace per eliminare rapidamente le tarme adulte visibili.<\/p>\n<p data-start=\"2874\" data-end=\"3058\">Grazie alla sua azione mirata, EXTERMINT consente di riprendere rapidamente il controllo in caso di infestazione, neutralizzando gli insetti prima che possano riprodursi o diffondersi.<\/p>\n<p data-start=\"3060\" data-end=\"3191\">Il suo tempo d\u2019azione pu\u00f2 estendersi fino a 24 ore dopo l\u2019applicazione, garantendo un\u2019efficacia rapida in condizioni normali d\u2019uso.<\/p>\n<p data-start=\"3193\" data-end=\"3592\">Lo spray EXTERMINT agisce solo sugli insetti visibili. Per una protezione completa e duratura, si consiglia di abbinarlo a una soluzione preventiva. EXTERMINT \u00e8 ideale in combinazione con il <a href=\"https:\/\/www.sereni-d.com\/it\/produits\/diffusore-repellente-tarme-tessili\/\"><strong>diffusore repellente MINT POWER<\/strong><\/a>, che agisce in prevenzione. Questo approccio combinato consente di: eliminare immediatamente le tarme visibili (EXTERMINT) e impedirne il ritorno e l\u2019insediamento (MINT POWER).<\/p>\n<p data-start=\"3594\" data-end=\"4010\">Spruzzare direttamente sugli insetti visibili. Non spruzzare su superfici, alimenti o tessuti. Utilizzare solo in caso di presenza accertata di insetti. Le tarme alimentari e tessili si riproducono rapidamente. Per un\u2019efficacia ottimale, si consiglia di eliminare le fonti contaminate, pulire regolarmente le aree infestate e combinare un trattamento curativo con una soluzione preventiva per evitare reinfestazioni.<\/p>\n<p data-start=\"5239\" data-end=\"5433\"><strong data-start=\"7726\" data-end=\"7766\">Garanzia di soddisfazione Sereni-d\u00ae:<\/strong> Se non siete soddisfatti del vostro acquisto, contattateci tramite la <a href=\"https:\/\/www.sereni-d.com\/it\/contatti\/\">pagina di contatto<\/a> e vi rimborseremo l\u2019intero importo.<\/p>\n","protected":false},"excerpt":{"rendered":"<p align=\"justify\">\u2022 Spray curativo contro le tarme<br \/>\n\u2022 Elimina uova, larve e adulti<br \/>\n\u2022 Protezione immediata, a lunga durata (fino a 3 settimane)<br \/>\n\u2022 Protezione immediata e duratura<\/p>\n<p align=\"justify\"><strong>FORMULA CONCENTRATA \u2013 RISULTATO MASSIMO<\/strong><\/p>\n","protected":false},"featured_media":23342,"comment_status":"open","ping_status":"closed","template":"","meta":{"_acf_changed":false,"_monsterinsights_skip_tracking":false,"_monsterinsights_sitenote_active":false,"_monsterinsights_sitenote_note":"","_monsterinsights_sitenote_category":0},"product_brand":[],"product_cat":[79],"product_tag":[],"class_list":{"0":"post-23337","1":"product","2":"type-product","3":"status-publish","4":"has-post-thumbnail","6":"product_cat-prodotti","8":"first","9":"outofstock","10":"taxable","11":"shipping-taxable","12":"purchasable","13":"product-type-simple"},"acf":[],"yoast_head":"<!-- This site is optimized with the Yoast SEO plugin v27.4 - https:\/\/yoast.com\/product\/yoast-seo-wordpress\/ -->\n<title>SPRAY ANTI TARME ALIMENTARI E DEI TESSUTI- Sereni-d\u00ae<\/title>\n<meta name=\"description\" content=\"Soluzione professionale potente contro le tarme. Spray anti tarme per tessuti e vestiti a base di olio di menta. Effetto rapido e di lunga durata.\" \/>\n<meta name=\"robots\" content=\"index, follow, max-snippet:-1, max-image-preview:large, max-video-preview:-1\" \/>\n<link rel=\"canonical\" href=\"https:\/\/www.sereni-d.com\/it\/produits\/spray-anti-tarme-alimentari-tessuti\/\" \/>\n<meta property=\"og:locale\" content=\"it_IT\" \/>\n<meta property=\"og:type\" content=\"article\" \/>\n<meta property=\"og:title\" content=\"SPRAY ANTI TARME ALIMENTARI E DEI TESSUTI- Sereni-d\u00ae\" \/>\n<meta property=\"og:description\" content=\"Soluzione professionale potente contro le tarme. Spray anti tarme per tessuti e vestiti a base di olio di menta. Effetto rapido e di lunga durata.\" \/>\n<meta property=\"og:url\" content=\"https:\/\/www.sereni-d.com\/it\/produits\/spray-anti-tarme-alimentari-tessuti\/\" \/>\n<meta property=\"og:site_name\" content=\"Sereni-d\u00ae\" \/>\n<meta property=\"article:publisher\" content=\"https:\/\/www.facebook.com\/SereniDsante\/\" \/>\n<meta property=\"article:modified_time\" content=\"2026-05-03T16:20:54+00:00\" \/>\n<meta property=\"og:image\" content=\"https:\/\/www.sereni-d.com\/wp-content\/uploads\/2026\/03\/IT_image-anti-mites-XXL_-scaled.jpg\" \/>\n\t<meta property=\"og:image:width\" content=\"2560\" \/>\n\t<meta property=\"og:image:height\" content=\"2560\" \/>\n\t<meta property=\"og:image:type\" content=\"image\/jpeg\" \/>\n<meta name=\"twitter:card\" content=\"summary_large_image\" \/>\n<meta name=\"twitter:label1\" content=\"Tempo di lettura stimato\" \/>\n\t<meta name=\"twitter:data1\" content=\"2 minuti\" \/>\n<script type=\"application\/ld+json\" class=\"yoast-schema-graph\">{\"@context\":\"https:\\\/\\\/schema.org\",\"@graph\":[{\"@type\":\"WebPage\",\"@id\":\"https:\\\/\\\/www.sereni-d.com\\\/it\\\/produits\\\/spray-anti-tarme-alimentari-tessuti\\\/\",\"url\":\"https:\\\/\\\/www.sereni-d.com\\\/it\\\/produits\\\/spray-anti-tarme-alimentari-tessuti\\\/\",\"name\":\"SPRAY ANTI TARME ALIMENTARI E DEI TESSUTI- Sereni-d\u00ae\",\"isPartOf\":{\"@id\":\"https:\\\/\\\/www.sereni-d.com\\\/it\\\/#website\"},\"primaryImageOfPage\":{\"@id\":\"https:\\\/\\\/www.sereni-d.com\\\/it\\\/produits\\\/spray-anti-tarme-alimentari-tessuti\\\/#primaryimage\"},\"image\":{\"@id\":\"https:\\\/\\\/www.sereni-d.com\\\/it\\\/produits\\\/spray-anti-tarme-alimentari-tessuti\\\/#primaryimage\"},\"thumbnailUrl\":\"https:\\\/\\\/www.sereni-d.com\\\/wp-content\\\/uploads\\\/2026\\\/03\\\/IT_image-anti-mites-XXL_-scaled.jpg\",\"datePublished\":\"2026-03-18T12:01:47+00:00\",\"dateModified\":\"2026-05-03T16:20:54+00:00\",\"description\":\"Soluzione professionale potente contro le tarme. Spray anti tarme per tessuti e vestiti a base di olio di menta. Effetto rapido e di lunga durata.\",\"breadcrumb\":{\"@id\":\"https:\\\/\\\/www.sereni-d.com\\\/it\\\/produits\\\/spray-anti-tarme-alimentari-tessuti\\\/#breadcrumb\"},\"inLanguage\":\"it-IT\",\"potentialAction\":[{\"@type\":\"ReadAction\",\"target\":[\"https:\\\/\\\/www.sereni-d.com\\\/it\\\/produits\\\/spray-anti-tarme-alimentari-tessuti\\\/\"]}]},{\"@type\":\"ImageObject\",\"inLanguage\":\"it-IT\",\"@id\":\"https:\\\/\\\/www.sereni-d.com\\\/it\\\/produits\\\/spray-anti-tarme-alimentari-tessuti\\\/#primaryimage\",\"url\":\"https:\\\/\\\/www.sereni-d.com\\\/wp-content\\\/uploads\\\/2026\\\/03\\\/IT_image-anti-mites-XXL_-scaled.jpg\",\"contentUrl\":\"https:\\\/\\\/www.sereni-d.com\\\/wp-content\\\/uploads\\\/2026\\\/03\\\/IT_image-anti-mites-XXL_-scaled.jpg\",\"width\":2560,\"height\":2560},{\"@type\":\"BreadcrumbList\",\"@id\":\"https:\\\/\\\/www.sereni-d.com\\\/it\\\/produits\\\/spray-anti-tarme-alimentari-tessuti\\\/#breadcrumb\",\"itemListElement\":[{\"@type\":\"ListItem\",\"position\":1,\"name\":\"Home page\",\"item\":\"https:\\\/\\\/www.sereni-d.com\\\/it\\\/\"},{\"@type\":\"ListItem\",\"position\":2,\"name\":\"Negozio\",\"item\":\"https:\\\/\\\/www.sereni-d.com\\\/it\\\/negozio\\\/\"},{\"@type\":\"ListItem\",\"position\":3,\"name\":\"Punaise de lit\",\"item\":\"https:\\\/\\\/www.sereni-d.com\\\/categories\\\/punaise-de-lit\\\/\"},{\"@type\":\"ListItem\",\"position\":4,\"name\":\"Prodotti\",\"item\":\"https:\\\/\\\/www.sereni-d.com\\\/it\\\/categories\\\/prodotti\\\/\"},{\"@type\":\"ListItem\",\"position\":5,\"name\":\"EXTERMINT Tarme Alimentari &#038; dei Tessuti\"}]},{\"@type\":\"WebSite\",\"@id\":\"https:\\\/\\\/www.sereni-d.com\\\/it\\\/#website\",\"url\":\"https:\\\/\\\/www.sereni-d.com\\\/it\\\/\",\"name\":\"Sereni-d\u00ae\",\"description\":\"EXPERT Punaises de Lit - Laboratoire SUISSE - Traitements concentr\u00e9s contres les Punaises de Lit. Protection Longue Dur\u00e9e. Efficacit\u00e9 prouv\u00e9e, r\u00e9sultat maximal. Recommand\u00e9 par les professionnels.\",\"publisher\":{\"@id\":\"https:\\\/\\\/www.sereni-d.com\\\/it\\\/#organization\"},\"potentialAction\":[{\"@type\":\"SearchAction\",\"target\":{\"@type\":\"EntryPoint\",\"urlTemplate\":\"https:\\\/\\\/www.sereni-d.com\\\/it\\\/?s={search_term_string}\"},\"query-input\":{\"@type\":\"PropertyValueSpecification\",\"valueRequired\":true,\"valueName\":\"search_term_string\"}}],\"inLanguage\":\"it-IT\"},{\"@type\":\"Organization\",\"@id\":\"https:\\\/\\\/www.sereni-d.com\\\/it\\\/#organization\",\"name\":\"Sereni-d\",\"url\":\"https:\\\/\\\/www.sereni-d.com\\\/it\\\/\",\"logo\":{\"@type\":\"ImageObject\",\"inLanguage\":\"it-IT\",\"@id\":\"https:\\\/\\\/www.sereni-d.com\\\/it\\\/#\\\/schema\\\/logo\\\/image\\\/\",\"url\":\"\",\"contentUrl\":\"\",\"caption\":\"Sereni-d\"},\"image\":{\"@id\":\"https:\\\/\\\/www.sereni-d.com\\\/it\\\/#\\\/schema\\\/logo\\\/image\\\/\"},\"sameAs\":[\"https:\\\/\\\/www.facebook.com\\\/SereniDsante\\\/\",\"https:\\\/\\\/www.instagram.com\\\/serenidsante\\\/\"]}]}<\/script>\n<!-- \/ Yoast SEO plugin. -->","yoast_head_json":{"title":"SPRAY ANTI TARME ALIMENTARI E DEI TESSUTI- Sereni-d\u00ae","description":"Soluzione professionale potente contro le tarme. Spray anti tarme per tessuti e vestiti a base di olio di menta. Effetto rapido e di lunga durata.","robots":{"index":"index","follow":"follow","max-snippet":"max-snippet:-1","max-image-preview":"max-image-preview:large","max-video-preview":"max-video-preview:-1"},"canonical":"https:\/\/www.sereni-d.com\/it\/produits\/spray-anti-tarme-alimentari-tessuti\/","og_locale":"it_IT","og_type":"article","og_title":"SPRAY ANTI TARME ALIMENTARI E DEI TESSUTI- Sereni-d\u00ae","og_description":"Soluzione professionale potente contro le tarme. Spray anti tarme per tessuti e vestiti a base di olio di menta. Effetto rapido e di lunga durata.","og_url":"https:\/\/www.sereni-d.com\/it\/produits\/spray-anti-tarme-alimentari-tessuti\/","og_site_name":"Sereni-d\u00ae","article_publisher":"https:\/\/www.facebook.com\/SereniDsante\/","article_modified_time":"2026-05-03T16:20:54+00:00","og_image":[{"width":2560,"height":2560,"url":"https:\/\/www.sereni-d.com\/wp-content\/uploads\/2026\/03\/IT_image-anti-mites-XXL_-scaled.jpg","type":"image\/jpeg"}],"twitter_card":"summary_large_image","twitter_misc":{"Tempo di lettura stimato":"2 minuti"},"schema":{"@context":"https:\/\/schema.org","@graph":[{"@type":"WebPage","@id":"https:\/\/www.sereni-d.com\/it\/produits\/spray-anti-tarme-alimentari-tessuti\/","url":"https:\/\/www.sereni-d.com\/it\/produits\/spray-anti-tarme-alimentari-tessuti\/","name":"SPRAY ANTI TARME ALIMENTARI E DEI TESSUTI- Sereni-d\u00ae","isPartOf":{"@id":"https:\/\/www.sereni-d.com\/it\/#website"},"primaryImageOfPage":{"@id":"https:\/\/www.sereni-d.com\/it\/produits\/spray-anti-tarme-alimentari-tessuti\/#primaryimage"},"image":{"@id":"https:\/\/www.sereni-d.com\/it\/produits\/spray-anti-tarme-alimentari-tessuti\/#primaryimage"},"thumbnailUrl":"https:\/\/www.sereni-d.com\/wp-content\/uploads\/2026\/03\/IT_image-anti-mites-XXL_-scaled.jpg","datePublished":"2026-03-18T12:01:47+00:00","dateModified":"2026-05-03T16:20:54+00:00","description":"Soluzione professionale potente contro le tarme. Spray anti tarme per tessuti e vestiti a base di olio di menta. Effetto rapido e di lunga durata.","breadcrumb":{"@id":"https:\/\/www.sereni-d.com\/it\/produits\/spray-anti-tarme-alimentari-tessuti\/#breadcrumb"},"inLanguage":"it-IT","potentialAction":[{"@type":"ReadAction","target":["https:\/\/www.sereni-d.com\/it\/produits\/spray-anti-tarme-alimentari-tessuti\/"]}]},{"@type":"ImageObject","inLanguage":"it-IT","@id":"https:\/\/www.sereni-d.com\/it\/produits\/spray-anti-tarme-alimentari-tessuti\/#primaryimage","url":"https:\/\/www.sereni-d.com\/wp-content\/uploads\/2026\/03\/IT_image-anti-mites-XXL_-scaled.jpg","contentUrl":"https:\/\/www.sereni-d.com\/wp-content\/uploads\/2026\/03\/IT_image-anti-mites-XXL_-scaled.jpg","width":2560,"height":2560},{"@type":"BreadcrumbList","@id":"https:\/\/www.sereni-d.com\/it\/produits\/spray-anti-tarme-alimentari-tessuti\/#breadcrumb","itemListElement":[{"@type":"ListItem","position":1,"name":"Home page","item":"https:\/\/www.sereni-d.com\/it\/"},{"@type":"ListItem","position":2,"name":"Negozio","item":"https:\/\/www.sereni-d.com\/it\/negozio\/"},{"@type":"ListItem","position":3,"name":"Punaise de lit","item":"https:\/\/www.sereni-d.com\/categories\/punaise-de-lit\/"},{"@type":"ListItem","position":4,"name":"Prodotti","item":"https:\/\/www.sereni-d.com\/it\/categories\/prodotti\/"},{"@type":"ListItem","position":5,"name":"EXTERMINT Tarme Alimentari &#038; dei Tessuti"}]},{"@type":"WebSite","@id":"https:\/\/www.sereni-d.com\/it\/#website","url":"https:\/\/www.sereni-d.com\/it\/","name":"Sereni-d\u00ae","description":"EXPERT Punaises de Lit - Laboratoire SUISSE - Traitements concentr\u00e9s contres les Punaises de Lit. Protection Longue Dur\u00e9e. Efficacit\u00e9 prouv\u00e9e, r\u00e9sultat maximal. Recommand\u00e9 par les professionnels.","publisher":{"@id":"https:\/\/www.sereni-d.com\/it\/#organization"},"potentialAction":[{"@type":"SearchAction","target":{"@type":"EntryPoint","urlTemplate":"https:\/\/www.sereni-d.com\/it\/?s={search_term_string}"},"query-input":{"@type":"PropertyValueSpecification","valueRequired":true,"valueName":"search_term_string"}}],"inLanguage":"it-IT"},{"@type":"Organization","@id":"https:\/\/www.sereni-d.com\/it\/#organization","name":"Sereni-d","url":"https:\/\/www.sereni-d.com\/it\/","logo":{"@type":"ImageObject","inLanguage":"it-IT","@id":"https:\/\/www.sereni-d.com\/it\/#\/schema\/logo\/image\/","url":"","contentUrl":"","caption":"Sereni-d"},"image":{"@id":"https:\/\/www.sereni-d.com\/it\/#\/schema\/logo\/image\/"},"sameAs":["https:\/\/www.facebook.com\/SereniDsante\/","https:\/\/www.instagram.com\/serenidsante\/"]}]}},"_links":{"self":[{"href":"https:\/\/www.sereni-d.com\/it\/wp-json\/wp\/v2\/product\/23337","targetHints":{"allow":["GET"]}}],"collection":[{"href":"https:\/\/www.sereni-d.com\/it\/wp-json\/wp\/v2\/product"}],"about":[{"href":"https:\/\/www.sereni-d.com\/it\/wp-json\/wp\/v2\/types\/product"}],"replies":[{"embeddable":true,"href":"https:\/\/www.sereni-d.com\/it\/wp-json\/wp\/v2\/comments?post=23337"}],"wp:featuredmedia":[{"embeddable":true,"href":"https:\/\/www.sereni-d.com\/it\/wp-json\/wp\/v2\/media\/23342"}],"wp:attachment":[{"href":"https:\/\/www.sereni-d.com\/it\/wp-json\/wp\/v2\/media?parent=23337"}],"wp:term":[{"taxonomy":"product_brand","embeddable":true,"href":"https:\/\/www.sereni-d.com\/it\/wp-json\/wp\/v2\/product_brand?post=23337"},{"taxonomy":"product_cat","embeddable":true,"href":"https:\/\/www.sereni-d.com\/it\/wp-json\/wp\/v2\/product_cat?post=23337"},{"taxonomy":"product_tag","embeddable":true,"href":"https:\/\/www.sereni-d.com\/it\/wp-json\/wp\/v2\/product_tag?post=23337"}],"curies":[{"name":"wp","href":"https:\/\/api.w.org\/{rel}","templated":true}]}}