{"id":23363,"date":"2026-03-18T14:02:42","date_gmt":"2026-03-18T13:02:42","guid":{"rendered":"https:\/\/www.sereni-d.com\/?post_type=product&#038;p=23363"},"modified":"2026-05-07T16:06:34","modified_gmt":"2026-05-07T14:06:34","slug":"stopper-pesciolini-dargento","status":"publish","type":"product","link":"https:\/\/www.sereni-d.com\/it\/produits\/stopper-pesciolini-dargento\/","title":{"rendered":"STOPPER Pesciolini d\u2019Argento"},"content":{"rendered":"<p data-start=\"2470\" data-end=\"2663\"><strong data-start=\"2470\" data-end=\"2502\">STOPPER Pesciolini d\u2019Argento<\/strong> \u00e8 uno <strong data-start=\"2509\" data-end=\"2533\">spray pronto all\u2019uso<\/strong> sviluppato appositamente per <strong data-start=\"2563\" data-end=\"2625\">controllare efficacemente i pesciolini d\u2019argento (lepisma)<\/strong> con azione <strong data-start=\"2637\" data-end=\"2662\">curativa e preventiva<\/strong>.<\/p>\n<p data-start=\"2665\" data-end=\"3040\">La sua formula combina un <strong data-start=\"2691\" data-end=\"2732\">estratto di fiore di piretro vegetale<\/strong>, noto per le sue <strong data-start=\"2750\" data-end=\"2783\">potenti propriet\u00e0 insetticide<\/strong>, con un <strong data-start=\"2792\" data-end=\"2823\">complesso di oli essenziali<\/strong> selezionati per la loro <strong data-start=\"2848\" data-end=\"2869\">azione repellente<\/strong>. Questa <strong data-start=\"2878\" data-end=\"2929\">sinergia di principi attivi di origine vegetale<\/strong> garantisce un\u2019<strong data-start=\"2944\" data-end=\"2978\">efficacia immediata e duratura<\/strong>, eliminando gli insetti presenti e limitandone la ricomparsa.<\/p>\n<p data-start=\"3042\" data-end=\"3409\">Spruzzato direttamente nelle <strong data-start=\"3071\" data-end=\"3101\">zone infestate o a rischio<\/strong>, agisce in modo <strong data-start=\"3118\" data-end=\"3128\">mirato<\/strong> alterando i <strong data-start=\"3141\" data-end=\"3190\">recettori sensoriali dei pesciolini d\u2019argento<\/strong>. Questo meccanismo provoca la loro eliminazione per <strong data-start=\"3243\" data-end=\"3263\">contatto diretto<\/strong> e impedisce loro di <strong data-start=\"3284\" data-end=\"3319\">muoversi, nutrirsi e riprodursi<\/strong>. Risultato: un\u2019<strong data-start=\"3335\" data-end=\"3354\">azione completa<\/strong> per riprendere rapidamente il controllo dell\u2019ambiente.<\/p>\n<p data-start=\"3411\" data-end=\"3720\">Lo <strong data-start=\"3414\" data-end=\"3431\">spray STOPPER<\/strong> \u00e8 particolarmente adatto a <strong data-start=\"3459\" data-end=\"3499\">ambienti umidi, bui e poco ventilati<\/strong>, habitat ideali dei pesciolini d\u2019argento. Pu\u00f2 essere utilizzato in <strong data-start=\"3567\" data-end=\"3600\">bagni, cucine, WC, lavanderie<\/strong>, oltre che su <strong data-start=\"3615\" data-end=\"3719\">battiscopa, giunti, fessure, sotto lavelli, soglie, telai delle finestre e bocchette di ventilazione<\/strong>.<\/p>\n<p data-start=\"3722\" data-end=\"3899\">Grazie alla sua <strong data-start=\"3738\" data-end=\"3779\">doppia azione (curativa e preventiva)<\/strong>, STOPPER permette non solo di trattare rapidamente un\u2019infestazione, ma anche di <strong data-start=\"3860\" data-end=\"3898\">prevenirne la ricomparsa nel tempo<\/strong>.<\/p>\n<p data-start=\"3901\" data-end=\"4023\"><strong data-start=\"3901\" data-end=\"3920\">Facile da usare<\/strong>, si integra perfettamente nella <strong data-start=\"3953\" data-end=\"3975\">routine di pulizia<\/strong> per una <strong data-start=\"3984\" data-end=\"4022\">protezione efficace e senza sforzo<\/strong>.<\/p>\n<p data-start=\"4025\" data-end=\"4312\">I pesciolini d\u2019argento si sviluppano soprattutto in <strong data-start=\"4077\" data-end=\"4095\">ambienti umidi<\/strong>. Per migliorare l\u2019efficacia del trattamento, si consiglia di <strong data-start=\"4157\" data-end=\"4211\">ridurre l\u2019umidit\u00e0 (ventilazione, deumidificazione)<\/strong>, <strong data-start=\"4213\" data-end=\"4254\">pulire regolarmente le zone sensibili<\/strong> e intervenire sulle <strong data-start=\"4275\" data-end=\"4311\">zone di passaggio e nascondiglio<\/strong>.<\/p>\n<p>Garanzia di soddisfazione <strong>Sereni-d\u00ae<\/strong>: Se non siete soddisfatti del vostro acquisto, contattateci tramite la pagina di <a title=\"Contatti SERENI-D\" href=\"https:\/\/www.sereni-d.com\/it\/contatti\/\">contatto<\/a> e vi rimborseremo l&#8217;intero importo.<\/p>\n","protected":false},"excerpt":{"rendered":"<p align=\"justify\">\u2022 Spray curativo contro i pesciolini d\u2019argento<br \/>\n\u2022 Elimina il 100% dei pesciolini d\u2019argento (uova, larve, adulti)<br \/>\n\u2022 Protezione immediata, sicura e duratura<br \/>\n\u2022 Oltre 250.000 clienti soddisfatti di Sereni-d<sup>\u00ae<\/sup><\/p>\n<p align=\"justify\"><strong>FORMULA CONCENTRATA \u2013 MASSIMO RISULTATO<\/strong><\/p>\n","protected":false},"featured_media":23374,"comment_status":"open","ping_status":"closed","template":"","meta":{"_acf_changed":false,"_monsterinsights_skip_tracking":false,"_monsterinsights_sitenote_active":false,"_monsterinsights_sitenote_note":"","_monsterinsights_sitenote_category":0},"product_brand":[],"product_cat":[79],"product_tag":[],"class_list":{"0":"post-23363","1":"product","2":"type-product","3":"status-publish","4":"has-post-thumbnail","6":"product_cat-prodotti","8":"first","9":"outofstock","10":"taxable","11":"shipping-taxable","12":"purchasable","13":"product-type-simple"},"acf":[],"yoast_head":"<!-- This site is optimized with the Yoast SEO plugin v27.4 - https:\/\/yoast.com\/product\/yoast-seo-wordpress\/ -->\n<title>STOPPER Trattamento Pesciolini d\u2019Argento - Spray potente - Sereni-d\u00ae<\/title>\n<meta name=\"description\" content=\"Trattamento elimina il 100% dei pesciolini d\u2019argento. Lunga durata - Effetto shock. Basta all\u2019incubo dei pesciolini d\u2019argento. Spray STOPPER 100% efficace\" \/>\n<meta name=\"robots\" content=\"index, follow, max-snippet:-1, max-image-preview:large, max-video-preview:-1\" \/>\n<link rel=\"canonical\" href=\"https:\/\/www.sereni-d.com\/it\/produits\/stopper-pesciolini-dargento\/\" \/>\n<meta property=\"og:locale\" content=\"it_IT\" \/>\n<meta property=\"og:type\" content=\"article\" \/>\n<meta property=\"og:title\" content=\"STOPPER Trattamento Pesciolini d\u2019Argento - Spray potente - Sereni-d\u00ae\" \/>\n<meta property=\"og:description\" content=\"Trattamento elimina il 100% dei pesciolini d\u2019argento. Lunga durata - Effetto shock. Basta all\u2019incubo dei pesciolini d\u2019argento. Spray STOPPER 100% efficace\" \/>\n<meta property=\"og:url\" content=\"https:\/\/www.sereni-d.com\/it\/produits\/stopper-pesciolini-dargento\/\" \/>\n<meta property=\"og:site_name\" content=\"Sereni-d\u00ae\" \/>\n<meta property=\"article:publisher\" content=\"https:\/\/www.facebook.com\/SereniDsante\/\" \/>\n<meta property=\"article:modified_time\" content=\"2026-05-07T14:06:34+00:00\" \/>\n<meta property=\"og:image\" content=\"https:\/\/www.sereni-d.com\/wp-content\/uploads\/2026\/03\/Poisson_argent_IT_1-scaled.jpg\" \/>\n\t<meta property=\"og:image:width\" content=\"2560\" \/>\n\t<meta property=\"og:image:height\" content=\"2560\" \/>\n\t<meta property=\"og:image:type\" content=\"image\/jpeg\" \/>\n<meta name=\"twitter:card\" content=\"summary_large_image\" \/>\n<meta name=\"twitter:label1\" content=\"Tempo di lettura stimato\" \/>\n\t<meta name=\"twitter:data1\" content=\"2 minuti\" \/>\n<script type=\"application\/ld+json\" class=\"yoast-schema-graph\">{\"@context\":\"https:\\\/\\\/schema.org\",\"@graph\":[{\"@type\":\"WebPage\",\"@id\":\"https:\\\/\\\/www.sereni-d.com\\\/it\\\/produits\\\/stopper-pesciolini-dargento\\\/\",\"url\":\"https:\\\/\\\/www.sereni-d.com\\\/it\\\/produits\\\/stopper-pesciolini-dargento\\\/\",\"name\":\"STOPPER Trattamento Pesciolini d\u2019Argento - Spray potente - Sereni-d\u00ae\",\"isPartOf\":{\"@id\":\"https:\\\/\\\/www.sereni-d.com\\\/it\\\/#website\"},\"primaryImageOfPage\":{\"@id\":\"https:\\\/\\\/www.sereni-d.com\\\/it\\\/produits\\\/stopper-pesciolini-dargento\\\/#primaryimage\"},\"image\":{\"@id\":\"https:\\\/\\\/www.sereni-d.com\\\/it\\\/produits\\\/stopper-pesciolini-dargento\\\/#primaryimage\"},\"thumbnailUrl\":\"https:\\\/\\\/www.sereni-d.com\\\/wp-content\\\/uploads\\\/2026\\\/03\\\/Poisson_argent_IT_1-scaled.jpg\",\"datePublished\":\"2026-03-18T13:02:42+00:00\",\"dateModified\":\"2026-05-07T14:06:34+00:00\",\"description\":\"Trattamento elimina il 100% dei pesciolini d\u2019argento. Lunga durata - Effetto shock. Basta all\u2019incubo dei pesciolini d\u2019argento. Spray STOPPER 100% efficace\",\"breadcrumb\":{\"@id\":\"https:\\\/\\\/www.sereni-d.com\\\/it\\\/produits\\\/stopper-pesciolini-dargento\\\/#breadcrumb\"},\"inLanguage\":\"it-IT\",\"potentialAction\":[{\"@type\":\"ReadAction\",\"target\":[\"https:\\\/\\\/www.sereni-d.com\\\/it\\\/produits\\\/stopper-pesciolini-dargento\\\/\"]}]},{\"@type\":\"ImageObject\",\"inLanguage\":\"it-IT\",\"@id\":\"https:\\\/\\\/www.sereni-d.com\\\/it\\\/produits\\\/stopper-pesciolini-dargento\\\/#primaryimage\",\"url\":\"https:\\\/\\\/www.sereni-d.com\\\/wp-content\\\/uploads\\\/2026\\\/03\\\/Poisson_argent_IT_1-scaled.jpg\",\"contentUrl\":\"https:\\\/\\\/www.sereni-d.com\\\/wp-content\\\/uploads\\\/2026\\\/03\\\/Poisson_argent_IT_1-scaled.jpg\",\"width\":2560,\"height\":2560},{\"@type\":\"BreadcrumbList\",\"@id\":\"https:\\\/\\\/www.sereni-d.com\\\/it\\\/produits\\\/stopper-pesciolini-dargento\\\/#breadcrumb\",\"itemListElement\":[{\"@type\":\"ListItem\",\"position\":1,\"name\":\"Home page\",\"item\":\"https:\\\/\\\/www.sereni-d.com\\\/it\\\/\"},{\"@type\":\"ListItem\",\"position\":2,\"name\":\"Negozio\",\"item\":\"https:\\\/\\\/www.sereni-d.com\\\/it\\\/negozio\\\/\"},{\"@type\":\"ListItem\",\"position\":3,\"name\":\"Prodotti\",\"item\":\"https:\\\/\\\/www.sereni-d.com\\\/it\\\/categories\\\/prodotti\\\/\"},{\"@type\":\"ListItem\",\"position\":4,\"name\":\"STOPPER Pesciolini d\u2019Argento\"}]},{\"@type\":\"WebSite\",\"@id\":\"https:\\\/\\\/www.sereni-d.com\\\/it\\\/#website\",\"url\":\"https:\\\/\\\/www.sereni-d.com\\\/it\\\/\",\"name\":\"Sereni-d\u00ae\",\"description\":\"EXPERT Punaises de Lit - Laboratoire SUISSE - Traitements concentr\u00e9s contres les Punaises de Lit. Protection Longue Dur\u00e9e. Efficacit\u00e9 prouv\u00e9e, r\u00e9sultat maximal. Recommand\u00e9 par les professionnels.\",\"publisher\":{\"@id\":\"https:\\\/\\\/www.sereni-d.com\\\/it\\\/#organization\"},\"potentialAction\":[{\"@type\":\"SearchAction\",\"target\":{\"@type\":\"EntryPoint\",\"urlTemplate\":\"https:\\\/\\\/www.sereni-d.com\\\/it\\\/?s={search_term_string}\"},\"query-input\":{\"@type\":\"PropertyValueSpecification\",\"valueRequired\":true,\"valueName\":\"search_term_string\"}}],\"inLanguage\":\"it-IT\"},{\"@type\":\"Organization\",\"@id\":\"https:\\\/\\\/www.sereni-d.com\\\/it\\\/#organization\",\"name\":\"Sereni-d\",\"url\":\"https:\\\/\\\/www.sereni-d.com\\\/it\\\/\",\"logo\":{\"@type\":\"ImageObject\",\"inLanguage\":\"it-IT\",\"@id\":\"https:\\\/\\\/www.sereni-d.com\\\/it\\\/#\\\/schema\\\/logo\\\/image\\\/\",\"url\":\"\",\"contentUrl\":\"\",\"caption\":\"Sereni-d\"},\"image\":{\"@id\":\"https:\\\/\\\/www.sereni-d.com\\\/it\\\/#\\\/schema\\\/logo\\\/image\\\/\"},\"sameAs\":[\"https:\\\/\\\/www.facebook.com\\\/SereniDsante\\\/\",\"https:\\\/\\\/www.instagram.com\\\/serenidsante\\\/\"]}]}<\/script>\n<!-- \/ Yoast SEO plugin. -->","yoast_head_json":{"title":"STOPPER Trattamento Pesciolini d\u2019Argento - Spray potente - Sereni-d\u00ae","description":"Trattamento elimina il 100% dei pesciolini d\u2019argento. Lunga durata - Effetto shock. Basta all\u2019incubo dei pesciolini d\u2019argento. Spray STOPPER 100% efficace","robots":{"index":"index","follow":"follow","max-snippet":"max-snippet:-1","max-image-preview":"max-image-preview:large","max-video-preview":"max-video-preview:-1"},"canonical":"https:\/\/www.sereni-d.com\/it\/produits\/stopper-pesciolini-dargento\/","og_locale":"it_IT","og_type":"article","og_title":"STOPPER Trattamento Pesciolini d\u2019Argento - Spray potente - Sereni-d\u00ae","og_description":"Trattamento elimina il 100% dei pesciolini d\u2019argento. Lunga durata - Effetto shock. Basta all\u2019incubo dei pesciolini d\u2019argento. Spray STOPPER 100% efficace","og_url":"https:\/\/www.sereni-d.com\/it\/produits\/stopper-pesciolini-dargento\/","og_site_name":"Sereni-d\u00ae","article_publisher":"https:\/\/www.facebook.com\/SereniDsante\/","article_modified_time":"2026-05-07T14:06:34+00:00","og_image":[{"width":2560,"height":2560,"url":"https:\/\/www.sereni-d.com\/wp-content\/uploads\/2026\/03\/Poisson_argent_IT_1-scaled.jpg","type":"image\/jpeg"}],"twitter_card":"summary_large_image","twitter_misc":{"Tempo di lettura stimato":"2 minuti"},"schema":{"@context":"https:\/\/schema.org","@graph":[{"@type":"WebPage","@id":"https:\/\/www.sereni-d.com\/it\/produits\/stopper-pesciolini-dargento\/","url":"https:\/\/www.sereni-d.com\/it\/produits\/stopper-pesciolini-dargento\/","name":"STOPPER Trattamento Pesciolini d\u2019Argento - Spray potente - Sereni-d\u00ae","isPartOf":{"@id":"https:\/\/www.sereni-d.com\/it\/#website"},"primaryImageOfPage":{"@id":"https:\/\/www.sereni-d.com\/it\/produits\/stopper-pesciolini-dargento\/#primaryimage"},"image":{"@id":"https:\/\/www.sereni-d.com\/it\/produits\/stopper-pesciolini-dargento\/#primaryimage"},"thumbnailUrl":"https:\/\/www.sereni-d.com\/wp-content\/uploads\/2026\/03\/Poisson_argent_IT_1-scaled.jpg","datePublished":"2026-03-18T13:02:42+00:00","dateModified":"2026-05-07T14:06:34+00:00","description":"Trattamento elimina il 100% dei pesciolini d\u2019argento. Lunga durata - Effetto shock. Basta all\u2019incubo dei pesciolini d\u2019argento. Spray STOPPER 100% efficace","breadcrumb":{"@id":"https:\/\/www.sereni-d.com\/it\/produits\/stopper-pesciolini-dargento\/#breadcrumb"},"inLanguage":"it-IT","potentialAction":[{"@type":"ReadAction","target":["https:\/\/www.sereni-d.com\/it\/produits\/stopper-pesciolini-dargento\/"]}]},{"@type":"ImageObject","inLanguage":"it-IT","@id":"https:\/\/www.sereni-d.com\/it\/produits\/stopper-pesciolini-dargento\/#primaryimage","url":"https:\/\/www.sereni-d.com\/wp-content\/uploads\/2026\/03\/Poisson_argent_IT_1-scaled.jpg","contentUrl":"https:\/\/www.sereni-d.com\/wp-content\/uploads\/2026\/03\/Poisson_argent_IT_1-scaled.jpg","width":2560,"height":2560},{"@type":"BreadcrumbList","@id":"https:\/\/www.sereni-d.com\/it\/produits\/stopper-pesciolini-dargento\/#breadcrumb","itemListElement":[{"@type":"ListItem","position":1,"name":"Home page","item":"https:\/\/www.sereni-d.com\/it\/"},{"@type":"ListItem","position":2,"name":"Negozio","item":"https:\/\/www.sereni-d.com\/it\/negozio\/"},{"@type":"ListItem","position":3,"name":"Prodotti","item":"https:\/\/www.sereni-d.com\/it\/categories\/prodotti\/"},{"@type":"ListItem","position":4,"name":"STOPPER Pesciolini d\u2019Argento"}]},{"@type":"WebSite","@id":"https:\/\/www.sereni-d.com\/it\/#website","url":"https:\/\/www.sereni-d.com\/it\/","name":"Sereni-d\u00ae","description":"EXPERT Punaises de Lit - Laboratoire SUISSE - Traitements concentr\u00e9s contres les Punaises de Lit. Protection Longue Dur\u00e9e. Efficacit\u00e9 prouv\u00e9e, r\u00e9sultat maximal. Recommand\u00e9 par les professionnels.","publisher":{"@id":"https:\/\/www.sereni-d.com\/it\/#organization"},"potentialAction":[{"@type":"SearchAction","target":{"@type":"EntryPoint","urlTemplate":"https:\/\/www.sereni-d.com\/it\/?s={search_term_string}"},"query-input":{"@type":"PropertyValueSpecification","valueRequired":true,"valueName":"search_term_string"}}],"inLanguage":"it-IT"},{"@type":"Organization","@id":"https:\/\/www.sereni-d.com\/it\/#organization","name":"Sereni-d","url":"https:\/\/www.sereni-d.com\/it\/","logo":{"@type":"ImageObject","inLanguage":"it-IT","@id":"https:\/\/www.sereni-d.com\/it\/#\/schema\/logo\/image\/","url":"","contentUrl":"","caption":"Sereni-d"},"image":{"@id":"https:\/\/www.sereni-d.com\/it\/#\/schema\/logo\/image\/"},"sameAs":["https:\/\/www.facebook.com\/SereniDsante\/","https:\/\/www.instagram.com\/serenidsante\/"]}]}},"_links":{"self":[{"href":"https:\/\/www.sereni-d.com\/it\/wp-json\/wp\/v2\/product\/23363","targetHints":{"allow":["GET"]}}],"collection":[{"href":"https:\/\/www.sereni-d.com\/it\/wp-json\/wp\/v2\/product"}],"about":[{"href":"https:\/\/www.sereni-d.com\/it\/wp-json\/wp\/v2\/types\/product"}],"replies":[{"embeddable":true,"href":"https:\/\/www.sereni-d.com\/it\/wp-json\/wp\/v2\/comments?post=23363"}],"wp:featuredmedia":[{"embeddable":true,"href":"https:\/\/www.sereni-d.com\/it\/wp-json\/wp\/v2\/media\/23374"}],"wp:attachment":[{"href":"https:\/\/www.sereni-d.com\/it\/wp-json\/wp\/v2\/media?parent=23363"}],"wp:term":[{"taxonomy":"product_brand","embeddable":true,"href":"https:\/\/www.sereni-d.com\/it\/wp-json\/wp\/v2\/product_brand?post=23363"},{"taxonomy":"product_cat","embeddable":true,"href":"https:\/\/www.sereni-d.com\/it\/wp-json\/wp\/v2\/product_cat?post=23363"},{"taxonomy":"product_tag","embeddable":true,"href":"https:\/\/www.sereni-d.com\/it\/wp-json\/wp\/v2\/product_tag?post=23363"}],"curies":[{"name":"wp","href":"https:\/\/api.w.org\/{rel}","templated":true}]}}