{"id":5229,"date":"2023-04-11T14:26:37","date_gmt":"2023-04-11T12:26:37","guid":{"rendered":"https:\/\/www.sereni-d.com\/produits\/sos-cimici-dei-letti\/"},"modified":"2026-04-29T22:23:08","modified_gmt":"2026-04-29T20:23:08","slug":"sos-pulci-da-letto","status":"publish","type":"product","link":"https:\/\/www.sereni-d.com\/it\/produits\/sos-pulci-da-letto\/","title":{"rendered":"SOS Cimici dei Letti"},"content":{"rendered":"<p>SOS Trattamento CIMICI DEI LETTI \u00e8 un prodotto pronto all&#8217;uso di piccolo formato, concepito ispirandosi alla natura, per <strong>combattere efficacemente le cimici da letto<\/strong> in modo curativo.<\/p>\n<p>Grazie al suo estratto di fiore di piretro vegetale, geraniolo e a un complesso di oli essenziali selezionati per le loro potenti propriet\u00e0 insetticide, questo spray assicura l&#8217;<strong>eliminazione rapida delle cimici da letto<\/strong> in tutti gli stadi di sviluppo (uova, larve, adulti). Il suo effetto shock agisce sui loro sistemi nervosi e sugli esoscheletri, neutralizzandoli e disseccandoli.<\/p>\n<p>La sua <strong>formula concentrata<\/strong> offre un&#8217;<strong>efficacia immediata<\/strong> (in pochi minuti) e di <strong>lunga durata<\/strong> (fino a 12 giorni in condizioni ottimali). Quando viene spruzzato su tessuti e superfici, le molecole disperse formano un <strong>film distruttivo che avvelena le cimici da letto<\/strong> quando entrano in contatto con la superficie trattata.<\/p>\n<p>Lo spray SOS \u00e8 il tuo miglior alleato in caso di sospetta presenza di cimici da letto durante i tuoi spostamenti o viaggi, e al tuo ritorno per trattare i tuoi effetti personali che potrebbero essere stati a contatto con le cimici da letto.<\/p>\n<p>Garanzia di soddisfazione <strong>Sereni-d\u00ae<\/strong>: Se non siete soddisfatti del vostro acquisto, contattateci tramite la pagina di <a title=\"Contatti SERENI-D\" href=\"https:\/\/www.sereni-d.com\/it\/contatti\/\">contatto<\/a> e vi rimborseremo l&#8217;intero importo.<\/p>\n","protected":false},"excerpt":{"rendered":"<p>\u2022 Spray curativo superpotente contro le cimici da letto<br \/>\n\u2022 Elimina il 100% delle cimici da letto (uova, larve e adulti)<br \/>\n\u2022 Protezione immediata, sicura e duratura<br \/>\n\u2022 Oltre 200.000 clienti soddisfatti di Sereni-d<sup>\u00ae<\/sup><\/p>\n<p><strong>FORMULA CONCENTRATA \u2013 MASSIMO RISULTATO<\/strong><\/p>\n<p>&nbsp;<\/p>\n","protected":false},"featured_media":6361,"comment_status":"open","ping_status":"closed","template":"","meta":{"_acf_changed":false,"_monsterinsights_skip_tracking":false,"_monsterinsights_sitenote_active":false,"_monsterinsights_sitenote_note":"","_monsterinsights_sitenote_category":0},"product_brand":[],"product_cat":[79],"product_tag":[],"class_list":{"0":"post-5229","1":"product","2":"type-product","3":"status-publish","4":"has-post-thumbnail","6":"product_cat-prodotti","8":"first","9":"instock","10":"taxable","11":"shipping-taxable","12":"purchasable","13":"product-type-simple"},"acf":[],"yoast_head":"<!-- This site is optimized with the Yoast SEO plugin v27.4 - https:\/\/yoast.com\/product\/yoast-seo-wordpress\/ -->\n<title>Trattamento Cimici dei Letti - %sitename%%<\/title>\n<meta name=\"description\" content=\"SOS Trattamento CIMICI DEI LETTI formato viaggio! Combatti Efficacemente &amp; a Lunga Durata - Protezione 100% di Origine Naturale di Lunga Durata\" \/>\n<meta name=\"robots\" content=\"index, follow, max-snippet:-1, max-image-preview:large, max-video-preview:-1\" \/>\n<link rel=\"canonical\" href=\"https:\/\/www.sereni-d.com\/it\/produits\/sos-pulci-da-letto\/\" \/>\n<meta property=\"og:locale\" content=\"it_IT\" \/>\n<meta property=\"og:type\" content=\"article\" \/>\n<meta property=\"og:title\" content=\"Trattamento Cimici dei Letti - %sitename%%\" \/>\n<meta property=\"og:description\" content=\"SOS Trattamento CIMICI DEI LETTI formato viaggio! Combatti Efficacemente &amp; a Lunga Durata - Protezione 100% di Origine Naturale di Lunga Durata\" \/>\n<meta property=\"og:url\" content=\"https:\/\/www.sereni-d.com\/it\/produits\/sos-pulci-da-letto\/\" \/>\n<meta property=\"og:site_name\" content=\"Sereni-d\u00ae\" \/>\n<meta property=\"article:publisher\" content=\"https:\/\/www.facebook.com\/SereniDsante\/\" \/>\n<meta property=\"article:modified_time\" content=\"2026-04-29T20:23:08+00:00\" \/>\n<meta property=\"og:image\" content=\"https:\/\/www.sereni-d.com\/wp-content\/uploads\/2024\/06\/IT_SOS-100ml-1.jpg\" \/>\n\t<meta property=\"og:image:width\" content=\"1000\" \/>\n\t<meta property=\"og:image:height\" content=\"1000\" \/>\n\t<meta property=\"og:image:type\" content=\"image\/jpeg\" \/>\n<meta name=\"twitter:card\" content=\"summary_large_image\" \/>\n<meta name=\"twitter:label1\" content=\"Tempo di lettura stimato\" \/>\n\t<meta name=\"twitter:data1\" content=\"2 minuti\" \/>\n<script type=\"application\/ld+json\" class=\"yoast-schema-graph\">{\"@context\":\"https:\\\/\\\/schema.org\",\"@graph\":[{\"@type\":\"WebPage\",\"@id\":\"https:\\\/\\\/www.sereni-d.com\\\/it\\\/produits\\\/sos-pulci-da-letto\\\/\",\"url\":\"https:\\\/\\\/www.sereni-d.com\\\/it\\\/produits\\\/sos-pulci-da-letto\\\/\",\"name\":\"Trattamento Cimici dei Letti - %sitename%%\",\"isPartOf\":{\"@id\":\"https:\\\/\\\/www.sereni-d.com\\\/it\\\/#website\"},\"primaryImageOfPage\":{\"@id\":\"https:\\\/\\\/www.sereni-d.com\\\/it\\\/produits\\\/sos-pulci-da-letto\\\/#primaryimage\"},\"image\":{\"@id\":\"https:\\\/\\\/www.sereni-d.com\\\/it\\\/produits\\\/sos-pulci-da-letto\\\/#primaryimage\"},\"thumbnailUrl\":\"https:\\\/\\\/www.sereni-d.com\\\/wp-content\\\/uploads\\\/2024\\\/06\\\/IT_SOS-100ml-1.jpg\",\"datePublished\":\"2023-04-11T12:26:37+00:00\",\"dateModified\":\"2026-04-29T20:23:08+00:00\",\"description\":\"SOS Trattamento CIMICI DEI LETTI formato viaggio! Combatti Efficacemente & a Lunga Durata - Protezione 100% di Origine Naturale di Lunga Durata\",\"breadcrumb\":{\"@id\":\"https:\\\/\\\/www.sereni-d.com\\\/it\\\/produits\\\/sos-pulci-da-letto\\\/#breadcrumb\"},\"inLanguage\":\"it-IT\",\"potentialAction\":[{\"@type\":\"ReadAction\",\"target\":[\"https:\\\/\\\/www.sereni-d.com\\\/it\\\/produits\\\/sos-pulci-da-letto\\\/\"]}]},{\"@type\":\"ImageObject\",\"inLanguage\":\"it-IT\",\"@id\":\"https:\\\/\\\/www.sereni-d.com\\\/it\\\/produits\\\/sos-pulci-da-letto\\\/#primaryimage\",\"url\":\"https:\\\/\\\/www.sereni-d.com\\\/wp-content\\\/uploads\\\/2024\\\/06\\\/IT_SOS-100ml-1.jpg\",\"contentUrl\":\"https:\\\/\\\/www.sereni-d.com\\\/wp-content\\\/uploads\\\/2024\\\/06\\\/IT_SOS-100ml-1.jpg\",\"width\":1000,\"height\":1000,\"caption\":\"Cimici da letto\"},{\"@type\":\"BreadcrumbList\",\"@id\":\"https:\\\/\\\/www.sereni-d.com\\\/it\\\/produits\\\/sos-pulci-da-letto\\\/#breadcrumb\",\"itemListElement\":[{\"@type\":\"ListItem\",\"position\":1,\"name\":\"Home page\",\"item\":\"https:\\\/\\\/www.sereni-d.com\\\/it\\\/\"},{\"@type\":\"ListItem\",\"position\":2,\"name\":\"Negozio\",\"item\":\"https:\\\/\\\/www.sereni-d.com\\\/it\\\/negozio\\\/\"},{\"@type\":\"ListItem\",\"position\":3,\"name\":\"Punaise de lit\",\"item\":\"https:\\\/\\\/www.sereni-d.com\\\/categories\\\/punaise-de-lit\\\/\"},{\"@type\":\"ListItem\",\"position\":4,\"name\":\"Prodotti\",\"item\":\"https:\\\/\\\/www.sereni-d.com\\\/it\\\/categories\\\/prodotti\\\/\"},{\"@type\":\"ListItem\",\"position\":5,\"name\":\"SOS Cimici dei Letti\"}]},{\"@type\":\"WebSite\",\"@id\":\"https:\\\/\\\/www.sereni-d.com\\\/it\\\/#website\",\"url\":\"https:\\\/\\\/www.sereni-d.com\\\/it\\\/\",\"name\":\"Sereni-d\u00ae\",\"description\":\"EXPERT Punaises de Lit - Laboratoire SUISSE - Traitements concentr\u00e9s contres les Punaises de Lit. Protection Longue Dur\u00e9e. Efficacit\u00e9 prouv\u00e9e, r\u00e9sultat maximal. Recommand\u00e9 par les professionnels.\",\"publisher\":{\"@id\":\"https:\\\/\\\/www.sereni-d.com\\\/it\\\/#organization\"},\"potentialAction\":[{\"@type\":\"SearchAction\",\"target\":{\"@type\":\"EntryPoint\",\"urlTemplate\":\"https:\\\/\\\/www.sereni-d.com\\\/it\\\/?s={search_term_string}\"},\"query-input\":{\"@type\":\"PropertyValueSpecification\",\"valueRequired\":true,\"valueName\":\"search_term_string\"}}],\"inLanguage\":\"it-IT\"},{\"@type\":\"Organization\",\"@id\":\"https:\\\/\\\/www.sereni-d.com\\\/it\\\/#organization\",\"name\":\"Sereni-d\",\"url\":\"https:\\\/\\\/www.sereni-d.com\\\/it\\\/\",\"logo\":{\"@type\":\"ImageObject\",\"inLanguage\":\"it-IT\",\"@id\":\"https:\\\/\\\/www.sereni-d.com\\\/it\\\/#\\\/schema\\\/logo\\\/image\\\/\",\"url\":\"\",\"contentUrl\":\"\",\"caption\":\"Sereni-d\"},\"image\":{\"@id\":\"https:\\\/\\\/www.sereni-d.com\\\/it\\\/#\\\/schema\\\/logo\\\/image\\\/\"},\"sameAs\":[\"https:\\\/\\\/www.facebook.com\\\/SereniDsante\\\/\",\"https:\\\/\\\/www.instagram.com\\\/serenidsante\\\/\"]}]}<\/script>\n<!-- \/ Yoast SEO plugin. -->","yoast_head_json":{"title":"Trattamento Cimici dei Letti - %sitename%%","description":"SOS Trattamento CIMICI DEI LETTI formato viaggio! Combatti Efficacemente & a Lunga Durata - Protezione 100% di Origine Naturale di Lunga Durata","robots":{"index":"index","follow":"follow","max-snippet":"max-snippet:-1","max-image-preview":"max-image-preview:large","max-video-preview":"max-video-preview:-1"},"canonical":"https:\/\/www.sereni-d.com\/it\/produits\/sos-pulci-da-letto\/","og_locale":"it_IT","og_type":"article","og_title":"Trattamento Cimici dei Letti - %sitename%%","og_description":"SOS Trattamento CIMICI DEI LETTI formato viaggio! Combatti Efficacemente & a Lunga Durata - Protezione 100% di Origine Naturale di Lunga Durata","og_url":"https:\/\/www.sereni-d.com\/it\/produits\/sos-pulci-da-letto\/","og_site_name":"Sereni-d\u00ae","article_publisher":"https:\/\/www.facebook.com\/SereniDsante\/","article_modified_time":"2026-04-29T20:23:08+00:00","og_image":[{"width":1000,"height":1000,"url":"https:\/\/www.sereni-d.com\/wp-content\/uploads\/2024\/06\/IT_SOS-100ml-1.jpg","type":"image\/jpeg"}],"twitter_card":"summary_large_image","twitter_misc":{"Tempo di lettura stimato":"2 minuti"},"schema":{"@context":"https:\/\/schema.org","@graph":[{"@type":"WebPage","@id":"https:\/\/www.sereni-d.com\/it\/produits\/sos-pulci-da-letto\/","url":"https:\/\/www.sereni-d.com\/it\/produits\/sos-pulci-da-letto\/","name":"Trattamento Cimici dei Letti - %sitename%%","isPartOf":{"@id":"https:\/\/www.sereni-d.com\/it\/#website"},"primaryImageOfPage":{"@id":"https:\/\/www.sereni-d.com\/it\/produits\/sos-pulci-da-letto\/#primaryimage"},"image":{"@id":"https:\/\/www.sereni-d.com\/it\/produits\/sos-pulci-da-letto\/#primaryimage"},"thumbnailUrl":"https:\/\/www.sereni-d.com\/wp-content\/uploads\/2024\/06\/IT_SOS-100ml-1.jpg","datePublished":"2023-04-11T12:26:37+00:00","dateModified":"2026-04-29T20:23:08+00:00","description":"SOS Trattamento CIMICI DEI LETTI formato viaggio! Combatti Efficacemente & a Lunga Durata - Protezione 100% di Origine Naturale di Lunga Durata","breadcrumb":{"@id":"https:\/\/www.sereni-d.com\/it\/produits\/sos-pulci-da-letto\/#breadcrumb"},"inLanguage":"it-IT","potentialAction":[{"@type":"ReadAction","target":["https:\/\/www.sereni-d.com\/it\/produits\/sos-pulci-da-letto\/"]}]},{"@type":"ImageObject","inLanguage":"it-IT","@id":"https:\/\/www.sereni-d.com\/it\/produits\/sos-pulci-da-letto\/#primaryimage","url":"https:\/\/www.sereni-d.com\/wp-content\/uploads\/2024\/06\/IT_SOS-100ml-1.jpg","contentUrl":"https:\/\/www.sereni-d.com\/wp-content\/uploads\/2024\/06\/IT_SOS-100ml-1.jpg","width":1000,"height":1000,"caption":"Cimici da letto"},{"@type":"BreadcrumbList","@id":"https:\/\/www.sereni-d.com\/it\/produits\/sos-pulci-da-letto\/#breadcrumb","itemListElement":[{"@type":"ListItem","position":1,"name":"Home page","item":"https:\/\/www.sereni-d.com\/it\/"},{"@type":"ListItem","position":2,"name":"Negozio","item":"https:\/\/www.sereni-d.com\/it\/negozio\/"},{"@type":"ListItem","position":3,"name":"Punaise de lit","item":"https:\/\/www.sereni-d.com\/categories\/punaise-de-lit\/"},{"@type":"ListItem","position":4,"name":"Prodotti","item":"https:\/\/www.sereni-d.com\/it\/categories\/prodotti\/"},{"@type":"ListItem","position":5,"name":"SOS Cimici dei Letti"}]},{"@type":"WebSite","@id":"https:\/\/www.sereni-d.com\/it\/#website","url":"https:\/\/www.sereni-d.com\/it\/","name":"Sereni-d\u00ae","description":"EXPERT Punaises de Lit - Laboratoire SUISSE - Traitements concentr\u00e9s contres les Punaises de Lit. Protection Longue Dur\u00e9e. Efficacit\u00e9 prouv\u00e9e, r\u00e9sultat maximal. Recommand\u00e9 par les professionnels.","publisher":{"@id":"https:\/\/www.sereni-d.com\/it\/#organization"},"potentialAction":[{"@type":"SearchAction","target":{"@type":"EntryPoint","urlTemplate":"https:\/\/www.sereni-d.com\/it\/?s={search_term_string}"},"query-input":{"@type":"PropertyValueSpecification","valueRequired":true,"valueName":"search_term_string"}}],"inLanguage":"it-IT"},{"@type":"Organization","@id":"https:\/\/www.sereni-d.com\/it\/#organization","name":"Sereni-d","url":"https:\/\/www.sereni-d.com\/it\/","logo":{"@type":"ImageObject","inLanguage":"it-IT","@id":"https:\/\/www.sereni-d.com\/it\/#\/schema\/logo\/image\/","url":"","contentUrl":"","caption":"Sereni-d"},"image":{"@id":"https:\/\/www.sereni-d.com\/it\/#\/schema\/logo\/image\/"},"sameAs":["https:\/\/www.facebook.com\/SereniDsante\/","https:\/\/www.instagram.com\/serenidsante\/"]}]}},"_links":{"self":[{"href":"https:\/\/www.sereni-d.com\/it\/wp-json\/wp\/v2\/product\/5229","targetHints":{"allow":["GET"]}}],"collection":[{"href":"https:\/\/www.sereni-d.com\/it\/wp-json\/wp\/v2\/product"}],"about":[{"href":"https:\/\/www.sereni-d.com\/it\/wp-json\/wp\/v2\/types\/product"}],"replies":[{"embeddable":true,"href":"https:\/\/www.sereni-d.com\/it\/wp-json\/wp\/v2\/comments?post=5229"}],"wp:featuredmedia":[{"embeddable":true,"href":"https:\/\/www.sereni-d.com\/it\/wp-json\/wp\/v2\/media\/6361"}],"wp:attachment":[{"href":"https:\/\/www.sereni-d.com\/it\/wp-json\/wp\/v2\/media?parent=5229"}],"wp:term":[{"taxonomy":"product_brand","embeddable":true,"href":"https:\/\/www.sereni-d.com\/it\/wp-json\/wp\/v2\/product_brand?post=5229"},{"taxonomy":"product_cat","embeddable":true,"href":"https:\/\/www.sereni-d.com\/it\/wp-json\/wp\/v2\/product_cat?post=5229"},{"taxonomy":"product_tag","embeddable":true,"href":"https:\/\/www.sereni-d.com\/it\/wp-json\/wp\/v2\/product_tag?post=5229"}],"curies":[{"name":"wp","href":"https:\/\/api.w.org\/{rel}","templated":true}]}}