{"id":5266,"date":"2023-05-05T11:50:07","date_gmt":"2023-05-05T09:50:07","guid":{"rendered":"https:\/\/www.sereni-d.com\/produits\/scudo-tessile-cimici-dei-letti\/"},"modified":"2026-04-16T20:23:09","modified_gmt":"2026-04-16T18:23:09","slug":"scudo-tessuti-cimici-da-letto","status":"publish","type":"product","link":"https:\/\/www.sereni-d.com\/it\/produits\/scudo-tessuti-cimici-da-letto\/","title":{"rendered":"SCUDO Tessile Cimici dei Letti"},"content":{"rendered":"<p><strong>SCUDO Trattamento preventivo a base vegetale CONTRO LE CIMICI DA LETTO<\/strong> \u00e8 uno spray pronto all&#8217;uso basato su principi ispirati alla natura, appositamente sviluppato per controllare le cimici da letto come misura preventiva.<\/p>\n<p>Il suo <strong>estratto di fiori di piretro vegetale, combinato con un complesso di oli essenziali<\/strong> selezionati per le loro propriet\u00e0 repellenti, garantisce una prevenzione duratura e altamente efficace (fino a 7 giorni in condizioni ottimali di utilizzo).<\/p>\n<p>Spruzzato sui tessuti e sui bagagli,<strong> lo spray con il suo potente profumo di principi attivi vegetali<\/strong> disturba i recettori olfattivi delle cimici da letto e le dissuade dal venire a soggiornare o a deporre le uova. Il SCUDO deve essere utilizzato a scopo preventivo durante gli spostamenti o i viaggi.<\/p>\n<p>Lo spray pu\u00f2 essere applicato anche su superfici come le porte, i telai delle finestre o le bocchette di aerazione, se si ha il dubbio che un ambiente vicino sia potenzialmente infestato. Lo spray <strong>SCUDO Sereni-d\u00ae<\/strong> \u00e8 il vostro migliore alleato durante i vostri spostamenti o in caso di dubbi su eventuali parassiti nelle vicinanze.<\/p>\n<p>Garanzia di soddisfazione <strong>Sereni-d\u00ae<\/strong>: Se non siete soddisfatti del vostro acquisto, contattateci tramite la pagina di <a title=\"Contatti SERENI-D\" href=\"https:\/\/www.sereni-d.com\/it\/contatti\/\">contatto<\/a> e vi rimborseremo l&#8217;intero importo.<\/p>\n","protected":false},"excerpt":{"rendered":"<p>\u2022 Spray preventivo contro le cimici da letto<br \/>\n\u2022 Repellente preventivo per cimici da letto<br \/>\n\u2022 Protezione sicura e duratura<br \/>\n\u2022 Oltre 200.000 clienti soddisfatti di Sereni-d<sup>\u00ae<\/sup><\/p>\n<p><strong>FORMULA CONCENTRATA \u2013 MASSIMO RISULTATO<\/strong><\/p>\n<p>&nbsp;<\/p>\n","protected":false},"featured_media":6373,"comment_status":"open","ping_status":"closed","template":"","meta":{"_acf_changed":false,"_monsterinsights_skip_tracking":false,"_monsterinsights_sitenote_active":false,"_monsterinsights_sitenote_note":"","_monsterinsights_sitenote_category":0},"product_brand":[],"product_cat":[79],"product_tag":[],"class_list":{"0":"post-5266","1":"product","2":"type-product","3":"status-publish","4":"has-post-thumbnail","6":"product_cat-prodotti","8":"first","9":"instock","10":"taxable","11":"shipping-taxable","12":"purchasable","13":"product-type-simple"},"acf":[],"yoast_head":"<!-- This site is optimized with the Yoast SEO plugin v27.2 - https:\/\/yoast.com\/product\/yoast-seo-wordpress\/ -->\n<title>SCUDO Cimici dei letti - Spray preventivo a base vegetale- Sereni-d\u00ae<\/title>\n<meta name=\"description\" content=\"SCUDO Trattamento preventivo a base vegetale CONTRO LE CIMICI DA LETTO! Protezione efficace e duratura - Repellente per cimici da letto a base vegetale! Protezione naturale al 100% e di lunga durata\" \/>\n<meta name=\"robots\" content=\"index, follow, max-snippet:-1, max-image-preview:large, max-video-preview:-1\" \/>\n<link rel=\"canonical\" href=\"https:\/\/www.sereni-d.com\/it\/produits\/scudo-tessuti-cimici-da-letto\/\" \/>\n<meta property=\"og:locale\" content=\"it_IT\" \/>\n<meta property=\"og:type\" content=\"article\" \/>\n<meta property=\"og:title\" content=\"SCUDO Cimici dei letti - Spray preventivo a base vegetale- Sereni-d\u00ae\" \/>\n<meta property=\"og:description\" content=\"SCUDO Trattamento preventivo a base vegetale CONTRO LE CIMICI DA LETTO! Protezione efficace e duratura - Repellente per cimici da letto a base vegetale! Protezione naturale al 100% e di lunga durata\" \/>\n<meta property=\"og:url\" content=\"https:\/\/www.sereni-d.com\/it\/produits\/scudo-tessuti-cimici-da-letto\/\" \/>\n<meta property=\"og:site_name\" content=\"Sereni-d\u00ae\" \/>\n<meta property=\"article:publisher\" content=\"https:\/\/www.facebook.com\/SereniDsante\/\" \/>\n<meta property=\"article:modified_time\" content=\"2026-04-16T18:23:09+00:00\" \/>\n<meta property=\"og:image\" content=\"https:\/\/www.sereni-d.com\/wp-content\/uploads\/2024\/06\/IT_bouclier-100ml-1.jpg\" \/>\n\t<meta property=\"og:image:width\" content=\"1000\" \/>\n\t<meta property=\"og:image:height\" content=\"1000\" \/>\n\t<meta property=\"og:image:type\" content=\"image\/jpeg\" \/>\n<meta name=\"twitter:card\" content=\"summary_large_image\" \/>\n<meta name=\"twitter:label1\" content=\"Tempo di lettura stimato\" \/>\n\t<meta name=\"twitter:data1\" content=\"2 minuti\" \/>\n<script type=\"application\/ld+json\" class=\"yoast-schema-graph\">{\"@context\":\"https:\/\/schema.org\",\"@graph\":[{\"@type\":\"WebPage\",\"@id\":\"https:\/\/www.sereni-d.com\/it\/produits\/scudo-tessuti-cimici-da-letto\/\",\"url\":\"https:\/\/www.sereni-d.com\/it\/produits\/scudo-tessuti-cimici-da-letto\/\",\"name\":\"SCUDO Cimici dei letti - Spray preventivo a base vegetale- Sereni-d\u00ae\",\"isPartOf\":{\"@id\":\"https:\/\/www.sereni-d.com\/it\/#website\"},\"primaryImageOfPage\":{\"@id\":\"https:\/\/www.sereni-d.com\/it\/produits\/scudo-tessuti-cimici-da-letto\/#primaryimage\"},\"image\":{\"@id\":\"https:\/\/www.sereni-d.com\/it\/produits\/scudo-tessuti-cimici-da-letto\/#primaryimage\"},\"thumbnailUrl\":\"https:\/\/www.sereni-d.com\/wp-content\/uploads\/2024\/06\/IT_bouclier-100ml-1.jpg\",\"datePublished\":\"2023-05-05T09:50:07+00:00\",\"dateModified\":\"2026-04-16T18:23:09+00:00\",\"description\":\"SCUDO Trattamento preventivo a base vegetale CONTRO LE CIMICI DA LETTO! Protezione efficace e duratura - Repellente per cimici da letto a base vegetale! Protezione naturale al 100% e di lunga durata\",\"breadcrumb\":{\"@id\":\"https:\/\/www.sereni-d.com\/it\/produits\/scudo-tessuti-cimici-da-letto\/#breadcrumb\"},\"inLanguage\":\"it-IT\",\"potentialAction\":[{\"@type\":\"ReadAction\",\"target\":[\"https:\/\/www.sereni-d.com\/it\/produits\/scudo-tessuti-cimici-da-letto\/\"]}]},{\"@type\":\"ImageObject\",\"inLanguage\":\"it-IT\",\"@id\":\"https:\/\/www.sereni-d.com\/it\/produits\/scudo-tessuti-cimici-da-letto\/#primaryimage\",\"url\":\"https:\/\/www.sereni-d.com\/wp-content\/uploads\/2024\/06\/IT_bouclier-100ml-1.jpg\",\"contentUrl\":\"https:\/\/www.sereni-d.com\/wp-content\/uploads\/2024\/06\/IT_bouclier-100ml-1.jpg\",\"width\":1000,\"height\":1000,\"caption\":\"repellente cimici dei letti\"},{\"@type\":\"BreadcrumbList\",\"@id\":\"https:\/\/www.sereni-d.com\/it\/produits\/scudo-tessuti-cimici-da-letto\/#breadcrumb\",\"itemListElement\":[{\"@type\":\"ListItem\",\"position\":1,\"name\":\"Home page\",\"item\":\"https:\/\/www.sereni-d.com\/it\/\"},{\"@type\":\"ListItem\",\"position\":2,\"name\":\"Negozio\",\"item\":\"https:\/\/www.sereni-d.com\/it\/negozio\/\"},{\"@type\":\"ListItem\",\"position\":3,\"name\":\"Prodotti\",\"item\":\"https:\/\/www.sereni-d.com\/it\/categories\/prodotti\/\"},{\"@type\":\"ListItem\",\"position\":4,\"name\":\"SCUDO Tessile Cimici dei Letti\"}]},{\"@type\":\"WebSite\",\"@id\":\"https:\/\/www.sereni-d.com\/it\/#website\",\"url\":\"https:\/\/www.sereni-d.com\/it\/\",\"name\":\"Sereni-d\u00ae\",\"description\":\"EXPERT Punaises de Lit - Laboratoire SUISSE - Traitements concentr\u00e9s contres les Punaises de Lit. Protection Longue Dur\u00e9e. Efficacit\u00e9 prouv\u00e9e, r\u00e9sultat maximal. Recommand\u00e9 par les professionnels.\",\"publisher\":{\"@id\":\"https:\/\/www.sereni-d.com\/it\/#organization\"},\"potentialAction\":[{\"@type\":\"SearchAction\",\"target\":{\"@type\":\"EntryPoint\",\"urlTemplate\":\"https:\/\/www.sereni-d.com\/it\/?s={search_term_string}\"},\"query-input\":{\"@type\":\"PropertyValueSpecification\",\"valueRequired\":true,\"valueName\":\"search_term_string\"}}],\"inLanguage\":\"it-IT\"},{\"@type\":\"Organization\",\"@id\":\"https:\/\/www.sereni-d.com\/it\/#organization\",\"name\":\"Sereni-d\",\"url\":\"https:\/\/www.sereni-d.com\/it\/\",\"logo\":{\"@type\":\"ImageObject\",\"inLanguage\":\"it-IT\",\"@id\":\"https:\/\/www.sereni-d.com\/it\/#\/schema\/logo\/image\/\",\"url\":\"\",\"contentUrl\":\"\",\"caption\":\"Sereni-d\"},\"image\":{\"@id\":\"https:\/\/www.sereni-d.com\/it\/#\/schema\/logo\/image\/\"},\"sameAs\":[\"https:\/\/www.facebook.com\/SereniDsante\/\",\"https:\/\/www.instagram.com\/serenidsante\/\"]}]}<\/script>\n<!-- \/ Yoast SEO plugin. -->","yoast_head_json":{"title":"SCUDO Cimici dei letti - Spray preventivo a base vegetale- Sereni-d\u00ae","description":"SCUDO Trattamento preventivo a base vegetale CONTRO LE CIMICI DA LETTO! Protezione efficace e duratura - Repellente per cimici da letto a base vegetale! Protezione naturale al 100% e di lunga durata","robots":{"index":"index","follow":"follow","max-snippet":"max-snippet:-1","max-image-preview":"max-image-preview:large","max-video-preview":"max-video-preview:-1"},"canonical":"https:\/\/www.sereni-d.com\/it\/produits\/scudo-tessuti-cimici-da-letto\/","og_locale":"it_IT","og_type":"article","og_title":"SCUDO Cimici dei letti - Spray preventivo a base vegetale- Sereni-d\u00ae","og_description":"SCUDO Trattamento preventivo a base vegetale CONTRO LE CIMICI DA LETTO! Protezione efficace e duratura - Repellente per cimici da letto a base vegetale! Protezione naturale al 100% e di lunga durata","og_url":"https:\/\/www.sereni-d.com\/it\/produits\/scudo-tessuti-cimici-da-letto\/","og_site_name":"Sereni-d\u00ae","article_publisher":"https:\/\/www.facebook.com\/SereniDsante\/","article_modified_time":"2026-04-16T18:23:09+00:00","og_image":[{"width":1000,"height":1000,"url":"https:\/\/www.sereni-d.com\/wp-content\/uploads\/2024\/06\/IT_bouclier-100ml-1.jpg","type":"image\/jpeg"}],"twitter_card":"summary_large_image","twitter_misc":{"Tempo di lettura stimato":"2 minuti"},"schema":{"@context":"https:\/\/schema.org","@graph":[{"@type":"WebPage","@id":"https:\/\/www.sereni-d.com\/it\/produits\/scudo-tessuti-cimici-da-letto\/","url":"https:\/\/www.sereni-d.com\/it\/produits\/scudo-tessuti-cimici-da-letto\/","name":"SCUDO Cimici dei letti - Spray preventivo a base vegetale- Sereni-d\u00ae","isPartOf":{"@id":"https:\/\/www.sereni-d.com\/it\/#website"},"primaryImageOfPage":{"@id":"https:\/\/www.sereni-d.com\/it\/produits\/scudo-tessuti-cimici-da-letto\/#primaryimage"},"image":{"@id":"https:\/\/www.sereni-d.com\/it\/produits\/scudo-tessuti-cimici-da-letto\/#primaryimage"},"thumbnailUrl":"https:\/\/www.sereni-d.com\/wp-content\/uploads\/2024\/06\/IT_bouclier-100ml-1.jpg","datePublished":"2023-05-05T09:50:07+00:00","dateModified":"2026-04-16T18:23:09+00:00","description":"SCUDO Trattamento preventivo a base vegetale CONTRO LE CIMICI DA LETTO! Protezione efficace e duratura - Repellente per cimici da letto a base vegetale! Protezione naturale al 100% e di lunga durata","breadcrumb":{"@id":"https:\/\/www.sereni-d.com\/it\/produits\/scudo-tessuti-cimici-da-letto\/#breadcrumb"},"inLanguage":"it-IT","potentialAction":[{"@type":"ReadAction","target":["https:\/\/www.sereni-d.com\/it\/produits\/scudo-tessuti-cimici-da-letto\/"]}]},{"@type":"ImageObject","inLanguage":"it-IT","@id":"https:\/\/www.sereni-d.com\/it\/produits\/scudo-tessuti-cimici-da-letto\/#primaryimage","url":"https:\/\/www.sereni-d.com\/wp-content\/uploads\/2024\/06\/IT_bouclier-100ml-1.jpg","contentUrl":"https:\/\/www.sereni-d.com\/wp-content\/uploads\/2024\/06\/IT_bouclier-100ml-1.jpg","width":1000,"height":1000,"caption":"repellente cimici dei letti"},{"@type":"BreadcrumbList","@id":"https:\/\/www.sereni-d.com\/it\/produits\/scudo-tessuti-cimici-da-letto\/#breadcrumb","itemListElement":[{"@type":"ListItem","position":1,"name":"Home page","item":"https:\/\/www.sereni-d.com\/it\/"},{"@type":"ListItem","position":2,"name":"Negozio","item":"https:\/\/www.sereni-d.com\/it\/negozio\/"},{"@type":"ListItem","position":3,"name":"Prodotti","item":"https:\/\/www.sereni-d.com\/it\/categories\/prodotti\/"},{"@type":"ListItem","position":4,"name":"SCUDO Tessile Cimici dei Letti"}]},{"@type":"WebSite","@id":"https:\/\/www.sereni-d.com\/it\/#website","url":"https:\/\/www.sereni-d.com\/it\/","name":"Sereni-d\u00ae","description":"EXPERT Punaises de Lit - Laboratoire SUISSE - Traitements concentr\u00e9s contres les Punaises de Lit. Protection Longue Dur\u00e9e. Efficacit\u00e9 prouv\u00e9e, r\u00e9sultat maximal. Recommand\u00e9 par les professionnels.","publisher":{"@id":"https:\/\/www.sereni-d.com\/it\/#organization"},"potentialAction":[{"@type":"SearchAction","target":{"@type":"EntryPoint","urlTemplate":"https:\/\/www.sereni-d.com\/it\/?s={search_term_string}"},"query-input":{"@type":"PropertyValueSpecification","valueRequired":true,"valueName":"search_term_string"}}],"inLanguage":"it-IT"},{"@type":"Organization","@id":"https:\/\/www.sereni-d.com\/it\/#organization","name":"Sereni-d","url":"https:\/\/www.sereni-d.com\/it\/","logo":{"@type":"ImageObject","inLanguage":"it-IT","@id":"https:\/\/www.sereni-d.com\/it\/#\/schema\/logo\/image\/","url":"","contentUrl":"","caption":"Sereni-d"},"image":{"@id":"https:\/\/www.sereni-d.com\/it\/#\/schema\/logo\/image\/"},"sameAs":["https:\/\/www.facebook.com\/SereniDsante\/","https:\/\/www.instagram.com\/serenidsante\/"]}]}},"_links":{"self":[{"href":"https:\/\/www.sereni-d.com\/it\/wp-json\/wp\/v2\/product\/5266","targetHints":{"allow":["GET"]}}],"collection":[{"href":"https:\/\/www.sereni-d.com\/it\/wp-json\/wp\/v2\/product"}],"about":[{"href":"https:\/\/www.sereni-d.com\/it\/wp-json\/wp\/v2\/types\/product"}],"replies":[{"embeddable":true,"href":"https:\/\/www.sereni-d.com\/it\/wp-json\/wp\/v2\/comments?post=5266"}],"wp:featuredmedia":[{"embeddable":true,"href":"https:\/\/www.sereni-d.com\/it\/wp-json\/wp\/v2\/media\/6373"}],"wp:attachment":[{"href":"https:\/\/www.sereni-d.com\/it\/wp-json\/wp\/v2\/media?parent=5266"}],"wp:term":[{"taxonomy":"product_brand","embeddable":true,"href":"https:\/\/www.sereni-d.com\/it\/wp-json\/wp\/v2\/product_brand?post=5266"},{"taxonomy":"product_cat","embeddable":true,"href":"https:\/\/www.sereni-d.com\/it\/wp-json\/wp\/v2\/product_cat?post=5266"},{"taxonomy":"product_tag","embeddable":true,"href":"https:\/\/www.sereni-d.com\/it\/wp-json\/wp\/v2\/product_tag?post=5266"}],"curies":[{"name":"wp","href":"https:\/\/api.w.org\/{rel}","templated":true}]}}