{"id":5275,"date":"2023-05-31T16:07:56","date_gmt":"2023-05-31T14:07:56","guid":{"rendered":"https:\/\/www.sereni-d.com\/produits\/sos-cimici-dei-letti-xxl\/"},"modified":"2026-04-19T19:53:11","modified_gmt":"2026-04-19T17:53:11","slug":"sos-cimici-da-letto-xxl","status":"publish","type":"product","link":"https:\/\/www.sereni-d.com\/it\/produits\/sos-cimici-da-letto-xxl\/","title":{"rendered":"SOS Cimici dei Letti XXL"},"content":{"rendered":"<p><strong>SOS Trattamento curativo a base vegetale CONTRO LE CIMICI DA LETTO XXL<\/strong> \u00e8 uno spray pronto all&#8217;uso con principi ispirati alla natura, appositamente sviluppato per combattere le cimici da letto in un contesto curativo.<\/p>\n<p>Il suo <strong>estratto di fiori di piretro vegetale combinato con il suo complesso di oli essenziali<\/strong> selezionati per le loro molecole con propriet\u00e0 insetticide, assicura la distruzione fulminea delle cimici da letto in tutti gli stadi di sviluppo (uova, larve, adulti) grazie a un effetto d&#8217;urto sul loro sistema nervoso e sul loro esoscheletro, che le neutralizza e le secca.<\/p>\n<p>La sua <strong>formula concentrata \u00e8 efficace immediatamente (pochi minuti) e a lungo (fino a 12 giorni in condizioni ottimali di utilizzo)<\/strong>.<\/p>\n<p>Spruzzate sui tessuti, sulla biancheria da letto e sulle superfici, le molecole disperse formano una pellicola distruttiva che avvelena le cimici da letto quando passano sulla superficie trattata.<\/p>\n<p>Lo <strong>spray SOS <\/strong>\u00e8 il vostro migliore alleato in caso di infestazione o del minimo dubbio sulla presenza di cimici da letto o di uova. Uno spray da 500 mL permette il trattamento di circa 10 m\u00b2 di superficie.<\/p>\n<p>Garanzia di soddisfazione <strong>Sereni-d\u00ae<\/strong>: Se non siete soddisfatti del vostro acquisto, contattateci tramite la pagina di <a title=\"Contatti SERENI-D\" href=\"https:\/\/www.sereni-d.com\/it\/contatti\/\">contatto<\/a> e vi rimborseremo l&#8217;intero importo.<\/p>\n","protected":false},"excerpt":{"rendered":"<p align=\"justify\">\u2022 Spray curativo contro le cimici da letto<br \/>\n\u2022 Elimina il 100% delle cimici da letto (uova, larve e adulti)<br \/>\n\u2022 Protezione immediata, sicura e duratura<br \/>\n\u2022 Oltre 50.000 clienti soddisfatti di Sereni-d<sup>\u00ae<\/sup><\/p>\n<p align=\"justify\"><strong>FORMULA CONCENTRATA \u2013 MASSIMO RISULTATO<\/strong><\/p>\n","protected":false},"featured_media":6385,"comment_status":"open","ping_status":"closed","template":"","meta":{"_acf_changed":false,"_monsterinsights_skip_tracking":false,"_monsterinsights_sitenote_active":false,"_monsterinsights_sitenote_note":"","_monsterinsights_sitenote_category":0},"product_brand":[],"product_cat":[79],"product_tag":[],"class_list":{"0":"post-5275","1":"product","2":"type-product","3":"status-publish","4":"has-post-thumbnail","6":"product_cat-prodotti","8":"first","9":"instock","10":"taxable","11":"shipping-taxable","12":"purchasable","13":"product-type-simple"},"acf":[],"yoast_head":"<!-- This site is optimized with the Yoast SEO plugin v27.2 - https:\/\/yoast.com\/product\/yoast-seo-wordpress\/ -->\n<title>SOS Anti-Cimici dei Letti - Spray naturale SHOCK - XXL 500ml - Sereni-d\u00ae<\/title>\n<meta name=\"description\" content=\"La Soluzione definitiva. Elimina immediatamente il 100% delle cimici da letto. A lungo termine - Effetto d&#039;urto. Niente pi\u00f9 incubi a causa delle cimici da letto. Spray SOS efficacia al 100%\" \/>\n<meta name=\"robots\" content=\"index, follow, max-snippet:-1, max-image-preview:large, max-video-preview:-1\" \/>\n<link rel=\"canonical\" href=\"https:\/\/www.sereni-d.com\/it\/produits\/sos-cimici-da-letto-xxl\/\" \/>\n<meta property=\"og:locale\" content=\"it_IT\" \/>\n<meta property=\"og:type\" content=\"article\" \/>\n<meta property=\"og:title\" content=\"SOS Anti-Cimici dei Letti - Spray naturale SHOCK - XXL 500ml - Sereni-d\u00ae\" \/>\n<meta property=\"og:description\" content=\"La Soluzione definitiva. Elimina immediatamente il 100% delle cimici da letto. A lungo termine - Effetto d&#039;urto. Niente pi\u00f9 incubi a causa delle cimici da letto. Spray SOS efficacia al 100%\" \/>\n<meta property=\"og:url\" content=\"https:\/\/www.sereni-d.com\/it\/produits\/sos-cimici-da-letto-xxl\/\" \/>\n<meta property=\"og:site_name\" content=\"Sereni-d\u00ae\" \/>\n<meta property=\"article:publisher\" content=\"https:\/\/www.facebook.com\/SereniDsante\/\" \/>\n<meta property=\"article:modified_time\" content=\"2026-04-19T17:53:11+00:00\" \/>\n<meta property=\"og:image\" content=\"https:\/\/www.sereni-d.com\/wp-content\/uploads\/2024\/06\/IT_SOS-XXL-1.jpg\" \/>\n\t<meta property=\"og:image:width\" content=\"1000\" \/>\n\t<meta property=\"og:image:height\" content=\"1000\" \/>\n\t<meta property=\"og:image:type\" content=\"image\/jpeg\" \/>\n<meta name=\"twitter:card\" content=\"summary_large_image\" \/>\n<meta name=\"twitter:label1\" content=\"Tempo di lettura stimato\" \/>\n\t<meta name=\"twitter:data1\" content=\"2 minuti\" \/>\n<script type=\"application\/ld+json\" class=\"yoast-schema-graph\">{\"@context\":\"https:\/\/schema.org\",\"@graph\":[{\"@type\":\"WebPage\",\"@id\":\"https:\/\/www.sereni-d.com\/it\/produits\/sos-cimici-da-letto-xxl\/\",\"url\":\"https:\/\/www.sereni-d.com\/it\/produits\/sos-cimici-da-letto-xxl\/\",\"name\":\"SOS Anti-Cimici dei Letti - Spray naturale SHOCK - XXL 500ml - Sereni-d\u00ae\",\"isPartOf\":{\"@id\":\"https:\/\/www.sereni-d.com\/it\/#website\"},\"primaryImageOfPage\":{\"@id\":\"https:\/\/www.sereni-d.com\/it\/produits\/sos-cimici-da-letto-xxl\/#primaryimage\"},\"image\":{\"@id\":\"https:\/\/www.sereni-d.com\/it\/produits\/sos-cimici-da-letto-xxl\/#primaryimage\"},\"thumbnailUrl\":\"https:\/\/www.sereni-d.com\/wp-content\/uploads\/2024\/06\/IT_SOS-XXL-1.jpg\",\"datePublished\":\"2023-05-31T14:07:56+00:00\",\"dateModified\":\"2026-04-19T17:53:11+00:00\",\"description\":\"La Soluzione definitiva. Elimina immediatamente il 100% delle cimici da letto. A lungo termine - Effetto d'urto. Niente pi\u00f9 incubi a causa delle cimici da letto. Spray SOS efficacia al 100%\",\"breadcrumb\":{\"@id\":\"https:\/\/www.sereni-d.com\/it\/produits\/sos-cimici-da-letto-xxl\/#breadcrumb\"},\"inLanguage\":\"it-IT\",\"potentialAction\":[{\"@type\":\"ReadAction\",\"target\":[\"https:\/\/www.sereni-d.com\/it\/produits\/sos-cimici-da-letto-xxl\/\"]}]},{\"@type\":\"ImageObject\",\"inLanguage\":\"it-IT\",\"@id\":\"https:\/\/www.sereni-d.com\/it\/produits\/sos-cimici-da-letto-xxl\/#primaryimage\",\"url\":\"https:\/\/www.sereni-d.com\/wp-content\/uploads\/2024\/06\/IT_SOS-XXL-1.jpg\",\"contentUrl\":\"https:\/\/www.sereni-d.com\/wp-content\/uploads\/2024\/06\/IT_SOS-XXL-1.jpg\",\"width\":1000,\"height\":1000,\"caption\":\"trattamento cimici dei letti\"},{\"@type\":\"BreadcrumbList\",\"@id\":\"https:\/\/www.sereni-d.com\/it\/produits\/sos-cimici-da-letto-xxl\/#breadcrumb\",\"itemListElement\":[{\"@type\":\"ListItem\",\"position\":1,\"name\":\"Home page\",\"item\":\"https:\/\/www.sereni-d.com\/it\/\"},{\"@type\":\"ListItem\",\"position\":2,\"name\":\"Negozio\",\"item\":\"https:\/\/www.sereni-d.com\/it\/negozio\/\"},{\"@type\":\"ListItem\",\"position\":3,\"name\":\"Punaise de lit\",\"item\":\"https:\/\/www.sereni-d.com\/categories\/punaise-de-lit\/\"},{\"@type\":\"ListItem\",\"position\":4,\"name\":\"Prodotti\",\"item\":\"https:\/\/www.sereni-d.com\/it\/categories\/prodotti\/\"},{\"@type\":\"ListItem\",\"position\":5,\"name\":\"SOS Cimici dei Letti XXL\"}]},{\"@type\":\"WebSite\",\"@id\":\"https:\/\/www.sereni-d.com\/it\/#website\",\"url\":\"https:\/\/www.sereni-d.com\/it\/\",\"name\":\"Sereni-d\u00ae\",\"description\":\"EXPERT Punaises de Lit - Laboratoire SUISSE - Traitements concentr\u00e9s contres les Punaises de Lit. Protection Longue Dur\u00e9e. Efficacit\u00e9 prouv\u00e9e, r\u00e9sultat maximal. Recommand\u00e9 par les professionnels.\",\"publisher\":{\"@id\":\"https:\/\/www.sereni-d.com\/it\/#organization\"},\"potentialAction\":[{\"@type\":\"SearchAction\",\"target\":{\"@type\":\"EntryPoint\",\"urlTemplate\":\"https:\/\/www.sereni-d.com\/it\/?s={search_term_string}\"},\"query-input\":{\"@type\":\"PropertyValueSpecification\",\"valueRequired\":true,\"valueName\":\"search_term_string\"}}],\"inLanguage\":\"it-IT\"},{\"@type\":\"Organization\",\"@id\":\"https:\/\/www.sereni-d.com\/it\/#organization\",\"name\":\"Sereni-d\",\"url\":\"https:\/\/www.sereni-d.com\/it\/\",\"logo\":{\"@type\":\"ImageObject\",\"inLanguage\":\"it-IT\",\"@id\":\"https:\/\/www.sereni-d.com\/it\/#\/schema\/logo\/image\/\",\"url\":\"\",\"contentUrl\":\"\",\"caption\":\"Sereni-d\"},\"image\":{\"@id\":\"https:\/\/www.sereni-d.com\/it\/#\/schema\/logo\/image\/\"},\"sameAs\":[\"https:\/\/www.facebook.com\/SereniDsante\/\",\"https:\/\/www.instagram.com\/serenidsante\/\"]}]}<\/script>\n<!-- \/ Yoast SEO plugin. -->","yoast_head_json":{"title":"SOS Anti-Cimici dei Letti - Spray naturale SHOCK - XXL 500ml - Sereni-d\u00ae","description":"La Soluzione definitiva. Elimina immediatamente il 100% delle cimici da letto. A lungo termine - Effetto d'urto. Niente pi\u00f9 incubi a causa delle cimici da letto. Spray SOS efficacia al 100%","robots":{"index":"index","follow":"follow","max-snippet":"max-snippet:-1","max-image-preview":"max-image-preview:large","max-video-preview":"max-video-preview:-1"},"canonical":"https:\/\/www.sereni-d.com\/it\/produits\/sos-cimici-da-letto-xxl\/","og_locale":"it_IT","og_type":"article","og_title":"SOS Anti-Cimici dei Letti - Spray naturale SHOCK - XXL 500ml - Sereni-d\u00ae","og_description":"La Soluzione definitiva. Elimina immediatamente il 100% delle cimici da letto. A lungo termine - Effetto d'urto. Niente pi\u00f9 incubi a causa delle cimici da letto. Spray SOS efficacia al 100%","og_url":"https:\/\/www.sereni-d.com\/it\/produits\/sos-cimici-da-letto-xxl\/","og_site_name":"Sereni-d\u00ae","article_publisher":"https:\/\/www.facebook.com\/SereniDsante\/","article_modified_time":"2026-04-19T17:53:11+00:00","og_image":[{"width":1000,"height":1000,"url":"https:\/\/www.sereni-d.com\/wp-content\/uploads\/2024\/06\/IT_SOS-XXL-1.jpg","type":"image\/jpeg"}],"twitter_card":"summary_large_image","twitter_misc":{"Tempo di lettura stimato":"2 minuti"},"schema":{"@context":"https:\/\/schema.org","@graph":[{"@type":"WebPage","@id":"https:\/\/www.sereni-d.com\/it\/produits\/sos-cimici-da-letto-xxl\/","url":"https:\/\/www.sereni-d.com\/it\/produits\/sos-cimici-da-letto-xxl\/","name":"SOS Anti-Cimici dei Letti - Spray naturale SHOCK - XXL 500ml - Sereni-d\u00ae","isPartOf":{"@id":"https:\/\/www.sereni-d.com\/it\/#website"},"primaryImageOfPage":{"@id":"https:\/\/www.sereni-d.com\/it\/produits\/sos-cimici-da-letto-xxl\/#primaryimage"},"image":{"@id":"https:\/\/www.sereni-d.com\/it\/produits\/sos-cimici-da-letto-xxl\/#primaryimage"},"thumbnailUrl":"https:\/\/www.sereni-d.com\/wp-content\/uploads\/2024\/06\/IT_SOS-XXL-1.jpg","datePublished":"2023-05-31T14:07:56+00:00","dateModified":"2026-04-19T17:53:11+00:00","description":"La Soluzione definitiva. Elimina immediatamente il 100% delle cimici da letto. A lungo termine - Effetto d'urto. Niente pi\u00f9 incubi a causa delle cimici da letto. Spray SOS efficacia al 100%","breadcrumb":{"@id":"https:\/\/www.sereni-d.com\/it\/produits\/sos-cimici-da-letto-xxl\/#breadcrumb"},"inLanguage":"it-IT","potentialAction":[{"@type":"ReadAction","target":["https:\/\/www.sereni-d.com\/it\/produits\/sos-cimici-da-letto-xxl\/"]}]},{"@type":"ImageObject","inLanguage":"it-IT","@id":"https:\/\/www.sereni-d.com\/it\/produits\/sos-cimici-da-letto-xxl\/#primaryimage","url":"https:\/\/www.sereni-d.com\/wp-content\/uploads\/2024\/06\/IT_SOS-XXL-1.jpg","contentUrl":"https:\/\/www.sereni-d.com\/wp-content\/uploads\/2024\/06\/IT_SOS-XXL-1.jpg","width":1000,"height":1000,"caption":"trattamento cimici dei letti"},{"@type":"BreadcrumbList","@id":"https:\/\/www.sereni-d.com\/it\/produits\/sos-cimici-da-letto-xxl\/#breadcrumb","itemListElement":[{"@type":"ListItem","position":1,"name":"Home page","item":"https:\/\/www.sereni-d.com\/it\/"},{"@type":"ListItem","position":2,"name":"Negozio","item":"https:\/\/www.sereni-d.com\/it\/negozio\/"},{"@type":"ListItem","position":3,"name":"Punaise de lit","item":"https:\/\/www.sereni-d.com\/categories\/punaise-de-lit\/"},{"@type":"ListItem","position":4,"name":"Prodotti","item":"https:\/\/www.sereni-d.com\/it\/categories\/prodotti\/"},{"@type":"ListItem","position":5,"name":"SOS Cimici dei Letti XXL"}]},{"@type":"WebSite","@id":"https:\/\/www.sereni-d.com\/it\/#website","url":"https:\/\/www.sereni-d.com\/it\/","name":"Sereni-d\u00ae","description":"EXPERT Punaises de Lit - Laboratoire SUISSE - Traitements concentr\u00e9s contres les Punaises de Lit. Protection Longue Dur\u00e9e. Efficacit\u00e9 prouv\u00e9e, r\u00e9sultat maximal. Recommand\u00e9 par les professionnels.","publisher":{"@id":"https:\/\/www.sereni-d.com\/it\/#organization"},"potentialAction":[{"@type":"SearchAction","target":{"@type":"EntryPoint","urlTemplate":"https:\/\/www.sereni-d.com\/it\/?s={search_term_string}"},"query-input":{"@type":"PropertyValueSpecification","valueRequired":true,"valueName":"search_term_string"}}],"inLanguage":"it-IT"},{"@type":"Organization","@id":"https:\/\/www.sereni-d.com\/it\/#organization","name":"Sereni-d","url":"https:\/\/www.sereni-d.com\/it\/","logo":{"@type":"ImageObject","inLanguage":"it-IT","@id":"https:\/\/www.sereni-d.com\/it\/#\/schema\/logo\/image\/","url":"","contentUrl":"","caption":"Sereni-d"},"image":{"@id":"https:\/\/www.sereni-d.com\/it\/#\/schema\/logo\/image\/"},"sameAs":["https:\/\/www.facebook.com\/SereniDsante\/","https:\/\/www.instagram.com\/serenidsante\/"]}]}},"_links":{"self":[{"href":"https:\/\/www.sereni-d.com\/it\/wp-json\/wp\/v2\/product\/5275","targetHints":{"allow":["GET"]}}],"collection":[{"href":"https:\/\/www.sereni-d.com\/it\/wp-json\/wp\/v2\/product"}],"about":[{"href":"https:\/\/www.sereni-d.com\/it\/wp-json\/wp\/v2\/types\/product"}],"replies":[{"embeddable":true,"href":"https:\/\/www.sereni-d.com\/it\/wp-json\/wp\/v2\/comments?post=5275"}],"wp:featuredmedia":[{"embeddable":true,"href":"https:\/\/www.sereni-d.com\/it\/wp-json\/wp\/v2\/media\/6385"}],"wp:attachment":[{"href":"https:\/\/www.sereni-d.com\/it\/wp-json\/wp\/v2\/media?parent=5275"}],"wp:term":[{"taxonomy":"product_brand","embeddable":true,"href":"https:\/\/www.sereni-d.com\/it\/wp-json\/wp\/v2\/product_brand?post=5275"},{"taxonomy":"product_cat","embeddable":true,"href":"https:\/\/www.sereni-d.com\/it\/wp-json\/wp\/v2\/product_cat?post=5275"},{"taxonomy":"product_tag","embeddable":true,"href":"https:\/\/www.sereni-d.com\/it\/wp-json\/wp\/v2\/product_tag?post=5275"}],"curies":[{"name":"wp","href":"https:\/\/api.w.org\/{rel}","templated":true}]}}