{"id":5283,"date":"2023-09-26T17:50:48","date_gmt":"2023-09-26T15:50:48","guid":{"rendered":"https:\/\/www.sereni-d.com\/produits\/set-preventivo-contro-le-cimici-da-letto\/"},"modified":"2026-04-30T17:23:14","modified_gmt":"2026-04-30T15:23:14","slug":"set-preventivo-cimici-da-letto","status":"publish","type":"product","link":"https:\/\/www.sereni-d.com\/it\/produits\/set-preventivo-cimici-da-letto\/","title":{"rendered":"SET preventivo contro le cimici da letto"},"content":{"rendered":"<p>Gli spray<strong> SCUDO Tessile preventivo<\/strong> e<strong>ANTI-PUNTURA repellente CONTRO LE CIMICI DA LETTO <\/strong>sono spray pronti all&#8217;uso basati su principi ispirati alla natura e appositamente sviluppati per respingere le cimici da letto come misura preventiva.<\/p>\n<p>Il loro <strong>estratto di fiori di piretro vegetale e di geraniolo, combinato con un complesso di oli essenziali<\/strong> selezionati per le loro propriet\u00e0 repellenti, garantisce una prevenzione duratura e altamente efficace (fino a 7 giorni in condizioni ottimali di utilizzo). Grazie agli spray SCUDO e ANTI-PUNTURA, i vostri effetti personali e la vostra pelle saranno protetti.<\/p>\n<p>Il <strong>SET Preventivo contro le cimici da letto <\/strong>offre protezione dalle cimici da letto ed \u00e8 il tuo migliore alleato quando si utilizzano i trasporti pubblico, quando si va al cinema, si viaggia o in caso di dubbi su un&#8217;infestazione o sulla presenza di parassiti nelle vicinanze.<\/p>\n<p>Garanzia di soddisfazione <strong>Sereni-d\u00ae<\/strong>: Se non siete soddisfatti del vostro acquisto, contattateci tramite la pagina di <a title=\"Contatti SERENI-D\" href=\"https:\/\/www.sereni-d.com\/it\/contatti\/\">contatto<\/a> e vi rimborseremo l&#8217;intero importo.<\/p>\n","protected":false},"excerpt":{"rendered":"<p align=\"justify\">\u2022 Set preventivo contro le cimici da letto<br \/>\n\u2022 Respinge le cimici da letto da tessuti, bagagli e pelle<br \/>\n\u2022 Protezione sicura e duratura<br \/>\n\u2022 Oltre 50.000 clienti soddisfatti di Sereni-d<sup>\u00ae<\/sup><\/p>\n<p align=\"justify\"><strong>FORMULE CONCENTRATE \u2013 MASSIMO RISULTATO<\/strong><\/p>\n","protected":false},"featured_media":6468,"comment_status":"open","ping_status":"closed","template":"","meta":{"_acf_changed":false,"_monsterinsights_skip_tracking":false,"_monsterinsights_sitenote_active":false,"_monsterinsights_sitenote_note":"","_monsterinsights_sitenote_category":0},"product_brand":[],"product_cat":[82],"product_tag":[],"class_list":{"0":"post-5283","1":"product","2":"type-product","3":"status-publish","4":"has-post-thumbnail","6":"product_cat-set","8":"first","9":"instock","10":"taxable","11":"shipping-taxable","12":"purchasable","13":"product-type-simple"},"acf":[],"yoast_head":"<!-- This site is optimized with the Yoast SEO plugin v27.4 - https:\/\/yoast.com\/product\/yoast-seo-wordpress\/ -->\n<title>SET Preventivo Repellente per cimici da letto - Sereni-d\u00ae<\/title>\n<meta name=\"description\" content=\"Lotto di 2x100mL - Set preventivo contro le cimici da letto - Protezione sicura e duratura\" \/>\n<meta name=\"robots\" content=\"index, follow, max-snippet:-1, max-image-preview:large, max-video-preview:-1\" \/>\n<link rel=\"canonical\" href=\"https:\/\/www.sereni-d.com\/it\/produits\/set-preventivo-cimici-da-letto\/\" \/>\n<meta property=\"og:locale\" content=\"it_IT\" \/>\n<meta property=\"og:type\" content=\"article\" \/>\n<meta property=\"og:title\" content=\"SET Preventivo Repellente per cimici da letto - Sereni-d\u00ae\" \/>\n<meta property=\"og:description\" content=\"Lotto di 2x100mL - Set preventivo contro le cimici da letto - Protezione sicura e duratura\" \/>\n<meta property=\"og:url\" content=\"https:\/\/www.sereni-d.com\/it\/produits\/set-preventivo-cimici-da-letto\/\" \/>\n<meta property=\"og:site_name\" content=\"Sereni-d\u00ae\" \/>\n<meta property=\"article:publisher\" content=\"https:\/\/www.facebook.com\/SereniDsante\/\" \/>\n<meta property=\"article:modified_time\" content=\"2026-04-30T15:23:14+00:00\" \/>\n<meta property=\"og:image\" content=\"https:\/\/www.sereni-d.com\/wp-content\/uploads\/2024\/06\/kit_IT_bouclier_antipique.jpg\" \/>\n\t<meta property=\"og:image:width\" content=\"1000\" \/>\n\t<meta property=\"og:image:height\" content=\"1000\" \/>\n\t<meta property=\"og:image:type\" content=\"image\/jpeg\" \/>\n<meta name=\"twitter:card\" content=\"summary_large_image\" \/>\n<meta name=\"twitter:label1\" content=\"Tempo di lettura stimato\" \/>\n\t<meta name=\"twitter:data1\" content=\"2 minuti\" \/>\n<script type=\"application\/ld+json\" class=\"yoast-schema-graph\">{\"@context\":\"https:\\\/\\\/schema.org\",\"@graph\":[{\"@type\":\"WebPage\",\"@id\":\"https:\\\/\\\/www.sereni-d.com\\\/it\\\/produits\\\/set-preventivo-cimici-da-letto\\\/\",\"url\":\"https:\\\/\\\/www.sereni-d.com\\\/it\\\/produits\\\/set-preventivo-cimici-da-letto\\\/\",\"name\":\"SET Preventivo Repellente per cimici da letto - Sereni-d\u00ae\",\"isPartOf\":{\"@id\":\"https:\\\/\\\/www.sereni-d.com\\\/it\\\/#website\"},\"primaryImageOfPage\":{\"@id\":\"https:\\\/\\\/www.sereni-d.com\\\/it\\\/produits\\\/set-preventivo-cimici-da-letto\\\/#primaryimage\"},\"image\":{\"@id\":\"https:\\\/\\\/www.sereni-d.com\\\/it\\\/produits\\\/set-preventivo-cimici-da-letto\\\/#primaryimage\"},\"thumbnailUrl\":\"https:\\\/\\\/www.sereni-d.com\\\/wp-content\\\/uploads\\\/2024\\\/06\\\/kit_IT_bouclier_antipique.jpg\",\"datePublished\":\"2023-09-26T15:50:48+00:00\",\"dateModified\":\"2026-04-30T15:23:14+00:00\",\"description\":\"Lotto di 2x100mL - Set preventivo contro le cimici da letto - Protezione sicura e duratura\",\"breadcrumb\":{\"@id\":\"https:\\\/\\\/www.sereni-d.com\\\/it\\\/produits\\\/set-preventivo-cimici-da-letto\\\/#breadcrumb\"},\"inLanguage\":\"it-IT\",\"potentialAction\":[{\"@type\":\"ReadAction\",\"target\":[\"https:\\\/\\\/www.sereni-d.com\\\/it\\\/produits\\\/set-preventivo-cimici-da-letto\\\/\"]}]},{\"@type\":\"ImageObject\",\"inLanguage\":\"it-IT\",\"@id\":\"https:\\\/\\\/www.sereni-d.com\\\/it\\\/produits\\\/set-preventivo-cimici-da-letto\\\/#primaryimage\",\"url\":\"https:\\\/\\\/www.sereni-d.com\\\/wp-content\\\/uploads\\\/2024\\\/06\\\/kit_IT_bouclier_antipique.jpg\",\"contentUrl\":\"https:\\\/\\\/www.sereni-d.com\\\/wp-content\\\/uploads\\\/2024\\\/06\\\/kit_IT_bouclier_antipique.jpg\",\"width\":1000,\"height\":1000},{\"@type\":\"BreadcrumbList\",\"@id\":\"https:\\\/\\\/www.sereni-d.com\\\/it\\\/produits\\\/set-preventivo-cimici-da-letto\\\/#breadcrumb\",\"itemListElement\":[{\"@type\":\"ListItem\",\"position\":1,\"name\":\"Home page\",\"item\":\"https:\\\/\\\/www.sereni-d.com\\\/it\\\/\"},{\"@type\":\"ListItem\",\"position\":2,\"name\":\"Negozio\",\"item\":\"https:\\\/\\\/www.sereni-d.com\\\/it\\\/negozio\\\/\"},{\"@type\":\"ListItem\",\"position\":3,\"name\":\"Punaise de lit\",\"item\":\"https:\\\/\\\/www.sereni-d.com\\\/categories\\\/punaise-de-lit\\\/\"},{\"@type\":\"ListItem\",\"position\":4,\"name\":\"SET\",\"item\":\"https:\\\/\\\/www.sereni-d.com\\\/it\\\/categories\\\/set\\\/\"},{\"@type\":\"ListItem\",\"position\":5,\"name\":\"SET preventivo contro le cimici da letto\"}]},{\"@type\":\"WebSite\",\"@id\":\"https:\\\/\\\/www.sereni-d.com\\\/it\\\/#website\",\"url\":\"https:\\\/\\\/www.sereni-d.com\\\/it\\\/\",\"name\":\"Sereni-d\u00ae\",\"description\":\"EXPERT Punaises de Lit - Laboratoire SUISSE - Traitements concentr\u00e9s contres les Punaises de Lit. Protection Longue Dur\u00e9e. Efficacit\u00e9 prouv\u00e9e, r\u00e9sultat maximal. Recommand\u00e9 par les professionnels.\",\"publisher\":{\"@id\":\"https:\\\/\\\/www.sereni-d.com\\\/it\\\/#organization\"},\"potentialAction\":[{\"@type\":\"SearchAction\",\"target\":{\"@type\":\"EntryPoint\",\"urlTemplate\":\"https:\\\/\\\/www.sereni-d.com\\\/it\\\/?s={search_term_string}\"},\"query-input\":{\"@type\":\"PropertyValueSpecification\",\"valueRequired\":true,\"valueName\":\"search_term_string\"}}],\"inLanguage\":\"it-IT\"},{\"@type\":\"Organization\",\"@id\":\"https:\\\/\\\/www.sereni-d.com\\\/it\\\/#organization\",\"name\":\"Sereni-d\",\"url\":\"https:\\\/\\\/www.sereni-d.com\\\/it\\\/\",\"logo\":{\"@type\":\"ImageObject\",\"inLanguage\":\"it-IT\",\"@id\":\"https:\\\/\\\/www.sereni-d.com\\\/it\\\/#\\\/schema\\\/logo\\\/image\\\/\",\"url\":\"\",\"contentUrl\":\"\",\"caption\":\"Sereni-d\"},\"image\":{\"@id\":\"https:\\\/\\\/www.sereni-d.com\\\/it\\\/#\\\/schema\\\/logo\\\/image\\\/\"},\"sameAs\":[\"https:\\\/\\\/www.facebook.com\\\/SereniDsante\\\/\",\"https:\\\/\\\/www.instagram.com\\\/serenidsante\\\/\"]}]}<\/script>\n<!-- \/ Yoast SEO plugin. -->","yoast_head_json":{"title":"SET Preventivo Repellente per cimici da letto - Sereni-d\u00ae","description":"Lotto di 2x100mL - Set preventivo contro le cimici da letto - Protezione sicura e duratura","robots":{"index":"index","follow":"follow","max-snippet":"max-snippet:-1","max-image-preview":"max-image-preview:large","max-video-preview":"max-video-preview:-1"},"canonical":"https:\/\/www.sereni-d.com\/it\/produits\/set-preventivo-cimici-da-letto\/","og_locale":"it_IT","og_type":"article","og_title":"SET Preventivo Repellente per cimici da letto - Sereni-d\u00ae","og_description":"Lotto di 2x100mL - Set preventivo contro le cimici da letto - Protezione sicura e duratura","og_url":"https:\/\/www.sereni-d.com\/it\/produits\/set-preventivo-cimici-da-letto\/","og_site_name":"Sereni-d\u00ae","article_publisher":"https:\/\/www.facebook.com\/SereniDsante\/","article_modified_time":"2026-04-30T15:23:14+00:00","og_image":[{"width":1000,"height":1000,"url":"https:\/\/www.sereni-d.com\/wp-content\/uploads\/2024\/06\/kit_IT_bouclier_antipique.jpg","type":"image\/jpeg"}],"twitter_card":"summary_large_image","twitter_misc":{"Tempo di lettura stimato":"2 minuti"},"schema":{"@context":"https:\/\/schema.org","@graph":[{"@type":"WebPage","@id":"https:\/\/www.sereni-d.com\/it\/produits\/set-preventivo-cimici-da-letto\/","url":"https:\/\/www.sereni-d.com\/it\/produits\/set-preventivo-cimici-da-letto\/","name":"SET Preventivo Repellente per cimici da letto - Sereni-d\u00ae","isPartOf":{"@id":"https:\/\/www.sereni-d.com\/it\/#website"},"primaryImageOfPage":{"@id":"https:\/\/www.sereni-d.com\/it\/produits\/set-preventivo-cimici-da-letto\/#primaryimage"},"image":{"@id":"https:\/\/www.sereni-d.com\/it\/produits\/set-preventivo-cimici-da-letto\/#primaryimage"},"thumbnailUrl":"https:\/\/www.sereni-d.com\/wp-content\/uploads\/2024\/06\/kit_IT_bouclier_antipique.jpg","datePublished":"2023-09-26T15:50:48+00:00","dateModified":"2026-04-30T15:23:14+00:00","description":"Lotto di 2x100mL - Set preventivo contro le cimici da letto - Protezione sicura e duratura","breadcrumb":{"@id":"https:\/\/www.sereni-d.com\/it\/produits\/set-preventivo-cimici-da-letto\/#breadcrumb"},"inLanguage":"it-IT","potentialAction":[{"@type":"ReadAction","target":["https:\/\/www.sereni-d.com\/it\/produits\/set-preventivo-cimici-da-letto\/"]}]},{"@type":"ImageObject","inLanguage":"it-IT","@id":"https:\/\/www.sereni-d.com\/it\/produits\/set-preventivo-cimici-da-letto\/#primaryimage","url":"https:\/\/www.sereni-d.com\/wp-content\/uploads\/2024\/06\/kit_IT_bouclier_antipique.jpg","contentUrl":"https:\/\/www.sereni-d.com\/wp-content\/uploads\/2024\/06\/kit_IT_bouclier_antipique.jpg","width":1000,"height":1000},{"@type":"BreadcrumbList","@id":"https:\/\/www.sereni-d.com\/it\/produits\/set-preventivo-cimici-da-letto\/#breadcrumb","itemListElement":[{"@type":"ListItem","position":1,"name":"Home page","item":"https:\/\/www.sereni-d.com\/it\/"},{"@type":"ListItem","position":2,"name":"Negozio","item":"https:\/\/www.sereni-d.com\/it\/negozio\/"},{"@type":"ListItem","position":3,"name":"Punaise de lit","item":"https:\/\/www.sereni-d.com\/categories\/punaise-de-lit\/"},{"@type":"ListItem","position":4,"name":"SET","item":"https:\/\/www.sereni-d.com\/it\/categories\/set\/"},{"@type":"ListItem","position":5,"name":"SET preventivo contro le cimici da letto"}]},{"@type":"WebSite","@id":"https:\/\/www.sereni-d.com\/it\/#website","url":"https:\/\/www.sereni-d.com\/it\/","name":"Sereni-d\u00ae","description":"EXPERT Punaises de Lit - Laboratoire SUISSE - Traitements concentr\u00e9s contres les Punaises de Lit. Protection Longue Dur\u00e9e. Efficacit\u00e9 prouv\u00e9e, r\u00e9sultat maximal. Recommand\u00e9 par les professionnels.","publisher":{"@id":"https:\/\/www.sereni-d.com\/it\/#organization"},"potentialAction":[{"@type":"SearchAction","target":{"@type":"EntryPoint","urlTemplate":"https:\/\/www.sereni-d.com\/it\/?s={search_term_string}"},"query-input":{"@type":"PropertyValueSpecification","valueRequired":true,"valueName":"search_term_string"}}],"inLanguage":"it-IT"},{"@type":"Organization","@id":"https:\/\/www.sereni-d.com\/it\/#organization","name":"Sereni-d","url":"https:\/\/www.sereni-d.com\/it\/","logo":{"@type":"ImageObject","inLanguage":"it-IT","@id":"https:\/\/www.sereni-d.com\/it\/#\/schema\/logo\/image\/","url":"","contentUrl":"","caption":"Sereni-d"},"image":{"@id":"https:\/\/www.sereni-d.com\/it\/#\/schema\/logo\/image\/"},"sameAs":["https:\/\/www.facebook.com\/SereniDsante\/","https:\/\/www.instagram.com\/serenidsante\/"]}]}},"_links":{"self":[{"href":"https:\/\/www.sereni-d.com\/it\/wp-json\/wp\/v2\/product\/5283","targetHints":{"allow":["GET"]}}],"collection":[{"href":"https:\/\/www.sereni-d.com\/it\/wp-json\/wp\/v2\/product"}],"about":[{"href":"https:\/\/www.sereni-d.com\/it\/wp-json\/wp\/v2\/types\/product"}],"replies":[{"embeddable":true,"href":"https:\/\/www.sereni-d.com\/it\/wp-json\/wp\/v2\/comments?post=5283"}],"wp:featuredmedia":[{"embeddable":true,"href":"https:\/\/www.sereni-d.com\/it\/wp-json\/wp\/v2\/media\/6468"}],"wp:attachment":[{"href":"https:\/\/www.sereni-d.com\/it\/wp-json\/wp\/v2\/media?parent=5283"}],"wp:term":[{"taxonomy":"product_brand","embeddable":true,"href":"https:\/\/www.sereni-d.com\/it\/wp-json\/wp\/v2\/product_brand?post=5283"},{"taxonomy":"product_cat","embeddable":true,"href":"https:\/\/www.sereni-d.com\/it\/wp-json\/wp\/v2\/product_cat?post=5283"},{"taxonomy":"product_tag","embeddable":true,"href":"https:\/\/www.sereni-d.com\/it\/wp-json\/wp\/v2\/product_tag?post=5283"}],"curies":[{"name":"wp","href":"https:\/\/api.w.org\/{rel}","templated":true}]}}