{"id":5291,"date":"2023-09-26T17:51:17","date_gmt":"2023-09-26T15:51:17","guid":{"rendered":"https:\/\/www.sereni-d.com\/produits\/trattamento-completo-contro-le-cimici-da-letto-set\/"},"modified":"2026-05-01T13:23:16","modified_gmt":"2026-05-01T11:23:16","slug":"trattamento-completo-cimici-da-letto-set","status":"publish","type":"product","link":"https:\/\/www.sereni-d.com\/it\/produits\/trattamento-completo-cimici-da-letto-set\/","title":{"rendered":"TRATTAMENTO COMPLETO contro le cimici da letto SET"},"content":{"rendered":"<p>Il <strong>PACK Trattamento completo Cimici dei Letti<\/strong> offre una protezione completa contro le cimici dei letti.<\/p>\n<p>In caso di infestazione da cimici dei letti, si consiglia di adottare metodi e trattamenti paralleli per garantire la massima efficacia. Sereni-d ha sviluppato 3 metodi complementari per garantire un alto livello di efficacia nell&#8217;eliminazione del 100% delle cimici dei letti.<\/p>\n<p>Il <a href=\"https:\/\/www.sereni-d.com\/it\/produits\/sos-cimici-da-letto-xxl\/\"><strong>SOS XXL<\/strong><\/a> \u00e8 un insetticida d\u2019urto a base di oli essenziali e sostanze attive di origine vegetale, che elimina il 100% delle cimici dei letti.<br \/>\nL\u2019<a href=\"https:\/\/www.sereni-d.com\/it\/produits\/freeze-cimici-dei-letti\/\"><strong>aerosol FREEZE<\/strong><\/a> \u00e8 un trattamento senza sostanze attive biocide, che elimina congelando il 100% delle cimici dei letti e delle uova nelle aree e superfici pi\u00f9 sensibili come i materassi e le camere dei bambini.<br \/>\nL\u2019<a href=\"https:\/\/www.sereni-d.com\/it\/produits\/terra-di-diatomee-cimici-dei-letti\/\"><strong>aerosol di Terra diatomacea<\/strong><\/a> \u00e8 un trattamento essiccante per cimici dei letti, localizzato, di lunga durata (3 settimane) e senza possibili residui.<\/p>\n<p>Garanzia di soddisfazione <strong>Sereni-d\u00ae<\/strong>: Se non siete soddisfatti del vostro acquisto, contattateci tramite la pagina di <a title=\"Contatti SERENI-D\" href=\"https:\/\/www.sereni-d.com\/it\/contatti\/\">contatto<\/a> e vi rimborseremo l&#8217;intero importo.<\/p>\n","protected":false},"excerpt":{"rendered":"<p align=\"justify\">\u2022 Pacchetto Trattamento Completo Cimici dei Letti<br \/>\n\u2022 Metodi Complementari per l\u2019Eliminazione delle Cimici dei Letti<br \/>\n\u2022 Azione a Lunga Durata<br \/>\n\u2022 Oltre 50.000 Clienti Soddisfatti di Sereni-d\u00ae<\/p>\n<p align=\"justify\"><strong>FORMULE CONCENTRATE \u2013 MASSIMO RISULTATO<\/strong><\/p>\n","protected":false},"featured_media":8567,"comment_status":"open","ping_status":"closed","template":"","meta":{"_acf_changed":false,"_monsterinsights_skip_tracking":false,"_monsterinsights_sitenote_active":false,"_monsterinsights_sitenote_note":"","_monsterinsights_sitenote_category":0},"product_brand":[],"product_cat":[82],"product_tag":[],"class_list":{"0":"post-5291","1":"product","2":"type-product","3":"status-publish","4":"has-post-thumbnail","6":"product_cat-set","8":"first","9":"instock","10":"taxable","11":"shipping-taxable","12":"purchasable","13":"product-type-simple"},"acf":[],"yoast_head":"<!-- This site is optimized with the Yoast SEO plugin v27.4 - https:\/\/yoast.com\/product\/yoast-seo-wordpress\/ -->\n<title>Trattamento Completo Cimici dei Letti - Sereni-d\u00ae<\/title>\n<meta name=\"description\" content=\"Trattamento completo contro le cimici dei letti. Un&#039;azione tripla per un alto grado di efficacia a lunga durata.\" \/>\n<meta name=\"robots\" content=\"index, follow, max-snippet:-1, max-image-preview:large, max-video-preview:-1\" \/>\n<link rel=\"canonical\" href=\"https:\/\/www.sereni-d.com\/it\/produits\/trattamento-completo-cimici-da-letto-set\/\" \/>\n<meta property=\"og:locale\" content=\"it_IT\" \/>\n<meta property=\"og:type\" content=\"article\" \/>\n<meta property=\"og:title\" content=\"Trattamento Completo Cimici dei Letti - Sereni-d\u00ae\" \/>\n<meta property=\"og:description\" content=\"Trattamento completo contro le cimici dei letti. Un&#039;azione tripla per un alto grado di efficacia a lunga durata.\" \/>\n<meta property=\"og:url\" content=\"https:\/\/www.sereni-d.com\/it\/produits\/trattamento-completo-cimici-da-letto-set\/\" \/>\n<meta property=\"og:site_name\" content=\"Sereni-d\u00ae\" \/>\n<meta property=\"article:publisher\" content=\"https:\/\/www.facebook.com\/SereniDsante\/\" \/>\n<meta property=\"article:modified_time\" content=\"2026-05-01T11:23:16+00:00\" \/>\n<meta property=\"og:image\" content=\"https:\/\/www.sereni-d.com\/wp-content\/uploads\/2024\/09\/IT_kit_SOS_POMPE_.jpg\" \/>\n\t<meta property=\"og:image:width\" content=\"2500\" \/>\n\t<meta property=\"og:image:height\" content=\"2500\" \/>\n\t<meta property=\"og:image:type\" content=\"image\/jpeg\" \/>\n<meta name=\"twitter:card\" content=\"summary_large_image\" \/>\n<meta name=\"twitter:label1\" content=\"Tempo di lettura stimato\" \/>\n\t<meta name=\"twitter:data1\" content=\"2 minuti\" \/>\n<script type=\"application\/ld+json\" class=\"yoast-schema-graph\">{\"@context\":\"https:\\\/\\\/schema.org\",\"@graph\":[{\"@type\":\"WebPage\",\"@id\":\"https:\\\/\\\/www.sereni-d.com\\\/it\\\/produits\\\/trattamento-completo-cimici-da-letto-set\\\/\",\"url\":\"https:\\\/\\\/www.sereni-d.com\\\/it\\\/produits\\\/trattamento-completo-cimici-da-letto-set\\\/\",\"name\":\"Trattamento Completo Cimici dei Letti - Sereni-d\u00ae\",\"isPartOf\":{\"@id\":\"https:\\\/\\\/www.sereni-d.com\\\/it\\\/#website\"},\"primaryImageOfPage\":{\"@id\":\"https:\\\/\\\/www.sereni-d.com\\\/it\\\/produits\\\/trattamento-completo-cimici-da-letto-set\\\/#primaryimage\"},\"image\":{\"@id\":\"https:\\\/\\\/www.sereni-d.com\\\/it\\\/produits\\\/trattamento-completo-cimici-da-letto-set\\\/#primaryimage\"},\"thumbnailUrl\":\"https:\\\/\\\/www.sereni-d.com\\\/wp-content\\\/uploads\\\/2024\\\/09\\\/IT_kit_SOS_POMPE_.jpg\",\"datePublished\":\"2023-09-26T15:51:17+00:00\",\"dateModified\":\"2026-05-01T11:23:16+00:00\",\"description\":\"Trattamento completo contro le cimici dei letti. Un'azione tripla per un alto grado di efficacia a lunga durata.\",\"breadcrumb\":{\"@id\":\"https:\\\/\\\/www.sereni-d.com\\\/it\\\/produits\\\/trattamento-completo-cimici-da-letto-set\\\/#breadcrumb\"},\"inLanguage\":\"it-IT\",\"potentialAction\":[{\"@type\":\"ReadAction\",\"target\":[\"https:\\\/\\\/www.sereni-d.com\\\/it\\\/produits\\\/trattamento-completo-cimici-da-letto-set\\\/\"]}]},{\"@type\":\"ImageObject\",\"inLanguage\":\"it-IT\",\"@id\":\"https:\\\/\\\/www.sereni-d.com\\\/it\\\/produits\\\/trattamento-completo-cimici-da-letto-set\\\/#primaryimage\",\"url\":\"https:\\\/\\\/www.sereni-d.com\\\/wp-content\\\/uploads\\\/2024\\\/09\\\/IT_kit_SOS_POMPE_.jpg\",\"contentUrl\":\"https:\\\/\\\/www.sereni-d.com\\\/wp-content\\\/uploads\\\/2024\\\/09\\\/IT_kit_SOS_POMPE_.jpg\",\"width\":2500,\"height\":2500,\"caption\":\"Trattamento completo per cimici dei letti\"},{\"@type\":\"BreadcrumbList\",\"@id\":\"https:\\\/\\\/www.sereni-d.com\\\/it\\\/produits\\\/trattamento-completo-cimici-da-letto-set\\\/#breadcrumb\",\"itemListElement\":[{\"@type\":\"ListItem\",\"position\":1,\"name\":\"Home page\",\"item\":\"https:\\\/\\\/www.sereni-d.com\\\/it\\\/\"},{\"@type\":\"ListItem\",\"position\":2,\"name\":\"Negozio\",\"item\":\"https:\\\/\\\/www.sereni-d.com\\\/it\\\/negozio\\\/\"},{\"@type\":\"ListItem\",\"position\":3,\"name\":\"Punaise de lit\",\"item\":\"https:\\\/\\\/www.sereni-d.com\\\/categories\\\/punaise-de-lit\\\/\"},{\"@type\":\"ListItem\",\"position\":4,\"name\":\"SET\",\"item\":\"https:\\\/\\\/www.sereni-d.com\\\/it\\\/categories\\\/set\\\/\"},{\"@type\":\"ListItem\",\"position\":5,\"name\":\"TRATTAMENTO COMPLETO contro le cimici da letto SET\"}]},{\"@type\":\"WebSite\",\"@id\":\"https:\\\/\\\/www.sereni-d.com\\\/it\\\/#website\",\"url\":\"https:\\\/\\\/www.sereni-d.com\\\/it\\\/\",\"name\":\"Sereni-d\u00ae\",\"description\":\"EXPERT Punaises de Lit - Laboratoire SUISSE - Traitements concentr\u00e9s contres les Punaises de Lit. Protection Longue Dur\u00e9e. Efficacit\u00e9 prouv\u00e9e, r\u00e9sultat maximal. Recommand\u00e9 par les professionnels.\",\"publisher\":{\"@id\":\"https:\\\/\\\/www.sereni-d.com\\\/it\\\/#organization\"},\"potentialAction\":[{\"@type\":\"SearchAction\",\"target\":{\"@type\":\"EntryPoint\",\"urlTemplate\":\"https:\\\/\\\/www.sereni-d.com\\\/it\\\/?s={search_term_string}\"},\"query-input\":{\"@type\":\"PropertyValueSpecification\",\"valueRequired\":true,\"valueName\":\"search_term_string\"}}],\"inLanguage\":\"it-IT\"},{\"@type\":\"Organization\",\"@id\":\"https:\\\/\\\/www.sereni-d.com\\\/it\\\/#organization\",\"name\":\"Sereni-d\",\"url\":\"https:\\\/\\\/www.sereni-d.com\\\/it\\\/\",\"logo\":{\"@type\":\"ImageObject\",\"inLanguage\":\"it-IT\",\"@id\":\"https:\\\/\\\/www.sereni-d.com\\\/it\\\/#\\\/schema\\\/logo\\\/image\\\/\",\"url\":\"\",\"contentUrl\":\"\",\"caption\":\"Sereni-d\"},\"image\":{\"@id\":\"https:\\\/\\\/www.sereni-d.com\\\/it\\\/#\\\/schema\\\/logo\\\/image\\\/\"},\"sameAs\":[\"https:\\\/\\\/www.facebook.com\\\/SereniDsante\\\/\",\"https:\\\/\\\/www.instagram.com\\\/serenidsante\\\/\"]}]}<\/script>\n<!-- \/ Yoast SEO plugin. -->","yoast_head_json":{"title":"Trattamento Completo Cimici dei Letti - Sereni-d\u00ae","description":"Trattamento completo contro le cimici dei letti. Un'azione tripla per un alto grado di efficacia a lunga durata.","robots":{"index":"index","follow":"follow","max-snippet":"max-snippet:-1","max-image-preview":"max-image-preview:large","max-video-preview":"max-video-preview:-1"},"canonical":"https:\/\/www.sereni-d.com\/it\/produits\/trattamento-completo-cimici-da-letto-set\/","og_locale":"it_IT","og_type":"article","og_title":"Trattamento Completo Cimici dei Letti - Sereni-d\u00ae","og_description":"Trattamento completo contro le cimici dei letti. Un'azione tripla per un alto grado di efficacia a lunga durata.","og_url":"https:\/\/www.sereni-d.com\/it\/produits\/trattamento-completo-cimici-da-letto-set\/","og_site_name":"Sereni-d\u00ae","article_publisher":"https:\/\/www.facebook.com\/SereniDsante\/","article_modified_time":"2026-05-01T11:23:16+00:00","og_image":[{"width":2500,"height":2500,"url":"https:\/\/www.sereni-d.com\/wp-content\/uploads\/2024\/09\/IT_kit_SOS_POMPE_.jpg","type":"image\/jpeg"}],"twitter_card":"summary_large_image","twitter_misc":{"Tempo di lettura stimato":"2 minuti"},"schema":{"@context":"https:\/\/schema.org","@graph":[{"@type":"WebPage","@id":"https:\/\/www.sereni-d.com\/it\/produits\/trattamento-completo-cimici-da-letto-set\/","url":"https:\/\/www.sereni-d.com\/it\/produits\/trattamento-completo-cimici-da-letto-set\/","name":"Trattamento Completo Cimici dei Letti - Sereni-d\u00ae","isPartOf":{"@id":"https:\/\/www.sereni-d.com\/it\/#website"},"primaryImageOfPage":{"@id":"https:\/\/www.sereni-d.com\/it\/produits\/trattamento-completo-cimici-da-letto-set\/#primaryimage"},"image":{"@id":"https:\/\/www.sereni-d.com\/it\/produits\/trattamento-completo-cimici-da-letto-set\/#primaryimage"},"thumbnailUrl":"https:\/\/www.sereni-d.com\/wp-content\/uploads\/2024\/09\/IT_kit_SOS_POMPE_.jpg","datePublished":"2023-09-26T15:51:17+00:00","dateModified":"2026-05-01T11:23:16+00:00","description":"Trattamento completo contro le cimici dei letti. Un'azione tripla per un alto grado di efficacia a lunga durata.","breadcrumb":{"@id":"https:\/\/www.sereni-d.com\/it\/produits\/trattamento-completo-cimici-da-letto-set\/#breadcrumb"},"inLanguage":"it-IT","potentialAction":[{"@type":"ReadAction","target":["https:\/\/www.sereni-d.com\/it\/produits\/trattamento-completo-cimici-da-letto-set\/"]}]},{"@type":"ImageObject","inLanguage":"it-IT","@id":"https:\/\/www.sereni-d.com\/it\/produits\/trattamento-completo-cimici-da-letto-set\/#primaryimage","url":"https:\/\/www.sereni-d.com\/wp-content\/uploads\/2024\/09\/IT_kit_SOS_POMPE_.jpg","contentUrl":"https:\/\/www.sereni-d.com\/wp-content\/uploads\/2024\/09\/IT_kit_SOS_POMPE_.jpg","width":2500,"height":2500,"caption":"Trattamento completo per cimici dei letti"},{"@type":"BreadcrumbList","@id":"https:\/\/www.sereni-d.com\/it\/produits\/trattamento-completo-cimici-da-letto-set\/#breadcrumb","itemListElement":[{"@type":"ListItem","position":1,"name":"Home page","item":"https:\/\/www.sereni-d.com\/it\/"},{"@type":"ListItem","position":2,"name":"Negozio","item":"https:\/\/www.sereni-d.com\/it\/negozio\/"},{"@type":"ListItem","position":3,"name":"Punaise de lit","item":"https:\/\/www.sereni-d.com\/categories\/punaise-de-lit\/"},{"@type":"ListItem","position":4,"name":"SET","item":"https:\/\/www.sereni-d.com\/it\/categories\/set\/"},{"@type":"ListItem","position":5,"name":"TRATTAMENTO COMPLETO contro le cimici da letto SET"}]},{"@type":"WebSite","@id":"https:\/\/www.sereni-d.com\/it\/#website","url":"https:\/\/www.sereni-d.com\/it\/","name":"Sereni-d\u00ae","description":"EXPERT Punaises de Lit - Laboratoire SUISSE - Traitements concentr\u00e9s contres les Punaises de Lit. Protection Longue Dur\u00e9e. Efficacit\u00e9 prouv\u00e9e, r\u00e9sultat maximal. Recommand\u00e9 par les professionnels.","publisher":{"@id":"https:\/\/www.sereni-d.com\/it\/#organization"},"potentialAction":[{"@type":"SearchAction","target":{"@type":"EntryPoint","urlTemplate":"https:\/\/www.sereni-d.com\/it\/?s={search_term_string}"},"query-input":{"@type":"PropertyValueSpecification","valueRequired":true,"valueName":"search_term_string"}}],"inLanguage":"it-IT"},{"@type":"Organization","@id":"https:\/\/www.sereni-d.com\/it\/#organization","name":"Sereni-d","url":"https:\/\/www.sereni-d.com\/it\/","logo":{"@type":"ImageObject","inLanguage":"it-IT","@id":"https:\/\/www.sereni-d.com\/it\/#\/schema\/logo\/image\/","url":"","contentUrl":"","caption":"Sereni-d"},"image":{"@id":"https:\/\/www.sereni-d.com\/it\/#\/schema\/logo\/image\/"},"sameAs":["https:\/\/www.facebook.com\/SereniDsante\/","https:\/\/www.instagram.com\/serenidsante\/"]}]}},"_links":{"self":[{"href":"https:\/\/www.sereni-d.com\/it\/wp-json\/wp\/v2\/product\/5291","targetHints":{"allow":["GET"]}}],"collection":[{"href":"https:\/\/www.sereni-d.com\/it\/wp-json\/wp\/v2\/product"}],"about":[{"href":"https:\/\/www.sereni-d.com\/it\/wp-json\/wp\/v2\/types\/product"}],"replies":[{"embeddable":true,"href":"https:\/\/www.sereni-d.com\/it\/wp-json\/wp\/v2\/comments?post=5291"}],"wp:featuredmedia":[{"embeddable":true,"href":"https:\/\/www.sereni-d.com\/it\/wp-json\/wp\/v2\/media\/8567"}],"wp:attachment":[{"href":"https:\/\/www.sereni-d.com\/it\/wp-json\/wp\/v2\/media?parent=5291"}],"wp:term":[{"taxonomy":"product_brand","embeddable":true,"href":"https:\/\/www.sereni-d.com\/it\/wp-json\/wp\/v2\/product_brand?post=5291"},{"taxonomy":"product_cat","embeddable":true,"href":"https:\/\/www.sereni-d.com\/it\/wp-json\/wp\/v2\/product_cat?post=5291"},{"taxonomy":"product_tag","embeddable":true,"href":"https:\/\/www.sereni-d.com\/it\/wp-json\/wp\/v2\/product_tag?post=5291"}],"curies":[{"name":"wp","href":"https:\/\/api.w.org\/{rel}","templated":true}]}}