{"id":6120,"date":"2024-05-08T10:33:57","date_gmt":"2024-05-08T08:33:57","guid":{"rendered":"https:\/\/www.sereni-d.com\/?post_type=product&#038;p=6120"},"modified":"2026-05-04T13:50:29","modified_gmt":"2026-05-04T11:50:29","slug":"freeze-cimici-dei-letti","status":"publish","type":"product","link":"https:\/\/www.sereni-d.com\/it\/produits\/freeze-cimici-dei-letti\/","title":{"rendered":"FREEZE Cimici dei Letti"},"content":{"rendered":"<p>Il trattamento <strong>FREEZE<\/strong> per le <strong>cimici dei letti<\/strong> \u00e8 un aerosol pronto all&#8217;uso i cui principi sono ispirati dalla natura ed \u00e8 stato appositamente sviluppato per uccidere le cimici dei letti e le loro uova in un contesto curativo mediante l&#8217;uso diretto.<\/p>\n<p>La sua <strong>formula congelante a -40\u00b0C<\/strong> garantisce la distruzione meccanica delle cimici dei letti in tutte le fasi di sviluppo (uova, larve, adulti) grazie a un&#8217;<strong>azione fulminante<\/strong> che le neutralizza e le distrugge istantaneamente.<\/p>\n<p>L&#8217;aerosol FREEZE non contiene alcuna sostanza attiva biocida, \u00e8 una soluzione di <strong>eliminazione delle cimici dei letti al 100% naturale<\/strong> mediante l&#8217;effetto del freddo. La sua formula ha un&#8217;<strong>immediata efficacia SHOCK<\/strong> sulle cimici dei letti.<\/p>\n<p>Spruzzato sulle cimici dei letti e sui loro nidi, l&#8217;<strong>effetto criogenico dello spray le paralizzer\u00e0<\/strong> e le uccider\u00e0 brutalmente. L&#8217;effetto del gel termico non incontra alcuna resistenza sulle cimici dei letti.<\/p>\n<p>\u00c8 anche efficace su altri insetti striscianti e volanti in casa come <strong>formiche, ragni, acari, pulci, pesciolini d&#8217;argento, tarme, pidocchi, zanzare, vespe, mosche<\/strong>&#8230;<\/p>\n<p>L&#8217;aerosol FREEZE \u00e8 il vostro migliore alleato in caso di infestazione o anche solo di minimo dubbio sulla presenza di cimici dei letti, larve o uova. \u00c8 <strong>complementare ai trattamenti per cimici dei letti SOS e TERRA DIATOMEA<\/strong>. Non contenendo <strong>alcun prodotto chimico<\/strong> o <strong>sostanza tossica residua<\/strong>, \u00e8 ideale per trattare <strong>superfici sensibili<\/strong> come una camera da letto per bambini, un materasso, un divano o anche una cucina, <strong>senza compromettere la vostra salute<\/strong> e quella della vostra famiglia. \u00c8 anche ideale per trattare <strong>zone di difficile accesso<\/strong> come battiscopa, crepe, estremit\u00e0 delle doghe dei vostri sommier&#8230;<\/p>\n<p>Garanzia di soddisfazione <strong>Sereni-d\u00ae<\/strong>: Se non siete soddisfatti del vostro acquisto, contattateci tramite la <a href=\"https:\/\/www.sereni-d.com\/it\/contatti\/\">pagina di contatto<\/a> e vi rimborseremo l&#8217;intero importo.<\/p>\n","protected":false},"excerpt":{"rendered":"<p align=\"justify\">\u2022 Trattamento naturale fulminante per cimici dei letti<br \/>\n\u2022 Uccide con il gelo il 100% delle cimici dei letti (uova, larve, adulti)<br \/>\n\u2022 Protezione immediata e non nociva per la vostra salute e quella della vostra famiglia<br \/>\n\u2022 Pi\u00f9 di 50.000 clienti Sereni-d\u00ae soddisfatti<\/p>\n<p align=\"justify\"><strong>SPRAY CONGELANTE -40\u00b0C \u2013 RISULTATO ISTANTANEO<\/strong><\/p>\n","protected":false},"featured_media":6188,"comment_status":"open","ping_status":"closed","template":"","meta":{"_acf_changed":false,"_monsterinsights_skip_tracking":false,"_monsterinsights_sitenote_active":false,"_monsterinsights_sitenote_note":"","_monsterinsights_sitenote_category":0},"product_brand":[],"product_cat":[79],"product_tag":[],"class_list":{"0":"post-6120","1":"product","2":"type-product","3":"status-publish","4":"has-post-thumbnail","6":"product_cat-prodotti","8":"first","9":"instock","10":"taxable","11":"shipping-taxable","12":"purchasable","13":"product-type-simple"},"acf":[],"yoast_head":"<!-- This site is optimized with the Yoast SEO plugin v27.4 - https:\/\/yoast.com\/product\/yoast-seo-wordpress\/ -->\n<title>FREEZE - Trattamento criogenico per cimici dei letti<\/title>\n<meta name=\"description\" content=\"Aerosol congelante -40\u00b0C. Uccide le cimici dei letti e le loro uova con il freddo. Effetto shock senza prodotti chimici\" \/>\n<meta name=\"robots\" content=\"index, follow, max-snippet:-1, max-image-preview:large, max-video-preview:-1\" \/>\n<link rel=\"canonical\" href=\"https:\/\/www.sereni-d.com\/it\/produits\/freeze-cimici-dei-letti\/\" \/>\n<meta property=\"og:locale\" content=\"it_IT\" \/>\n<meta property=\"og:type\" content=\"article\" \/>\n<meta property=\"og:title\" content=\"FREEZE - Trattamento criogenico per cimici dei letti\" \/>\n<meta property=\"og:description\" content=\"Aerosol congelante -40\u00b0C. Uccide le cimici dei letti e le loro uova con il freddo. Effetto shock senza prodotti chimici\" \/>\n<meta property=\"og:url\" content=\"https:\/\/www.sereni-d.com\/it\/produits\/freeze-cimici-dei-letti\/\" \/>\n<meta property=\"og:site_name\" content=\"Sereni-d\u00ae\" \/>\n<meta property=\"article:publisher\" content=\"https:\/\/www.facebook.com\/SereniDsante\/\" \/>\n<meta property=\"article:modified_time\" content=\"2026-05-04T11:50:29+00:00\" \/>\n<meta property=\"og:image\" content=\"https:\/\/www.sereni-d.com\/wp-content\/uploads\/2024\/08\/IT_freeze-400ml_1-scaled.jpg\" \/>\n\t<meta property=\"og:image:width\" content=\"2560\" \/>\n\t<meta property=\"og:image:height\" content=\"2560\" \/>\n\t<meta property=\"og:image:type\" content=\"image\/jpeg\" \/>\n<meta name=\"twitter:card\" content=\"summary_large_image\" \/>\n<meta name=\"twitter:label1\" content=\"Tempo di lettura stimato\" \/>\n\t<meta name=\"twitter:data1\" content=\"2 minuti\" \/>\n<script type=\"application\/ld+json\" class=\"yoast-schema-graph\">{\"@context\":\"https:\\\/\\\/schema.org\",\"@graph\":[{\"@type\":\"WebPage\",\"@id\":\"https:\\\/\\\/www.sereni-d.com\\\/it\\\/produits\\\/freeze-cimici-dei-letti\\\/\",\"url\":\"https:\\\/\\\/www.sereni-d.com\\\/it\\\/produits\\\/freeze-cimici-dei-letti\\\/\",\"name\":\"FREEZE - Trattamento criogenico per cimici dei letti\",\"isPartOf\":{\"@id\":\"https:\\\/\\\/www.sereni-d.com\\\/it\\\/#website\"},\"primaryImageOfPage\":{\"@id\":\"https:\\\/\\\/www.sereni-d.com\\\/it\\\/produits\\\/freeze-cimici-dei-letti\\\/#primaryimage\"},\"image\":{\"@id\":\"https:\\\/\\\/www.sereni-d.com\\\/it\\\/produits\\\/freeze-cimici-dei-letti\\\/#primaryimage\"},\"thumbnailUrl\":\"https:\\\/\\\/www.sereni-d.com\\\/wp-content\\\/uploads\\\/2024\\\/08\\\/IT_freeze-400ml_1-scaled.jpg\",\"datePublished\":\"2024-05-08T08:33:57+00:00\",\"dateModified\":\"2026-05-04T11:50:29+00:00\",\"description\":\"Aerosol congelante -40\u00b0C. Uccide le cimici dei letti e le loro uova con il freddo. Effetto shock senza prodotti chimici\",\"breadcrumb\":{\"@id\":\"https:\\\/\\\/www.sereni-d.com\\\/it\\\/produits\\\/freeze-cimici-dei-letti\\\/#breadcrumb\"},\"inLanguage\":\"it-IT\",\"potentialAction\":[{\"@type\":\"ReadAction\",\"target\":[\"https:\\\/\\\/www.sereni-d.com\\\/it\\\/produits\\\/freeze-cimici-dei-letti\\\/\"]}]},{\"@type\":\"ImageObject\",\"inLanguage\":\"it-IT\",\"@id\":\"https:\\\/\\\/www.sereni-d.com\\\/it\\\/produits\\\/freeze-cimici-dei-letti\\\/#primaryimage\",\"url\":\"https:\\\/\\\/www.sereni-d.com\\\/wp-content\\\/uploads\\\/2024\\\/08\\\/IT_freeze-400ml_1-scaled.jpg\",\"contentUrl\":\"https:\\\/\\\/www.sereni-d.com\\\/wp-content\\\/uploads\\\/2024\\\/08\\\/IT_freeze-400ml_1-scaled.jpg\",\"width\":2560,\"height\":2560,\"caption\":\"Aerosol FREEZE cryo cimici da letto\"},{\"@type\":\"BreadcrumbList\",\"@id\":\"https:\\\/\\\/www.sereni-d.com\\\/it\\\/produits\\\/freeze-cimici-dei-letti\\\/#breadcrumb\",\"itemListElement\":[{\"@type\":\"ListItem\",\"position\":1,\"name\":\"Home page\",\"item\":\"https:\\\/\\\/www.sereni-d.com\\\/it\\\/\"},{\"@type\":\"ListItem\",\"position\":2,\"name\":\"Negozio\",\"item\":\"https:\\\/\\\/www.sereni-d.com\\\/it\\\/negozio\\\/\"},{\"@type\":\"ListItem\",\"position\":3,\"name\":\"Punaise de lit\",\"item\":\"https:\\\/\\\/www.sereni-d.com\\\/categories\\\/punaise-de-lit\\\/\"},{\"@type\":\"ListItem\",\"position\":4,\"name\":\"Prodotti\",\"item\":\"https:\\\/\\\/www.sereni-d.com\\\/it\\\/categories\\\/prodotti\\\/\"},{\"@type\":\"ListItem\",\"position\":5,\"name\":\"FREEZE Cimici dei Letti\"}]},{\"@type\":\"WebSite\",\"@id\":\"https:\\\/\\\/www.sereni-d.com\\\/it\\\/#website\",\"url\":\"https:\\\/\\\/www.sereni-d.com\\\/it\\\/\",\"name\":\"Sereni-d\u00ae\",\"description\":\"EXPERT Punaises de Lit - Laboratoire SUISSE - Traitements concentr\u00e9s contres les Punaises de Lit. Protection Longue Dur\u00e9e. Efficacit\u00e9 prouv\u00e9e, r\u00e9sultat maximal. Recommand\u00e9 par les professionnels.\",\"publisher\":{\"@id\":\"https:\\\/\\\/www.sereni-d.com\\\/it\\\/#organization\"},\"potentialAction\":[{\"@type\":\"SearchAction\",\"target\":{\"@type\":\"EntryPoint\",\"urlTemplate\":\"https:\\\/\\\/www.sereni-d.com\\\/it\\\/?s={search_term_string}\"},\"query-input\":{\"@type\":\"PropertyValueSpecification\",\"valueRequired\":true,\"valueName\":\"search_term_string\"}}],\"inLanguage\":\"it-IT\"},{\"@type\":\"Organization\",\"@id\":\"https:\\\/\\\/www.sereni-d.com\\\/it\\\/#organization\",\"name\":\"Sereni-d\",\"url\":\"https:\\\/\\\/www.sereni-d.com\\\/it\\\/\",\"logo\":{\"@type\":\"ImageObject\",\"inLanguage\":\"it-IT\",\"@id\":\"https:\\\/\\\/www.sereni-d.com\\\/it\\\/#\\\/schema\\\/logo\\\/image\\\/\",\"url\":\"\",\"contentUrl\":\"\",\"caption\":\"Sereni-d\"},\"image\":{\"@id\":\"https:\\\/\\\/www.sereni-d.com\\\/it\\\/#\\\/schema\\\/logo\\\/image\\\/\"},\"sameAs\":[\"https:\\\/\\\/www.facebook.com\\\/SereniDsante\\\/\",\"https:\\\/\\\/www.instagram.com\\\/serenidsante\\\/\"]}]}<\/script>\n<!-- \/ Yoast SEO plugin. -->","yoast_head_json":{"title":"FREEZE - Trattamento criogenico per cimici dei letti","description":"Aerosol congelante -40\u00b0C. Uccide le cimici dei letti e le loro uova con il freddo. Effetto shock senza prodotti chimici","robots":{"index":"index","follow":"follow","max-snippet":"max-snippet:-1","max-image-preview":"max-image-preview:large","max-video-preview":"max-video-preview:-1"},"canonical":"https:\/\/www.sereni-d.com\/it\/produits\/freeze-cimici-dei-letti\/","og_locale":"it_IT","og_type":"article","og_title":"FREEZE - Trattamento criogenico per cimici dei letti","og_description":"Aerosol congelante -40\u00b0C. Uccide le cimici dei letti e le loro uova con il freddo. Effetto shock senza prodotti chimici","og_url":"https:\/\/www.sereni-d.com\/it\/produits\/freeze-cimici-dei-letti\/","og_site_name":"Sereni-d\u00ae","article_publisher":"https:\/\/www.facebook.com\/SereniDsante\/","article_modified_time":"2026-05-04T11:50:29+00:00","og_image":[{"width":2560,"height":2560,"url":"https:\/\/www.sereni-d.com\/wp-content\/uploads\/2024\/08\/IT_freeze-400ml_1-scaled.jpg","type":"image\/jpeg"}],"twitter_card":"summary_large_image","twitter_misc":{"Tempo di lettura stimato":"2 minuti"},"schema":{"@context":"https:\/\/schema.org","@graph":[{"@type":"WebPage","@id":"https:\/\/www.sereni-d.com\/it\/produits\/freeze-cimici-dei-letti\/","url":"https:\/\/www.sereni-d.com\/it\/produits\/freeze-cimici-dei-letti\/","name":"FREEZE - Trattamento criogenico per cimici dei letti","isPartOf":{"@id":"https:\/\/www.sereni-d.com\/it\/#website"},"primaryImageOfPage":{"@id":"https:\/\/www.sereni-d.com\/it\/produits\/freeze-cimici-dei-letti\/#primaryimage"},"image":{"@id":"https:\/\/www.sereni-d.com\/it\/produits\/freeze-cimici-dei-letti\/#primaryimage"},"thumbnailUrl":"https:\/\/www.sereni-d.com\/wp-content\/uploads\/2024\/08\/IT_freeze-400ml_1-scaled.jpg","datePublished":"2024-05-08T08:33:57+00:00","dateModified":"2026-05-04T11:50:29+00:00","description":"Aerosol congelante -40\u00b0C. Uccide le cimici dei letti e le loro uova con il freddo. Effetto shock senza prodotti chimici","breadcrumb":{"@id":"https:\/\/www.sereni-d.com\/it\/produits\/freeze-cimici-dei-letti\/#breadcrumb"},"inLanguage":"it-IT","potentialAction":[{"@type":"ReadAction","target":["https:\/\/www.sereni-d.com\/it\/produits\/freeze-cimici-dei-letti\/"]}]},{"@type":"ImageObject","inLanguage":"it-IT","@id":"https:\/\/www.sereni-d.com\/it\/produits\/freeze-cimici-dei-letti\/#primaryimage","url":"https:\/\/www.sereni-d.com\/wp-content\/uploads\/2024\/08\/IT_freeze-400ml_1-scaled.jpg","contentUrl":"https:\/\/www.sereni-d.com\/wp-content\/uploads\/2024\/08\/IT_freeze-400ml_1-scaled.jpg","width":2560,"height":2560,"caption":"Aerosol FREEZE cryo cimici da letto"},{"@type":"BreadcrumbList","@id":"https:\/\/www.sereni-d.com\/it\/produits\/freeze-cimici-dei-letti\/#breadcrumb","itemListElement":[{"@type":"ListItem","position":1,"name":"Home page","item":"https:\/\/www.sereni-d.com\/it\/"},{"@type":"ListItem","position":2,"name":"Negozio","item":"https:\/\/www.sereni-d.com\/it\/negozio\/"},{"@type":"ListItem","position":3,"name":"Punaise de lit","item":"https:\/\/www.sereni-d.com\/categories\/punaise-de-lit\/"},{"@type":"ListItem","position":4,"name":"Prodotti","item":"https:\/\/www.sereni-d.com\/it\/categories\/prodotti\/"},{"@type":"ListItem","position":5,"name":"FREEZE Cimici dei Letti"}]},{"@type":"WebSite","@id":"https:\/\/www.sereni-d.com\/it\/#website","url":"https:\/\/www.sereni-d.com\/it\/","name":"Sereni-d\u00ae","description":"EXPERT Punaises de Lit - Laboratoire SUISSE - Traitements concentr\u00e9s contres les Punaises de Lit. Protection Longue Dur\u00e9e. Efficacit\u00e9 prouv\u00e9e, r\u00e9sultat maximal. Recommand\u00e9 par les professionnels.","publisher":{"@id":"https:\/\/www.sereni-d.com\/it\/#organization"},"potentialAction":[{"@type":"SearchAction","target":{"@type":"EntryPoint","urlTemplate":"https:\/\/www.sereni-d.com\/it\/?s={search_term_string}"},"query-input":{"@type":"PropertyValueSpecification","valueRequired":true,"valueName":"search_term_string"}}],"inLanguage":"it-IT"},{"@type":"Organization","@id":"https:\/\/www.sereni-d.com\/it\/#organization","name":"Sereni-d","url":"https:\/\/www.sereni-d.com\/it\/","logo":{"@type":"ImageObject","inLanguage":"it-IT","@id":"https:\/\/www.sereni-d.com\/it\/#\/schema\/logo\/image\/","url":"","contentUrl":"","caption":"Sereni-d"},"image":{"@id":"https:\/\/www.sereni-d.com\/it\/#\/schema\/logo\/image\/"},"sameAs":["https:\/\/www.facebook.com\/SereniDsante\/","https:\/\/www.instagram.com\/serenidsante\/"]}]}},"_links":{"self":[{"href":"https:\/\/www.sereni-d.com\/it\/wp-json\/wp\/v2\/product\/6120","targetHints":{"allow":["GET"]}}],"collection":[{"href":"https:\/\/www.sereni-d.com\/it\/wp-json\/wp\/v2\/product"}],"about":[{"href":"https:\/\/www.sereni-d.com\/it\/wp-json\/wp\/v2\/types\/product"}],"replies":[{"embeddable":true,"href":"https:\/\/www.sereni-d.com\/it\/wp-json\/wp\/v2\/comments?post=6120"}],"wp:featuredmedia":[{"embeddable":true,"href":"https:\/\/www.sereni-d.com\/it\/wp-json\/wp\/v2\/media\/6188"}],"wp:attachment":[{"href":"https:\/\/www.sereni-d.com\/it\/wp-json\/wp\/v2\/media?parent=6120"}],"wp:term":[{"taxonomy":"product_brand","embeddable":true,"href":"https:\/\/www.sereni-d.com\/it\/wp-json\/wp\/v2\/product_brand?post=6120"},{"taxonomy":"product_cat","embeddable":true,"href":"https:\/\/www.sereni-d.com\/it\/wp-json\/wp\/v2\/product_cat?post=6120"},{"taxonomy":"product_tag","embeddable":true,"href":"https:\/\/www.sereni-d.com\/it\/wp-json\/wp\/v2\/product_tag?post=6120"}],"curies":[{"name":"wp","href":"https:\/\/api.w.org\/{rel}","templated":true}]}}